{"id":917,"date":"2023-11-03T17:41:40","date_gmt":"2023-11-03T14:41:40","guid":{"rendered":"https:\/\/elfuratas.lt\/?post_type=product&#038;p=917"},"modified":"2024-10-30T14:26:55","modified_gmt":"2024-10-30T11:26:55","slug":"zaidimas-kas-greiciau-ras-su-skambuciu","status":"publish","type":"product","link":"https:\/\/elfuratas.lt\/index.php\/product\/zaidimas-kas-greiciau-ras-su-skambuciu\/","title":{"rendered":"\u017daidimas \u201eKas grei\u010diau ras?\u201c su skambu\u010diu"},"content":{"rendered":"<p>\u0160eimos stalo \u017eaidimas &#8211; puikus b\u016bdas smagiai leisti laik\u0105 kartu! Ilgas vakaras grei\u010diau praeis, \u017eaid\u017eiant \u0161\u012f smag\u0173 \u201eKas grei\u010diau ras?\u201c \u017eaidim\u0105!<\/p>\n<p><strong>STEB\u0116JIMO KORT\u0172 \u017dAIDIMAS &#8211; IE\u0160KANT POR\u0172 SU PAVEIKSL\u0116LIAIS<\/strong><\/p>\n<p>\u0160is steb\u0117jimo \u017eaidimas yra fantasti\u0161kas b\u016bdas pab\u0117gti nuo nuobodulio. Jo paprastos taisykl\u0117s leid\u017eia m\u0117gautis \u017eaidimu tiek jaunesniems, tiek vyresniems \u017eaid\u0117jams. Tai universali pramoga, kuri tiks bet kokiai situacijai, nepriklausomai nuo \u017eaid\u0117jo am\u017eiaus! \u017daidim\u0105 gali \u017eaisti 2 ar daugiau \u017eaid\u0117j\u0173 &#8211; kuo daugiau \u017eaid\u0117j\u0173, tuo didesn\u0117 \u012ftampa tarp j\u0173, kuriam pavyks grei\u010diausiai rasti por\u0105 paveiksl\u0173!<\/p>\n<p>\u017daidimo eiga labia greita ir joje tikrai n\u0117ra nuobodulio! Kas kart\u0105 \u017eaidimas kupinas \u012fsp\u016bd\u017ei\u0173 ir nuotyki\u0173.<\/p>\n<p><strong>\u017daidimo taisykl\u0117s<\/strong><\/p>\n<p>\u017daidim\u0105 galima \u017eaisti dviem b\u016bdais. Rinkinyje yra skambutis, kur\u012f \u017eaid\u0117jai gali spausti, kai randa por\u0105 paveiksl\u0173 &#8211; tai parodo, kuris \u017eaid\u0117jas buvo grei\u010diausias!<\/p>\n<p><span style=\"text-decoration: underline;\">Pirmame \u017eaidimo variante<\/span> visos kortos turi b\u016bti paskirstytos tarp \u017eaid\u0117j\u0173, paliekant vien\u0105 kort\u0105 ant stalo pusiau atverst\u0105. \u017daid\u0117j\u0173 u\u017eduotis yra rasti paveiksl\u0173 por\u0105 tarp vir\u0161utin\u0117s kortos, kuri\u0105 turi rankoje, ir kortos, kuri yra ant stalo. \u017daid\u0117jas, kuris pirmas atranda paveiksl\u0117l\u012f, atsirandant\u012f ant abiej\u0173 kort\u0173, laimi raund\u0105 ir deda kort\u0105 i\u0161 rankos ant stalo kortos. \u017daid\u0117jai tuomet jau derina savo korteles su naujai pad\u0117ta korta. \u017daidimas baigiasi, kai jie atsikrato vis\u0173 kort\u0173 &#8211; nugal\u0117tojas yra tas, kuris tai padar\u0117 grei\u010diausiai.<\/p>\n<p><span style=\"text-decoration: underline;\">Antrasis \u017eaidimo variantas<\/span> yra prie\u0161ingas &#8211; \u017eaidimo pabaigoje jums reikia tur\u0117ti daugiausiai kort\u0173 i\u0161 vis\u0173 \u017eaid\u0117j\u0173. Kiekvienam \u017eaid\u0117jui turi b\u016bti i\u0161dalinta po vien\u0105 kort\u0105, o likusios turi b\u016bti dedamos ant stalo. Kaip ir pirmajame variante, \u017eaid\u0117jai ie\u0161ko por\u0173, i\u0161skyrus tai, kad radus bendr\u0105 paveiksl\u0117l\u012f, korta nuo stalo paimama, o ant stalo atver\u010diama kita ir pagal j\u0105 ie\u0161koma kita pora. \u017daidim\u0105 laimi \u017eaid\u0117jas, kuris surenka daugiausiai kort\u0173.<\/p>\n<p><strong>\u0160EIMOS KORT\u0172 \u017dAIDIMAS &#8211; FANTASTI\u0160KAS B\u016aDAS STIPRINTI RY\u0160IUS<\/strong><\/p>\n<p>Kartu \u017eaisti visai \u0161eimai yra puikus b\u016bdas gilinti bendr\u0105 ry\u0161\u012f. \u017daidimas leid\u017eia \u017eaid\u0117jams var\u017eytis vienas prie\u0161 kit\u0105, apjungiant juos linksma ir \u012fdomia pramoga. \u017daidimas u\u017etikrins ne tik ger\u0105 nuotaik\u0105, bet ir kiekvieno \u017eaid\u0117jo intelektinius ir rank\u0173 \u012fg\u016bd\u017eius. Greitai pasteb\u0117ti paveiksl\u0173 poras reikalaus didelio susikaupimo ir reflekso.<\/p>\n<p><strong>Komplekte:<\/strong><\/p>\n<ul>\n<li>Kortos x54<\/li>\n<li>Skambutis<\/li>\n<\/ul>\n<p>Rekomenduojamas am\u017eius\u00a0 3+<br \/>\nMed\u017eiaga: kartonas, plastmas\u0117 E<br \/>\n\u017daid\u0117j\u0173 skai\u010dius: 2+<\/p>\n<p>Matmenys:<\/p>\n<ul>\n<li>Kortel\u0117: 7,5 cm x 7,5 cm<\/li>\n<li>Skambutis: 7 cm x 4 cm<\/li>\n<\/ul>\n","protected":false},"excerpt":{"rendered":"<p>\u0160eimos stalo \u017eaidimas &#8211; puikus b\u016bdas smagiai leisti laik\u0105 kartu! Ilgas vakaras grei\u010diau praeis, \u017eaid\u017eiant \u0161\u012f smag\u0173 \u201eKas grei\u010diau ras?\u201c \u017eaidim\u0105! STEB\u0116JIMO KORT\u0172 \u017dAIDIMAS &#8211; IE\u0160KANT POR\u0172 SU PAVEIKSL\u0116LIAIS \u0160is steb\u0117jimo \u017eaidimas yra fantasti\u0161kas b\u016bdas pab\u0117gti nuo nuobodulio. Jo paprastos taisykl\u0117s leid\u017eia m\u0117gautis \u017eaidimu tiek jaunesniems, tiek vyresniems \u017eaid\u0117jams. Tai universali pramoga, kuri tiks bet<\/p>\n<div class=\"more-link\">\n\t\t\t\t <a href=\"https:\/\/elfuratas.lt\/index.php\/product\/zaidimas-kas-greiciau-ras-su-skambuciu\/\" class=\"link-btn\"><span>Skaityti toliau <\/span> <i class=\"icofont-thin-double-right\"><\/i><\/a>\n\t\t\t<\/div>\n","protected":false},"featured_media":926,"template":"","meta":[],"product_brand":[],"product_cat":[68],"product_tag":[],"class_list":{"0":"post-917","1":"product","2":"type-product","3":"status-publish","4":"has-post-thumbnail","6":"product_cat-stalo-zaidimai","8":"first","9":"outofstock","10":"taxable","11":"shipping-taxable","12":"purchasable","13":"product-type-simple"},"_links":{"self":[{"href":"https:\/\/elfuratas.lt\/index.php\/wp-json\/wp\/v2\/product\/917","targetHints":{"allow":["GET"]}}],"collection":[{"href":"https:\/\/elfuratas.lt\/index.php\/wp-json\/wp\/v2\/product"}],"about":[{"href":"https:\/\/elfuratas.lt\/index.php\/wp-json\/wp\/v2\/types\/product"}],"wp:featuredmedia":[{"embeddable":true,"href":"https:\/\/elfuratas.lt\/index.php\/wp-json\/wp\/v2\/media\/926"}],"wp:attachment":[{"href":"https:\/\/elfuratas.lt\/index.php\/wp-json\/wp\/v2\/media?parent=917"}],"wp:term":[{"taxonomy":"product_brand","embeddable":true,"href":"https:\/\/elfuratas.lt\/index.php\/wp-json\/wp\/v2\/product_brand?post=917"},{"taxonomy":"product_cat","embeddable":true,"href":"https:\/\/elfuratas.lt\/index.php\/wp-json\/wp\/v2\/product_cat?post=917"},{"taxonomy":"product_tag","embeddable":true,"href":"https:\/\/elfuratas.lt\/index.php\/wp-json\/wp\/v2\/product_tag?post=917"}],"curies":[{"name":"wp","href":"https:\/\/api.w.org\/{rel}","templated":true}]}}