{"id":908,"date":"2023-11-02T19:54:34","date_gmt":"2023-11-02T16:54:34","guid":{"rendered":"https:\/\/elfuratas.lt\/?post_type=product&#038;p=908"},"modified":"2024-12-16T19:14:41","modified_gmt":"2024-12-16T16:14:41","slug":"zaidimas-astronautai","status":"publish","type":"product","link":"https:\/\/elfuratas.lt\/index.php\/product\/zaidimas-astronautai\/","title":{"rendered":"\u017daidimas \u201eAstronautai\u201c"},"content":{"rendered":"<p>Kosmin\u0117s pramogos! Klasikinis \u017eaidimas naujoje versijoje. Neleiskite astronautams paliesti \u017eem\u0117s!<\/p>\n<p>\u0160is \u017eaidimas puikiai tinka vystyti rank\u0173 \u012fg\u016bd\u017eius ir akis &#8211; pagaliukai turi b\u016bti atsargiai i\u0161traukti, stengiantis, jog fig\u016bros nenukrist\u0173. \u017daidimas moko steb\u0117jimo jausmo ir erdvin\u0117s vaizduot\u0117s &#8211; vaikai turi pasteb\u0117ti, kas vyksta raketos viduje, ir susieti savo kit\u0105 \u017eingsn\u012f su tuo. Dar daugiau, jie turi i\u0161mokti valdyti savo k\u016bn\u0105 ir rankas, kad per daug astronaut\u0173 nenukrist\u0173.<\/p>\n<p>Puikus \u017eaidimas visai \u0161eimai, kuris ne tik kuria pramogas, bet ir moko.<\/p>\n<p><strong>\u017daidimo taisykl\u0117s:<\/strong><\/p>\n<p>Pad\u0117kite visus pagaliukus\/rankenas numatytose vietose. Tada \u012fleiskite astronautus per vir\u0161utin\u0119 skyl\u0119. \u017daidimo tikslas yra i\u0161traukti laikrod\u017eio nurodytos spalvos pagaliukus. Laimi tas \u017emogus, kuriam ma\u017eiausiai fig\u016br\u0173 i\u0161krenta i\u0161traukiant.<\/p>\n<p><strong>Rinkinio sud\u0117tis:<\/strong><\/p>\n<ul>\n<li>raketos modelis<\/li>\n<li>30 astronaut\u0173<\/li>\n<li>30 pagaliuk\u0173<\/li>\n<li>1 laikrodis<\/li>\n<\/ul>\n<p>Med\u017eiaga: plastmas\u0117<\/p>\n<p>Rekomenduojamas vaiko am\u017eius nuo 4 met\u0173<\/p>\n<p>\u017daid\u0117j\u0173 skai\u010dius: 2-4 \u017emon\u0117s<\/p>\n<p><strong>Matmenys:<\/strong><\/p>\n<ul>\n<li>Raketos modelis: 12,5 cm x 12,5 cm x 28 cm<\/li>\n<li>Kosmonaut\u0173 matmenys: 2 cm x 4 cm<\/li>\n<li>Laikrod\u017eio skersmuo: 6,5 cm<\/li>\n<li>Pagaliuko ilgis: 17 cm<\/li>\n<\/ul>\n","protected":false},"excerpt":{"rendered":"<p>Kosmin\u0117s pramogos! Klasikinis \u017eaidimas naujoje versijoje. Neleiskite astronautams paliesti \u017eem\u0117s! \u0160is \u017eaidimas puikiai tinka vystyti rank\u0173 \u012fg\u016bd\u017eius ir akis &#8211; pagaliukai turi b\u016bti atsargiai i\u0161traukti, stengiantis, jog fig\u016bros nenukrist\u0173. \u017daidimas moko steb\u0117jimo jausmo ir erdvin\u0117s vaizduot\u0117s &#8211; vaikai turi pasteb\u0117ti, kas vyksta raketos viduje, ir susieti savo kit\u0105 \u017eingsn\u012f su tuo. Dar daugiau, jie turi<\/p>\n<div class=\"more-link\">\n\t\t\t\t <a href=\"https:\/\/elfuratas.lt\/index.php\/product\/zaidimas-astronautai\/\" class=\"link-btn\"><span>Skaityti toliau <\/span> <i class=\"icofont-thin-double-right\"><\/i><\/a>\n\t\t\t<\/div>\n","protected":false},"featured_media":916,"template":"","meta":[],"product_brand":[],"product_cat":[68],"product_tag":[],"class_list":{"0":"post-908","1":"product","2":"type-product","3":"status-publish","4":"has-post-thumbnail","6":"product_cat-stalo-zaidimai","8":"first","9":"instock","10":"taxable","11":"shipping-taxable","12":"purchasable","13":"product-type-simple"},"_links":{"self":[{"href":"https:\/\/elfuratas.lt\/index.php\/wp-json\/wp\/v2\/product\/908","targetHints":{"allow":["GET"]}}],"collection":[{"href":"https:\/\/elfuratas.lt\/index.php\/wp-json\/wp\/v2\/product"}],"about":[{"href":"https:\/\/elfuratas.lt\/index.php\/wp-json\/wp\/v2\/types\/product"}],"wp:featuredmedia":[{"embeddable":true,"href":"https:\/\/elfuratas.lt\/index.php\/wp-json\/wp\/v2\/media\/916"}],"wp:attachment":[{"href":"https:\/\/elfuratas.lt\/index.php\/wp-json\/wp\/v2\/media?parent=908"}],"wp:term":[{"taxonomy":"product_brand","embeddable":true,"href":"https:\/\/elfuratas.lt\/index.php\/wp-json\/wp\/v2\/product_brand?post=908"},{"taxonomy":"product_cat","embeddable":true,"href":"https:\/\/elfuratas.lt\/index.php\/wp-json\/wp\/v2\/product_cat?post=908"},{"taxonomy":"product_tag","embeddable":true,"href":"https:\/\/elfuratas.lt\/index.php\/wp-json\/wp\/v2\/product_tag?post=908"}],"curies":[{"name":"wp","href":"https:\/\/api.w.org\/{rel}","templated":true}]}}