{"id":900,"date":"2023-11-02T19:23:43","date_gmt":"2023-11-02T16:23:43","guid":{"rendered":"https:\/\/elfuratas.lt\/?post_type=product&#038;p=900"},"modified":"2025-01-16T19:33:04","modified_gmt":"2025-01-16T16:33:04","slug":"magiskas-smelis","status":"publish","type":"product","link":"https:\/\/elfuratas.lt\/index.php\/product\/magiskas-smelis\/","title":{"rendered":"Magi\u0161kas sm\u0117lis"},"content":{"rendered":"<p>Ma\u017eame mai\u0161elyje u\u017edaryta magija, pripildyta sm\u0117lio. Kas tai? \u012evairiai spalvintas milteliai savo konsistencija apgaunan\u010diai primena nat\u016bral\u0173 d\u017eiovint\u0105 sm\u0117l\u012f. Ta\u010diau tai toli gra\u017eu ne paprastas sm\u0117lis! \u017daid\u017eiant i\u0161ry\u0161k\u0117ja stebuklingus sm\u0117lio savybes.<\/p>\n<p>\u012epilkite sm\u0117lio \u012f permatom\u0105 talp\u0105, pripild\u0119 j\u0105 vandens, ir bandykite formuoti po vandeniu pyrag\u0117lius arba supilti pil\u012f j\u016bros b\u016btyb\u0117ms.<\/p>\n<p>Tikra magija!<\/p>\n<p>Sm\u0117lis i\u0161traukus i\u0161 vandens yra sausas. Jo plastin\u0117s savyb\u0117s aktyvuojamos tik vandenyje.<\/p>\n<p>\u017daisti su sm\u0117liu tai tikras malonumas! Stebuklingi milteliai nesukels namuose purvo ir neliks riebi\u0173 d\u0117mi\u0173. \u0160ie stebuklingi milteliai yra puiki \u017eaidim\u0173 galimyb\u0117 kiekvienam ma\u017eam tyr\u0117jui, kuris m\u0117gsta eksperimentus. Leiskite savo vaikui tapti architektu ir m\u0117gautis savo projektu. B\u016bkite tikri, kad \u017eaidimas su sm\u0117liu \u012ftrauks ma\u017eyl\u012f ilgam ir suteiks jam daug d\u017eiaugsmo. Tai s\u0117kmingai pakeis tikr\u0105 sm\u0117lio d\u0117\u017e\u0119, kai lauke lyja ar \u017eiemos metu.<\/p>\n<p>Stebuklingas vandens sm\u0117lis yra fantasti\u0161k\u0173 pramog\u0173 pasi\u016blymas, skatinantis j\u016bs\u0173 vaiko tinkam\u0105 vystym\u0105si. K\u016br\u0117jui kur\u0307iant, jis pl\u0117s k\u016brybin\u012f m\u0105stym\u0105, skatins galimyb\u0119 i\u0161silieti k\u016bryboje, tobulins rank\u0173 \u012fg\u016bd\u017eius.<\/p>\n<p><strong>Rinkinio sud\u0117tis:<\/strong><\/p>\n<ul>\n<li>sm\u0117lis 300g<\/li>\n<li>2 \u017euvys<\/li>\n<li>1 ruonis<\/li>\n<li>1 j\u016bros \u017evaig\u017ed\u0117<\/li>\n<\/ul>\n<p>\u017duv\u0173 matmenys: 4 cm x 4,5 cm<\/p>\n","protected":false},"excerpt":{"rendered":"<p>Ma\u017eame mai\u0161elyje u\u017edaryta magija, pripildyta sm\u0117lio. Kas tai? \u012evairiai spalvintas milteliai savo konsistencija apgaunan\u010diai primena nat\u016bral\u0173 d\u017eiovint\u0105 sm\u0117l\u012f. Ta\u010diau tai toli gra\u017eu ne paprastas sm\u0117lis! \u017daid\u017eiant i\u0161ry\u0161k\u0117ja stebuklingus sm\u0117lio savybes. \u012epilkite sm\u0117lio \u012f permatom\u0105 talp\u0105, pripild\u0119 j\u0105 vandens, ir bandykite formuoti po vandeniu pyrag\u0117lius arba supilti pil\u012f j\u016bros b\u016btyb\u0117ms. Tikra magija! Sm\u0117lis i\u0161traukus i\u0161 vandens<\/p>\n<div class=\"more-link\">\n\t\t\t\t <a href=\"https:\/\/elfuratas.lt\/index.php\/product\/magiskas-smelis\/\" class=\"link-btn\"><span>Skaityti toliau <\/span> <i class=\"icofont-thin-double-right\"><\/i><\/a>\n\t\t\t<\/div>\n","protected":false},"featured_media":906,"template":"","meta":[],"product_brand":[],"product_cat":[16],"product_tag":[],"class_list":{"0":"post-900","1":"product","2":"type-product","3":"status-publish","4":"has-post-thumbnail","6":"product_cat-rankdarbiai","8":"first","9":"outofstock","10":"taxable","11":"shipping-taxable","12":"purchasable","13":"product-type-simple"},"_links":{"self":[{"href":"https:\/\/elfuratas.lt\/index.php\/wp-json\/wp\/v2\/product\/900","targetHints":{"allow":["GET"]}}],"collection":[{"href":"https:\/\/elfuratas.lt\/index.php\/wp-json\/wp\/v2\/product"}],"about":[{"href":"https:\/\/elfuratas.lt\/index.php\/wp-json\/wp\/v2\/types\/product"}],"wp:featuredmedia":[{"embeddable":true,"href":"https:\/\/elfuratas.lt\/index.php\/wp-json\/wp\/v2\/media\/906"}],"wp:attachment":[{"href":"https:\/\/elfuratas.lt\/index.php\/wp-json\/wp\/v2\/media?parent=900"}],"wp:term":[{"taxonomy":"product_brand","embeddable":true,"href":"https:\/\/elfuratas.lt\/index.php\/wp-json\/wp\/v2\/product_brand?post=900"},{"taxonomy":"product_cat","embeddable":true,"href":"https:\/\/elfuratas.lt\/index.php\/wp-json\/wp\/v2\/product_cat?post=900"},{"taxonomy":"product_tag","embeddable":true,"href":"https:\/\/elfuratas.lt\/index.php\/wp-json\/wp\/v2\/product_tag?post=900"}],"curies":[{"name":"wp","href":"https:\/\/api.w.org\/{rel}","templated":true}]}}