{"id":894,"date":"2023-11-01T22:39:28","date_gmt":"2023-11-01T19:39:28","guid":{"rendered":"https:\/\/elfuratas.lt\/?post_type=product&#038;p=894"},"modified":"2025-02-05T19:47:56","modified_gmt":"2025-02-05T16:47:56","slug":"piesbaisos-monstru-piesimo-zaidimas","status":"publish","type":"product","link":"https:\/\/elfuratas.lt\/index.php\/product\/piesbaisos-monstru-piesimo-zaidimas\/","title":{"rendered":"Pie\u0161baisos &#8211; monstr\u0173 pie\u0161imo \u017eaidimas"},"content":{"rendered":"<p>Paimkite lap\u0105, pie\u0161tuk\u0105, \u017eaidimo korteles, nupie\u0161kite savo paties monstr\u0105 ir pavadinkite j\u012f. Ar gal\u0117site i\u0161tarti jo vard\u0105? O k\u0105 gi dar pabandyti \u017eaid\u017eiant&#8230; i\u0161trinti monstr\u0105? O gal pad\u0117site monstrams, kurie prarado savo k\u016bno dalis, v\u0117l jas susirasti? Yra net 9 smag\u016bs \u017eaidimo variantai!<\/p>\n<p>Kas lavinama:<\/p>\n<ul>\n<li>smulkiosios motorikos \u012fg\u016bd\u017eiai,<\/li>\n<li>\u017eod\u017ei\u0173 dalijimas \u012f skiemenis ir \u017eod\u017ei\u0173 sud\u0117liojimas i\u0161 skiemen\u0173,<\/li>\n<li>pie\u0161imas,<\/li>\n<li>empatija,<\/li>\n<li>pavadinim\u0173 suteikimas.<\/li>\n<\/ul>\n<p>Rinkinyje:<\/p>\n<ul>\n<li>55 kortel\u0117s,<\/li>\n<li>naudojimo instrukcija.<\/li>\n<\/ul>\n<p>Pagrindin\u0117s savyb\u0117s:<\/p>\n<ul>\n<li>iki 9 \u017eaidimo variant\u0173 &#8211; skirtingi sunkumo lygiai,<\/li>\n<li>smulkiosios motorikos \u012fg\u016bd\u017ei\u0173 lavinimas,<\/li>\n<li>\u012fvadas \u012f pie\u0161im\u0105 ir ra\u0161ym\u0105,<\/li>\n<li>puikus \u012frankis kalb\u0117ti apie emocijas,<\/li>\n<li>\u017eaidimas, kuris suteikia daug galimybi\u0173 mokytojams, aukl\u0117tojams, terapeutams,<\/li>\n<li>rekomenduojama psicholog\u0173,<\/li>\n<li>\u017eaidimas su Ekologi\u0161ko \u017eaidimo sertifikatu.<\/li>\n<li>\u017eaidimas pagamintas naudojant Biocidal Coating technologij\u0105.<\/li>\n<\/ul>\n<p><strong>Taisykli\u0173 greita versija:<\/strong><\/p>\n<ol>\n<li>Paruo\u0161kite lapus ir pie\u0161tukus.<\/li>\n<li>I\u0161d\u0117stykite kalad\u0117s tokia tvarka: k\u016bnas, akys, burna, nosis, atributai.<\/li>\n<li>Kiekvienas i\u0161traukia kortel\u0119 i\u0161 pirmosios kalad\u0117s ir pie\u0161ia monstr\u0173 siluet\u0105.<\/li>\n<li>Tada i\u0161 kiekvienos kitos kalad\u0117s pasirenkama po vien\u0105 kortel\u0119 ir visa b\u016btyb\u0117 brai\u017eoma eil\u0117s tvarka, taip pat u\u017era\u0161ant jos vard\u0105, kuris i\u0161kyla i\u0161 kortel\u0117se esan\u010di\u0173 skiemen\u0173.<\/li>\n<li>Palyginame piesinius ir spalviname savo monstrus.<\/li>\n<\/ol>\n<p>Korteli\u0173 matmenys: 8,8 cm x 5,8 cm.<\/p>\n","protected":false},"excerpt":{"rendered":"<p>Paimkite lap\u0105, pie\u0161tuk\u0105, \u017eaidimo korteles, nupie\u0161kite savo paties monstr\u0105 ir pavadinkite j\u012f. Ar gal\u0117site i\u0161tarti jo vard\u0105? O k\u0105 gi dar pabandyti \u017eaid\u017eiant&#8230; i\u0161trinti monstr\u0105? O gal pad\u0117site monstrams, kurie prarado savo k\u016bno dalis, v\u0117l jas susirasti? Yra net 9 smag\u016bs \u017eaidimo variantai! Kas lavinama: smulkiosios motorikos \u012fg\u016bd\u017eiai, \u017eod\u017ei\u0173 dalijimas \u012f skiemenis ir \u017eod\u017ei\u0173 sud\u0117liojimas<\/p>\n<div class=\"more-link\">\n\t\t\t\t <a href=\"https:\/\/elfuratas.lt\/index.php\/product\/piesbaisos-monstru-piesimo-zaidimas\/\" class=\"link-btn\"><span>Skaityti toliau <\/span> <i class=\"icofont-thin-double-right\"><\/i><\/a>\n\t\t\t<\/div>\n","protected":false},"featured_media":899,"template":"","meta":[],"product_brand":[],"product_cat":[22,68],"product_tag":[],"class_list":{"0":"post-894","1":"product","2":"type-product","3":"status-publish","4":"has-post-thumbnail","6":"product_cat-dailei-piesimui","7":"product_cat-stalo-zaidimai","9":"first","10":"instock","11":"taxable","12":"shipping-taxable","13":"purchasable","14":"product-type-simple"},"_links":{"self":[{"href":"https:\/\/elfuratas.lt\/index.php\/wp-json\/wp\/v2\/product\/894","targetHints":{"allow":["GET"]}}],"collection":[{"href":"https:\/\/elfuratas.lt\/index.php\/wp-json\/wp\/v2\/product"}],"about":[{"href":"https:\/\/elfuratas.lt\/index.php\/wp-json\/wp\/v2\/types\/product"}],"wp:featuredmedia":[{"embeddable":true,"href":"https:\/\/elfuratas.lt\/index.php\/wp-json\/wp\/v2\/media\/899"}],"wp:attachment":[{"href":"https:\/\/elfuratas.lt\/index.php\/wp-json\/wp\/v2\/media?parent=894"}],"wp:term":[{"taxonomy":"product_brand","embeddable":true,"href":"https:\/\/elfuratas.lt\/index.php\/wp-json\/wp\/v2\/product_brand?post=894"},{"taxonomy":"product_cat","embeddable":true,"href":"https:\/\/elfuratas.lt\/index.php\/wp-json\/wp\/v2\/product_cat?post=894"},{"taxonomy":"product_tag","embeddable":true,"href":"https:\/\/elfuratas.lt\/index.php\/wp-json\/wp\/v2\/product_tag?post=894"}],"curies":[{"name":"wp","href":"https:\/\/api.w.org\/{rel}","templated":true}]}}