{"id":887,"date":"2023-11-01T22:10:59","date_gmt":"2023-11-01T19:10:59","guid":{"rendered":"https:\/\/elfuratas.lt\/?post_type=product&#038;p=887"},"modified":"2024-12-09T16:11:04","modified_gmt":"2024-12-09T13:11:04","slug":"sensorine-gulbe-kramtukas","status":"publish","type":"product","link":"https:\/\/elfuratas.lt\/index.php\/product\/sensorine-gulbe-kramtukas\/","title":{"rendered":"Sensorin\u0117 gulb\u0117 &#8211; kramtukas"},"content":{"rendered":"<p>Gulb\u0117s formos sensorinis \u017eaislas &#8211; kramtukas yra puiki priemon\u0117 lavinti \u012fvairiausius vaiko jutimus. Garsai, vibracijos, aplinkos suvokimas, ry\u0161kios virvel\u0117s &#8211; visa tai pad\u0117s ma\u017eajam gulb\u0117s u\u017ekalb\u0117tojui geriau pa\u017einti pasaul\u012f.<\/p>\n<p>T\u0117veli\u0173 \u0161is \u017eaislas pam\u0117gtas vykstant \u012f ilgesnes keliones automobiliu, o vaikai puikiai numal\u0161ina nemalonius dygstan\u010di\u0173 dantuk\u0173 sukeliamus jausmus kramtydami gulb\u0119.<\/p>\n","protected":false},"excerpt":{"rendered":"<p>Gulb\u0117s formos sensorinis \u017eaislas &#8211; kramtukas yra puiki priemon\u0117 lavinti \u012fvairiausius vaiko jutimus. Garsai, vibracijos, aplinkos suvokimas, ry\u0161kios virvel\u0117s &#8211; visa tai pad\u0117s ma\u017eajam gulb\u0117s u\u017ekalb\u0117tojui geriau pa\u017einti pasaul\u012f. T\u0117veli\u0173 \u0161is \u017eaislas pam\u0117gtas vykstant \u012f ilgesnes keliones automobiliu, o vaikai puikiai numal\u0161ina nemalonius dygstan\u010di\u0173 dantuk\u0173 sukeliamus jausmus kramtydami gulb\u0119.<\/p>\n","protected":false},"featured_media":891,"template":"","meta":[],"product_brand":[],"product_cat":[32,47],"product_tag":[],"class_list":{"0":"post-887","1":"product","2":"type-product","3":"status-publish","4":"has-post-thumbnail","6":"product_cat-ivairus-zaislai","7":"product_cat-kelionems","9":"first","10":"outofstock","11":"taxable","12":"shipping-taxable","13":"purchasable","14":"product-type-simple"},"_links":{"self":[{"href":"https:\/\/elfuratas.lt\/index.php\/wp-json\/wp\/v2\/product\/887","targetHints":{"allow":["GET"]}}],"collection":[{"href":"https:\/\/elfuratas.lt\/index.php\/wp-json\/wp\/v2\/product"}],"about":[{"href":"https:\/\/elfuratas.lt\/index.php\/wp-json\/wp\/v2\/types\/product"}],"wp:featuredmedia":[{"embeddable":true,"href":"https:\/\/elfuratas.lt\/index.php\/wp-json\/wp\/v2\/media\/891"}],"wp:attachment":[{"href":"https:\/\/elfuratas.lt\/index.php\/wp-json\/wp\/v2\/media?parent=887"}],"wp:term":[{"taxonomy":"product_brand","embeddable":true,"href":"https:\/\/elfuratas.lt\/index.php\/wp-json\/wp\/v2\/product_brand?post=887"},{"taxonomy":"product_cat","embeddable":true,"href":"https:\/\/elfuratas.lt\/index.php\/wp-json\/wp\/v2\/product_cat?post=887"},{"taxonomy":"product_tag","embeddable":true,"href":"https:\/\/elfuratas.lt\/index.php\/wp-json\/wp\/v2\/product_tag?post=887"}],"curies":[{"name":"wp","href":"https:\/\/api.w.org\/{rel}","templated":true}]}}