{"id":881,"date":"2023-11-01T21:26:52","date_gmt":"2023-11-01T18:26:52","guid":{"rendered":"https:\/\/elfuratas.lt\/?post_type=product&#038;p=881"},"modified":"2023-11-19T23:13:59","modified_gmt":"2023-11-19T20:13:59","slug":"kinetinio-smelio-rinkinys","status":"publish","type":"product","link":"https:\/\/elfuratas.lt\/index.php\/product\/kinetinio-smelio-rinkinys\/","title":{"rendered":"Kinetinio sm\u0117lio rinkinys"},"content":{"rendered":"<p>\u017daisti su kinetiniu sm\u0117liu yra labai malonu. \u0160is sm\u0117lis lengvai modeliuojamas, jis i\u0161laiko form\u0105. Tai leid\u017eia juo \u017eaisti namuose, dar\u017eelyje arba kitose erdv\u0117se.<\/p>\n<p>Savyb\u0117s ir privalumai:<\/p>\n<ul>\n<li>Sm\u0117lis sudarytas i\u0161 98% sm\u0117lio ir 2% stebuklingos med\u017eiagos.<\/li>\n<li>Jis nei\u0161saus\u0117ja, nei u\u017ekiet\u0117ja, i\u0161laiko plastines savybes.<\/li>\n<li>Po \u017eaidimo rankos lengvai plaunamos.<\/li>\n<li>Lengva modeliuoti ir formuoti.<\/li>\n<li>Nuo \u017eaidim\u0173 sm\u0117liu ant rank\u0173 n\u0117ra joki\u0173 liku\u010di\u0173.<\/li>\n<li>Sm\u0117lis neprilipsta prie rank\u0173 ir nekelia dulki\u0173.<\/li>\n<li>Skirtingas form\u0173 k\u016brimas skatina k\u016brybinius ir i\u0161rai\u0161kos geb\u0117jimus.<\/li>\n<\/ul>\n<p>Naudojant \u0161\u012f sm\u0117l\u012f, jausite, kad jis prilimpa tik prie sav\u0119s ir ne prie rank\u0173. Jis teka pro pir\u0161tus kaip skystis, ta\u010diau n\u0117ra \u0161lapias.<\/p>\n<p>Kinetinis sm\u0117lis yra puikus poveikis vaiko lyt\u0117jimo jausmui ir jis daro \u012ftak\u0105 jutiminiam integravimui, t.y. vaiko geb\u0117jimui jausti ir suvokti k\u016bnui teikiamus poj\u016b\u010dius.<\/p>\n<p><em><strong>D\u0117mesio! Kilim\u0117lio, sm\u0117lio, pompos spalvos gali neatitikti nuotrauk\u0173, siun\u010diama atsitiktiniu b\u016bdu!<\/strong><\/em><\/p>\n<p>Komplekte:<\/p>\n<ul>\n<li>Kinetinis sm\u0117lis (1 kg)<\/li>\n<li>8 plastikin\u0117s formel\u0117s<\/li>\n<li>Pompa<\/li>\n<li>Pripu\u010diamas kilim\u0117lis 56 x 40 cm<\/li>\n<\/ul>\n","protected":false},"excerpt":{"rendered":"<p>\u017daisti su kinetiniu sm\u0117liu yra labai malonu. \u0160is sm\u0117lis lengvai modeliuojamas, jis i\u0161laiko form\u0105. Tai leid\u017eia juo \u017eaisti namuose, dar\u017eelyje arba kitose erdv\u0117se. Savyb\u0117s ir privalumai: Sm\u0117lis sudarytas i\u0161 98% sm\u0117lio ir 2% stebuklingos med\u017eiagos. Jis nei\u0161saus\u0117ja, nei u\u017ekiet\u0117ja, i\u0161laiko plastines savybes. Po \u017eaidimo rankos lengvai plaunamos. Lengva modeliuoti ir formuoti. Nuo \u017eaidim\u0173 sm\u0117liu ant<\/p>\n<div class=\"more-link\">\n\t\t\t\t <a href=\"https:\/\/elfuratas.lt\/index.php\/product\/kinetinio-smelio-rinkinys\/\" class=\"link-btn\"><span>Skaityti toliau <\/span> <i class=\"icofont-thin-double-right\"><\/i><\/a>\n\t\t\t<\/div>\n","protected":false},"featured_media":886,"template":"","meta":[],"product_brand":[],"product_cat":[16],"product_tag":[],"class_list":{"0":"post-881","1":"product","2":"type-product","3":"status-publish","4":"has-post-thumbnail","6":"product_cat-rankdarbiai","8":"first","9":"instock","10":"taxable","11":"shipping-taxable","12":"purchasable","13":"product-type-simple"},"_links":{"self":[{"href":"https:\/\/elfuratas.lt\/index.php\/wp-json\/wp\/v2\/product\/881","targetHints":{"allow":["GET"]}}],"collection":[{"href":"https:\/\/elfuratas.lt\/index.php\/wp-json\/wp\/v2\/product"}],"about":[{"href":"https:\/\/elfuratas.lt\/index.php\/wp-json\/wp\/v2\/types\/product"}],"wp:featuredmedia":[{"embeddable":true,"href":"https:\/\/elfuratas.lt\/index.php\/wp-json\/wp\/v2\/media\/886"}],"wp:attachment":[{"href":"https:\/\/elfuratas.lt\/index.php\/wp-json\/wp\/v2\/media?parent=881"}],"wp:term":[{"taxonomy":"product_brand","embeddable":true,"href":"https:\/\/elfuratas.lt\/index.php\/wp-json\/wp\/v2\/product_brand?post=881"},{"taxonomy":"product_cat","embeddable":true,"href":"https:\/\/elfuratas.lt\/index.php\/wp-json\/wp\/v2\/product_cat?post=881"},{"taxonomy":"product_tag","embeddable":true,"href":"https:\/\/elfuratas.lt\/index.php\/wp-json\/wp\/v2\/product_tag?post=881"}],"curies":[{"name":"wp","href":"https:\/\/api.w.org\/{rel}","templated":true}]}}