{"id":866,"date":"2023-11-01T21:15:04","date_gmt":"2023-11-01T18:15:04","guid":{"rendered":"https:\/\/elfuratas.lt\/?post_type=product&#038;p=866"},"modified":"2026-04-13T09:29:04","modified_gmt":"2026-04-13T06:29:04","slug":"kelionine-kreideliu-uzrasine-knygele","status":"publish","type":"product","link":"https:\/\/elfuratas.lt\/index.php\/product\/kelionine-kreideliu-uzrasine-knygele\/","title":{"rendered":"Kelionin\u0117 kreideli\u0173 u\u017era\u0161in\u0117-knygel\u0117"},"content":{"rendered":"<p>Kelionin\u0117 kreideli\u0173 knygel\u0117 su lipniu u\u017esegimu ir lapais kaip kreidin\u0117 lentos! \u0160i knygel\u0117 yra labai naudinga mokantis skai\u010di\u0173, raid\u017ei\u0173, taip pat paprasto vaizduojamo meno ma\u017eiems vaikams.<\/p>\n<p>D\u0117ka \u0161ios knygel\u0117s, vaikas gerins savo rank\u0173 judesi\u0173, pie\u0161imo \u012fg\u016bd\u017eius ir pl\u0117tos k\u016brybi\u0161kum\u0105. Spalvingas vir\u0161elis skatins kiekvien\u0105 vaik\u0105 \u017eaisti ir pie\u0161ti. Knygel\u0117 n\u0117ra didel\u0117, tad vaikas visada gali j\u0105 tur\u0117ti su savimi.<\/p>\n<p>Rinkinyje yra 12 kreideli\u0173, kurios nuvalomi dr\u0117gna \u0161luoste. Knygel\u0117 yra pagaminta i\u0161 vandeniui atsparaus med\u017eiagos, tod\u0117l j\u0105 lengva valyti. Spalvinimui ar ra\u0161ymui yra 14 puslapi\u0173.<\/p>\n<p>Puikus rinkinys mokymuisi ir \u017eaidimui!<\/p>\n<p>Idealu bet kokio am\u017eiaus vaikui, vienaip j\u0105 naudos patys ma\u017eiausi, kitaip vyresni.<\/p>\n<p><strong>Rinkinyje yra:<\/strong><\/p>\n<ul>\n<li>vandeniui atspari knygel\u0117 su juodais lapais, tinkamais kreideli\u0173 ra\u0161ymui;<\/li>\n<li>12 kreideli\u0173;<\/li>\n<li>2 valymo \u0161luost\u0117s.<\/li>\n<\/ul>\n","protected":false},"excerpt":{"rendered":"<p>Kelionin\u0117 kreideli\u0173 knygel\u0117 su lipniu u\u017esegimu ir lapais kaip kreidin\u0117 lentos! \u0160i knygel\u0117 yra labai naudinga mokantis skai\u010di\u0173, raid\u017ei\u0173, taip pat paprasto vaizduojamo meno ma\u017eiems vaikams. D\u0117ka \u0161ios knygel\u0117s, vaikas gerins savo rank\u0173 judesi\u0173, pie\u0161imo \u012fg\u016bd\u017eius ir pl\u0117tos k\u016brybi\u0161kum\u0105. Spalvingas vir\u0161elis skatins kiekvien\u0105 vaik\u0105 \u017eaisti ir pie\u0161ti. Knygel\u0117 n\u0117ra didel\u0117, tad vaikas visada gali j\u0105<\/p>\n<div class=\"more-link\">\n\t\t\t\t <a href=\"https:\/\/elfuratas.lt\/index.php\/product\/kelionine-kreideliu-uzrasine-knygele\/\" class=\"link-btn\"><span>Skaityti toliau <\/span> <i class=\"icofont-thin-double-right\"><\/i><\/a>\n\t\t\t<\/div>\n","protected":false},"featured_media":876,"template":"","meta":[],"product_brand":[],"product_cat":[22,47],"product_tag":[],"class_list":{"0":"post-866","1":"product","2":"type-product","3":"status-publish","4":"has-post-thumbnail","6":"product_cat-dailei-piesimui","7":"product_cat-kelionems","9":"first","10":"instock","11":"taxable","12":"shipping-taxable","13":"purchasable","14":"product-type-variable"},"_links":{"self":[{"href":"https:\/\/elfuratas.lt\/index.php\/wp-json\/wp\/v2\/product\/866","targetHints":{"allow":["GET"]}}],"collection":[{"href":"https:\/\/elfuratas.lt\/index.php\/wp-json\/wp\/v2\/product"}],"about":[{"href":"https:\/\/elfuratas.lt\/index.php\/wp-json\/wp\/v2\/types\/product"}],"wp:featuredmedia":[{"embeddable":true,"href":"https:\/\/elfuratas.lt\/index.php\/wp-json\/wp\/v2\/media\/876"}],"wp:attachment":[{"href":"https:\/\/elfuratas.lt\/index.php\/wp-json\/wp\/v2\/media?parent=866"}],"wp:term":[{"taxonomy":"product_brand","embeddable":true,"href":"https:\/\/elfuratas.lt\/index.php\/wp-json\/wp\/v2\/product_brand?post=866"},{"taxonomy":"product_cat","embeddable":true,"href":"https:\/\/elfuratas.lt\/index.php\/wp-json\/wp\/v2\/product_cat?post=866"},{"taxonomy":"product_tag","embeddable":true,"href":"https:\/\/elfuratas.lt\/index.php\/wp-json\/wp\/v2\/product_tag?post=866"}],"curies":[{"name":"wp","href":"https:\/\/api.w.org\/{rel}","templated":true}]}}