{"id":847,"date":"2023-11-01T20:56:51","date_gmt":"2023-11-01T17:56:51","guid":{"rendered":"https:\/\/elfuratas.lt\/?post_type=product&#038;p=847"},"modified":"2024-03-24T20:14:16","modified_gmt":"2024-03-24T17:14:16","slug":"balioniu-paleidejas-ir-priputejas","status":"publish","type":"product","link":"https:\/\/elfuratas.lt\/index.php\/product\/balioniu-paleidejas-ir-priputejas\/","title":{"rendered":"Balioni\u0173 paleid\u0117jas ir prip\u016bt\u0117jas \u201eTriu\u0161is\u201c"},"content":{"rendered":"<p>Tai nuostabaus aero dinaminio automobilio paleidimo rinkinys su balionais, kur\u012f kiekvienas vaikas vertina!<\/p>\n<p><strong>Kas yra smagu?<\/strong><\/p>\n<p>Norint prad\u0117ti, reikia u\u017ed\u0117ti nei\u0161p\u016bst\u0105 balion\u0105 ant automobilio. Tada prijunkite automobil\u012f prie paleid\u0117jo ir prip\u016bskite balion\u0105 naudodamiesi p\u016bstuvu. Po baliono prip\u016btimo spustel\u0117kite mygtuk\u0105 ir \u017ei\u016br\u0117kite, kaip greitai automobilis juda per kambar\u012f oro pagalba.<\/p>\n<p>Surenkite var\u017eybas ir pa\u017ei\u016br\u0117kite, kuris automobilis nukeliaus toliau. Tai unikalus \u017eaislas, kuris suteiks daug jaudinan\u010dio smagumo<\/p>\n<p><strong>R\u016bpinkit\u0117s aplinka! <\/strong>Balion\u0173 technologija privers automobil\u012f jud\u0117ti be baterij\u0173 ar kitos elektros energijos. Galite b\u016bti tikri, kad smagumas netur\u0117s pabaigos.<\/p>\n<p>\u017daidimas su \u0161iuo \u017eaislu skatina vaiko vaizduot\u0119, palaiko jo aki\u0173- rank\u0173 koordinacijos vystym\u0105si ir skatina analitin\u012f m\u0105stym\u0105. Be to, tai pad\u0117s mokytis pagrindini\u0173 fizikos ir jud\u0117jimo princip\u0173. Smagi forma ir ry\u0161kios spalvos pritrauks d\u0117mes\u012f ir skatins \u017eaisti.<\/p>\n<p>Puiki dovan\u0173 id\u0117ja ma\u017eam eksperimentuotojui ir unikali\u0173 \u017eaisl\u0173 myl\u0117tojui.<\/p>\n<p>Paleid\u0117jo matmenys yra 12 cm x 11 cm x 23 cm, o automobilio matmenys yra 9,5 cm x 7 cm x 5 cm.<\/p>\n","protected":false},"excerpt":{"rendered":"<p>Tai nuostabaus aero dinaminio automobilio paleidimo rinkinys su balionais, kur\u012f kiekvienas vaikas vertina! Kas yra smagu? Norint prad\u0117ti, reikia u\u017ed\u0117ti nei\u0161p\u016bst\u0105 balion\u0105 ant automobilio. Tada prijunkite automobil\u012f prie paleid\u0117jo ir prip\u016bskite balion\u0105 naudodamiesi p\u016bstuvu. Po baliono prip\u016btimo spustel\u0117kite mygtuk\u0105 ir \u017ei\u016br\u0117kite, kaip greitai automobilis juda per kambar\u012f oro pagalba. Surenkite var\u017eybas ir pa\u017ei\u016br\u0117kite, kuris automobilis<\/p>\n<div class=\"more-link\">\n\t\t\t\t <a href=\"https:\/\/elfuratas.lt\/index.php\/product\/balioniu-paleidejas-ir-priputejas\/\" class=\"link-btn\"><span>Skaityti toliau <\/span> <i class=\"icofont-thin-double-right\"><\/i><\/a>\n\t\t\t<\/div>\n","protected":false},"featured_media":860,"template":"","meta":[],"product_brand":[],"product_cat":[32],"product_tag":[],"class_list":{"0":"post-847","1":"product","2":"type-product","3":"status-publish","4":"has-post-thumbnail","6":"product_cat-ivairus-zaislai","8":"first","9":"outofstock","10":"taxable","11":"shipping-taxable","12":"purchasable","13":"product-type-simple"},"_links":{"self":[{"href":"https:\/\/elfuratas.lt\/index.php\/wp-json\/wp\/v2\/product\/847","targetHints":{"allow":["GET"]}}],"collection":[{"href":"https:\/\/elfuratas.lt\/index.php\/wp-json\/wp\/v2\/product"}],"about":[{"href":"https:\/\/elfuratas.lt\/index.php\/wp-json\/wp\/v2\/types\/product"}],"wp:featuredmedia":[{"embeddable":true,"href":"https:\/\/elfuratas.lt\/index.php\/wp-json\/wp\/v2\/media\/860"}],"wp:attachment":[{"href":"https:\/\/elfuratas.lt\/index.php\/wp-json\/wp\/v2\/media?parent=847"}],"wp:term":[{"taxonomy":"product_brand","embeddable":true,"href":"https:\/\/elfuratas.lt\/index.php\/wp-json\/wp\/v2\/product_brand?post=847"},{"taxonomy":"product_cat","embeddable":true,"href":"https:\/\/elfuratas.lt\/index.php\/wp-json\/wp\/v2\/product_cat?post=847"},{"taxonomy":"product_tag","embeddable":true,"href":"https:\/\/elfuratas.lt\/index.php\/wp-json\/wp\/v2\/product_tag?post=847"}],"curies":[{"name":"wp","href":"https:\/\/api.w.org\/{rel}","templated":true}]}}