{"id":840,"date":"2023-11-01T20:37:44","date_gmt":"2023-11-01T17:37:44","guid":{"rendered":"https:\/\/elfuratas.lt\/?post_type=product&#038;p=840"},"modified":"2024-05-31T23:34:41","modified_gmt":"2024-05-31T20:34:41","slug":"mygtuku-mozaika","status":"publish","type":"product","link":"https:\/\/elfuratas.lt\/index.php\/product\/mygtuku-mozaika\/","title":{"rendered":"Mygtuk\u0173 mozaika"},"content":{"rendered":"<p>Puiki lavinan\u010dios mygtuk\u0173 mozaikos galimyb\u0117 mokyti spalv\u0173 pavadinimus, skai\u010diavimo pagrind\u0173 ir form\u0173 atpa\u017einim\u0105. \u017daidime reikia \u012fki\u0161ti mygtukus \u012f paveiksl\u0117lio skylutes tinkamoje spalvoje.<\/p>\n<p>\u017daisti su \u0161ia mygtuk\u0173 mozaika gali b\u016bti puikus nuotykis. Galimyb\u0117 sukurti unikal\u0173 \u0161edevr\u0105 suteiks vaikui daug pasitenkinimo ir leis jam jausti tikr\u0105 d\u017eiaugsm\u0105 d\u0117l savo darbo rezultato. \u0160is rinkinys tikrai suteiks daug d\u017eiaugsmo ir linksmybi\u0173. Leiskite savo vaikui pajusti tikr\u0105 meno k\u016br\u0117jo vaidmen\u012f.<\/p>\n<p><strong>Vaikas \u017eaid\u017eiant:<\/strong><\/p>\n<ul>\n<li>Ugdo rank\u0173 jautrum\u0105 &#8211; ir taip paruo\u0161ia savo rankas ra\u0161ymo mokymuisi<\/li>\n<li>Ugdo koncentracij\u0105<\/li>\n<li>Ugdo aki\u0173 koordinacij\u0105<\/li>\n<li>Ugdo vaizduot\u0119<\/li>\n<li>Ugdo k\u016brybi\u0161kum\u0105<\/li>\n<\/ul>\n<p><strong>Rinkinio sud\u0117tis:<\/strong><\/p>\n<ul>\n<li>45 spalvingi mygtukai<\/li>\n<li>10 skirtingi lentos\/paveiksl\u0117liai<\/li>\n<li>Saugojimo d\u0117\u017eut\u0117<\/li>\n<\/ul>\n<p><strong>Matmenys:<\/strong><\/p>\n<ul>\n<li>Lentos: 24 cm x 24 cm<\/li>\n<li>1 mygtuko matmenys: 3,5 cm x 2,5 cm<\/li>\n<li>Baz\u0117s\/d\u0117\u017eut\u0117s matmenys: 25,5 cm x 25,5 cm x 4 cm<\/li>\n<\/ul>\n","protected":false},"excerpt":{"rendered":"<p>Puiki lavinan\u010dios mygtuk\u0173 mozaikos galimyb\u0117 mokyti spalv\u0173 pavadinimus, skai\u010diavimo pagrind\u0173 ir form\u0173 atpa\u017einim\u0105. \u017daidime reikia \u012fki\u0161ti mygtukus \u012f paveiksl\u0117lio skylutes tinkamoje spalvoje. \u017daisti su \u0161ia mygtuk\u0173 mozaika gali b\u016bti puikus nuotykis. Galimyb\u0117 sukurti unikal\u0173 \u0161edevr\u0105 suteiks vaikui daug pasitenkinimo ir leis jam jausti tikr\u0105 d\u017eiaugsm\u0105 d\u0117l savo darbo rezultato. \u0160is rinkinys tikrai suteiks daug d\u017eiaugsmo<\/p>\n<div class=\"more-link\">\n\t\t\t\t <a href=\"https:\/\/elfuratas.lt\/index.php\/product\/mygtuku-mozaika\/\" class=\"link-btn\"><span>Skaityti toliau <\/span> <i class=\"icofont-thin-double-right\"><\/i><\/a>\n\t\t\t<\/div>\n","protected":false},"featured_media":846,"template":"","meta":[],"product_brand":[],"product_cat":[24,66],"product_tag":[],"class_list":{"0":"post-840","1":"product","2":"type-product","3":"status-publish","4":"has-post-thumbnail","6":"product_cat-deliones","7":"product_cat-galvosukiai","9":"first","10":"outofstock","11":"taxable","12":"shipping-taxable","13":"purchasable","14":"product-type-simple"},"_links":{"self":[{"href":"https:\/\/elfuratas.lt\/index.php\/wp-json\/wp\/v2\/product\/840","targetHints":{"allow":["GET"]}}],"collection":[{"href":"https:\/\/elfuratas.lt\/index.php\/wp-json\/wp\/v2\/product"}],"about":[{"href":"https:\/\/elfuratas.lt\/index.php\/wp-json\/wp\/v2\/types\/product"}],"wp:featuredmedia":[{"embeddable":true,"href":"https:\/\/elfuratas.lt\/index.php\/wp-json\/wp\/v2\/media\/846"}],"wp:attachment":[{"href":"https:\/\/elfuratas.lt\/index.php\/wp-json\/wp\/v2\/media?parent=840"}],"wp:term":[{"taxonomy":"product_brand","embeddable":true,"href":"https:\/\/elfuratas.lt\/index.php\/wp-json\/wp\/v2\/product_brand?post=840"},{"taxonomy":"product_cat","embeddable":true,"href":"https:\/\/elfuratas.lt\/index.php\/wp-json\/wp\/v2\/product_cat?post=840"},{"taxonomy":"product_tag","embeddable":true,"href":"https:\/\/elfuratas.lt\/index.php\/wp-json\/wp\/v2\/product_tag?post=840"}],"curies":[{"name":"wp","href":"https:\/\/api.w.org\/{rel}","templated":true}]}}