{"id":835,"date":"2023-11-01T20:21:11","date_gmt":"2023-11-01T17:21:11","guid":{"rendered":"https:\/\/elfuratas.lt\/?post_type=product&#038;p=835"},"modified":"2025-12-04T01:29:00","modified_gmt":"2025-12-03T22:29:00","slug":"skraidantis-kamuolys","status":"publish","type":"product","link":"https:\/\/elfuratas.lt\/index.php\/product\/skraidantis-kamuolys\/","title":{"rendered":"Skraidantis kamuolys"},"content":{"rendered":"<p>\u0160is kamuolys, primenantis futbolo kamuol\u012f, skrieja vir\u0161 \u017eem\u0117s kaip oro pagalv\u0117 d\u0117ka galingo v\u0117jo variklio. Kamuolys yra greitas ir skranda labai lygiame auk\u0161tyje.<\/p>\n<p>Visko, k\u0105 turite padaryti, tai lengvai stumti j\u012f koja ar ranka, kad perduotum\u0117te j\u012f kitam \u017emogui. \u017daislo \u0161onai pagaminti i\u0161 tvirto putplas\u010dio, veikian\u010dio kaip apsauga. \u017daislas turi \u0161viesos efektus, tod\u0117l jis ne tik atrodo \u017eavingai, bet taip pat leid\u017eia \u017eaisti ir tamsioje.<\/p>\n<p>Naudoja 4 AA 1,5 V baterijas (komplekte n\u0117ra).<\/p>\n<p>Skersmuo: 19 cm<\/p>\n<p>Auk\u0161tis: 5 cm<\/p>\n<p>Puiki dovan\u0173 id\u0117ja!<\/p>\n","protected":false},"excerpt":{"rendered":"<p>\u0160is kamuolys, primenantis futbolo kamuol\u012f, skrieja vir\u0161 \u017eem\u0117s kaip oro pagalv\u0117 d\u0117ka galingo v\u0117jo variklio. Kamuolys yra greitas ir skranda labai lygiame auk\u0161tyje. Visko, k\u0105 turite padaryti, tai lengvai stumti j\u012f koja ar ranka, kad perduotum\u0117te j\u012f kitam \u017emogui. \u017daislo \u0161onai pagaminti i\u0161 tvirto putplas\u010dio, veikian\u010dio kaip apsauga. \u017daislas turi \u0161viesos efektus, tod\u0117l jis ne<\/p>\n<div class=\"more-link\">\n\t\t\t\t <a href=\"https:\/\/elfuratas.lt\/index.php\/product\/skraidantis-kamuolys\/\" class=\"link-btn\"><span>Skaityti toliau <\/span> <i class=\"icofont-thin-double-right\"><\/i><\/a>\n\t\t\t<\/div>\n","protected":false},"featured_media":837,"template":"","meta":[],"product_brand":[],"product_cat":[34,32],"product_tag":[],"class_list":{"0":"post-835","1":"product","2":"type-product","3":"status-publish","4":"has-post-thumbnail","6":"product_cat-aktyvumui","7":"product_cat-ivairus-zaislai","9":"first","10":"instock","11":"taxable","12":"shipping-taxable","13":"purchasable","14":"product-type-simple"},"_links":{"self":[{"href":"https:\/\/elfuratas.lt\/index.php\/wp-json\/wp\/v2\/product\/835","targetHints":{"allow":["GET"]}}],"collection":[{"href":"https:\/\/elfuratas.lt\/index.php\/wp-json\/wp\/v2\/product"}],"about":[{"href":"https:\/\/elfuratas.lt\/index.php\/wp-json\/wp\/v2\/types\/product"}],"wp:featuredmedia":[{"embeddable":true,"href":"https:\/\/elfuratas.lt\/index.php\/wp-json\/wp\/v2\/media\/837"}],"wp:attachment":[{"href":"https:\/\/elfuratas.lt\/index.php\/wp-json\/wp\/v2\/media?parent=835"}],"wp:term":[{"taxonomy":"product_brand","embeddable":true,"href":"https:\/\/elfuratas.lt\/index.php\/wp-json\/wp\/v2\/product_brand?post=835"},{"taxonomy":"product_cat","embeddable":true,"href":"https:\/\/elfuratas.lt\/index.php\/wp-json\/wp\/v2\/product_cat?post=835"},{"taxonomy":"product_tag","embeddable":true,"href":"https:\/\/elfuratas.lt\/index.php\/wp-json\/wp\/v2\/product_tag?post=835"}],"curies":[{"name":"wp","href":"https:\/\/api.w.org\/{rel}","templated":true}]}}