{"id":825,"date":"2023-11-01T20:09:13","date_gmt":"2023-11-01T17:09:13","guid":{"rendered":"https:\/\/elfuratas.lt\/?post_type=product&#038;p=825"},"modified":"2025-12-04T01:29:00","modified_gmt":"2025-12-03T22:29:00","slug":"medine-delione-su-gumytemis","status":"publish","type":"product","link":"https:\/\/elfuratas.lt\/index.php\/product\/medine-delione-su-gumytemis\/","title":{"rendered":"Medin\u0117 delion\u0117 su gumyt\u0117mis"},"content":{"rendered":"<p>Sukurkite \u012fvairiausias formas pagal nurodymus kortel\u0117se naudodamiesi gumyt\u0117mis ir medine lentele. \u012edomus \u017eaidimas m\u0117gstantiems mank\u0161tinti pir\u0161tus ir sukti galv\u0105. Padeda lavinti login\u012f m\u0105stym\u0105, motorik\u0105 ir atpalaiduoja. Tinka tiek vaikams, tiek suaugusiems!<\/p>\n","protected":false},"excerpt":{"rendered":"<p>Sukurkite \u012fvairiausias formas pagal nurodymus kortel\u0117se naudodamiesi gumyt\u0117mis ir medine lentele. \u012edomus \u017eaidimas m\u0117gstantiems mank\u0161tinti pir\u0161tus ir sukti galv\u0105. Padeda lavinti login\u012f m\u0105stym\u0105, motorik\u0105 ir atpalaiduoja. Tinka tiek vaikams, tiek suaugusiems!<\/p>\n","protected":false},"featured_media":826,"template":"","meta":[],"product_brand":[],"product_cat":[24,66],"product_tag":[],"class_list":{"0":"post-825","1":"product","2":"type-product","3":"status-publish","4":"has-post-thumbnail","6":"product_cat-deliones","7":"product_cat-galvosukiai","9":"first","10":"instock","11":"taxable","12":"shipping-taxable","13":"purchasable","14":"product-type-simple"},"_links":{"self":[{"href":"https:\/\/elfuratas.lt\/index.php\/wp-json\/wp\/v2\/product\/825","targetHints":{"allow":["GET"]}}],"collection":[{"href":"https:\/\/elfuratas.lt\/index.php\/wp-json\/wp\/v2\/product"}],"about":[{"href":"https:\/\/elfuratas.lt\/index.php\/wp-json\/wp\/v2\/types\/product"}],"wp:featuredmedia":[{"embeddable":true,"href":"https:\/\/elfuratas.lt\/index.php\/wp-json\/wp\/v2\/media\/826"}],"wp:attachment":[{"href":"https:\/\/elfuratas.lt\/index.php\/wp-json\/wp\/v2\/media?parent=825"}],"wp:term":[{"taxonomy":"product_brand","embeddable":true,"href":"https:\/\/elfuratas.lt\/index.php\/wp-json\/wp\/v2\/product_brand?post=825"},{"taxonomy":"product_cat","embeddable":true,"href":"https:\/\/elfuratas.lt\/index.php\/wp-json\/wp\/v2\/product_cat?post=825"},{"taxonomy":"product_tag","embeddable":true,"href":"https:\/\/elfuratas.lt\/index.php\/wp-json\/wp\/v2\/product_tag?post=825"}],"curies":[{"name":"wp","href":"https:\/\/api.w.org\/{rel}","templated":true}]}}