{"id":816,"date":"2023-11-01T19:55:47","date_gmt":"2023-11-01T16:55:47","guid":{"rendered":"https:\/\/elfuratas.lt\/?post_type=product&#038;p=816"},"modified":"2023-11-01T19:55:47","modified_gmt":"2023-11-01T16:55:47","slug":"sensorines-kaladeles","status":"publish","type":"product","link":"https:\/\/elfuratas.lt\/index.php\/product\/sensorines-kaladeles\/","title":{"rendered":"Sensorin\u0117s kalad\u0117l\u0117s"},"content":{"rendered":"<p>Mink\u0161ti blokai-kalad\u0117l\u0117s su kamuoliukais, skirti jautresniems ma\u017eiems vaikams. Pla\u010dios galimyb\u0117s panaudoti:<\/p>\n<ul>\n<li><strong>Mokymas skai\u010diuoti<\/strong>: skai\u010diai ir matematiniai \u017eenklai ant blok\u0173 leid\u017eia mokytis matematikos per \u017eaidim\u0105.<\/li>\n<li><strong>\u012eg\u016bd\u017ei\u0173 k\u016brimas<\/strong>: \u017eaidimas su blokais puikiai veikia rank\u0173 \u012fg\u016bd\u017eius, \u012fskaitant judrum\u0105 ir rank\u0173-aki\u0173 koordinacij\u0105.<\/li>\n<li><strong>Jutiminis vystymasis<\/strong>: blok\u0173 \u012fvairios tekst\u016bros ir i\u0161kilimai puikiai stimuliuoja lyt\u0117jimo jausm\u0105.<\/li>\n<\/ul>\n<p>Technin\u0117s specifikacijos:<\/p>\n<ul>\n<li>Rekomenduojamas am\u017eius: nuo 18 m\u0117nesi\u0173<\/li>\n<li>Med\u017eiaga: silikonas<\/li>\n<li>Kamuolio skersmuo: 6 cm<\/li>\n<li>Blok\u0173 matmenys: 5 cm x 5 cm x 6 cm<\/li>\n<\/ul>\n<p>Jutiminiai blokai turi i\u0161kilimus ir \u012fdubas, kurias galima sud\u0117ti \u012f auk\u0161tus bok\u0161tus. Toks \u017eaidimas skatins vaik\u0173 motorinius \u012fg\u016bd\u017eius, ypa\u010d rank\u0173 j\u0117g\u0105, judrum\u0105 ir rank\u0173-aki\u0173 koordinacij\u0105. Blok\u0173 pavir\u0161iuje esantys skai\u010diai ir matematiniai \u017eenklai yra puiki galimyb\u0117 i\u0161mokti skai\u010diuoti \u012fdomiu b\u016bdu. Spalvingi elementai patrauks ma\u017eylio d\u0117mes\u012f ir skatins aktyv\u0173 mokym\u0105si per \u017eaidim\u0105, skai\u010di\u0173, veiksm\u0173 pa\u017einim\u0105.<\/p>\n<p>Visi \u0161io \u0161vietimo rinkinio elementai pagaminti i\u0161 \u0161velnaus silikono ir turi \u012fvairi\u0173 tekst\u016br\u0173, tod\u0117l jie ideal\u016bs kaip dantuk\u0173 \u201epasikasymo\u201c daiktai, suteikiantys palengv\u0117jim\u0105 ma\u017eyliui dant\u0173 dygimo metu.<\/p>\n<p><strong>Rinkinio sud\u0117tis:<\/strong><\/p>\n<ul>\n<li>Blokai x12<\/li>\n<li>Kamuoliai x3<\/li>\n<\/ul>\n","protected":false},"excerpt":{"rendered":"<p>Mink\u0161ti blokai-kalad\u0117l\u0117s su kamuoliukais, skirti jautresniems ma\u017eiems vaikams. Pla\u010dios galimyb\u0117s panaudoti: Mokymas skai\u010diuoti: skai\u010diai ir matematiniai \u017eenklai ant blok\u0173 leid\u017eia mokytis matematikos per \u017eaidim\u0105. \u012eg\u016bd\u017ei\u0173 k\u016brimas: \u017eaidimas su blokais puikiai veikia rank\u0173 \u012fg\u016bd\u017eius, \u012fskaitant judrum\u0105 ir rank\u0173-aki\u0173 koordinacij\u0105. Jutiminis vystymasis: blok\u0173 \u012fvairios tekst\u016bros ir i\u0161kilimai puikiai stimuliuoja lyt\u0117jimo jausm\u0105. Technin\u0117s specifikacijos: Rekomenduojamas am\u017eius: nuo 18<\/p>\n<div class=\"more-link\">\n\t\t\t\t <a href=\"https:\/\/elfuratas.lt\/index.php\/product\/sensorines-kaladeles\/\" class=\"link-btn\"><span>Skaityti toliau <\/span> <i class=\"icofont-thin-double-right\"><\/i><\/a>\n\t\t\t<\/div>\n","protected":false},"featured_media":823,"template":"","meta":[],"product_brand":[],"product_cat":[32],"product_tag":[],"class_list":{"0":"post-816","1":"product","2":"type-product","3":"status-publish","4":"has-post-thumbnail","6":"product_cat-ivairus-zaislai","8":"first","9":"instock","10":"taxable","11":"shipping-taxable","12":"purchasable","13":"product-type-simple"},"_links":{"self":[{"href":"https:\/\/elfuratas.lt\/index.php\/wp-json\/wp\/v2\/product\/816","targetHints":{"allow":["GET"]}}],"collection":[{"href":"https:\/\/elfuratas.lt\/index.php\/wp-json\/wp\/v2\/product"}],"about":[{"href":"https:\/\/elfuratas.lt\/index.php\/wp-json\/wp\/v2\/types\/product"}],"wp:featuredmedia":[{"embeddable":true,"href":"https:\/\/elfuratas.lt\/index.php\/wp-json\/wp\/v2\/media\/823"}],"wp:attachment":[{"href":"https:\/\/elfuratas.lt\/index.php\/wp-json\/wp\/v2\/media?parent=816"}],"wp:term":[{"taxonomy":"product_brand","embeddable":true,"href":"https:\/\/elfuratas.lt\/index.php\/wp-json\/wp\/v2\/product_brand?post=816"},{"taxonomy":"product_cat","embeddable":true,"href":"https:\/\/elfuratas.lt\/index.php\/wp-json\/wp\/v2\/product_cat?post=816"},{"taxonomy":"product_tag","embeddable":true,"href":"https:\/\/elfuratas.lt\/index.php\/wp-json\/wp\/v2\/product_tag?post=816"}],"curies":[{"name":"wp","href":"https:\/\/api.w.org\/{rel}","templated":true}]}}