{"id":807,"date":"2023-11-01T19:43:55","date_gmt":"2023-11-01T16:43:55","guid":{"rendered":"https:\/\/elfuratas.lt\/?post_type=product&#038;p=807"},"modified":"2024-11-29T15:32:59","modified_gmt":"2024-11-29T12:32:59","slug":"skaiciavimo-zaidimas-meskiukai","status":"publish","type":"product","link":"https:\/\/elfuratas.lt\/index.php\/product\/skaiciavimo-zaidimas-meskiukai\/","title":{"rendered":"Skai\u010diavimo \u017eaidimas \u201eMe\u0161kiukai\u201c"},"content":{"rendered":"<div class=\"flex-1 overflow-hidden\">\n<div class=\"react-scroll-to-bottom--css-rgulw-79elbk h-full\">\n<div class=\"react-scroll-to-bottom--css-rgulw-1n7m0yu\">\n<div class=\"flex flex-col text-sm gizmo:pb-9 dark:bg-gray-800 gizmo:dark:bg-transparent\">\n<div class=\"group w-full text-token-text-primary border-b border-black\/10 gizmo:border-0 dark:border-gray-900\/50 gizmo:dark:border-0 bg-gray-50 gizmo:bg-transparent dark:bg-[#444654] gizmo:dark:bg-transparent\" data-testid=\"conversation-turn-41\">\n<div class=\"p-4 gizmo:py-2 justify-center text-base md:gap-6 md:py-6 m-auto\">\n<div class=\"flex flex-1 gap-4 text-base mx-auto md:gap-6 gizmo:gap-3 gizmo:md:px-5 gizmo:lg:px-1 gizmo:xl:px-5 md:max-w-2xl lg:max-w-[38rem] gizmo:md:max-w-3xl gizmo:lg:max-w-[40rem] gizmo:xl:max-w-[48rem] xl:max-w-3xl }\">\n<div class=\"relative flex w-[calc(100%-50px)] flex-col gizmo:w-full lg:w-[calc(100%-115px)] agent-turn\">\n<div class=\"flex-col gap-1 md:gap-3\">\n<div class=\"flex flex-grow flex-col gap-3 max-w-full\">\n<div class=\"min-h-[20px] flex flex-col items-start gap-3 whitespace-pre-wrap break-words overflow-x-auto\" data-message-author-role=\"assistant\" data-message-id=\"909af131-613c-4c6c-bec4-d38fe4a36166\">\n<div class=\"markdown prose w-full break-words dark:prose-invert dark\">\n<p>\u012edomus me\u0161kin\u0173 rinkinys, skirtas mokytis skai\u010diavimo ir matematini\u0173 veiksm\u0173. \u0160ie mieli spalvingi me\u0161kinai sudomins kiekvien\u0105 vaik\u0105 ir j\u012f paskatins mokytis skai\u010diuoti bei atlikti \u012fvairius matematinius veiksmus. \u017daidimas gali b\u016bti \u017eaid\u017eiamas \u012fvairiomis formomis, o tai leis kiekvienam vaikui rasti tai, kas jam patinka. Tai puikus rinkinys, kuris suteikia ir \u017eini\u0173, ir linksmybi\u0173!<\/p>\n<p>Daugyb\u0117 element\u0173 suteikia galimyb\u0119 nesibaigian\u010diai pramogai ir mokymuisi. Me\u0161kinai bus puikus pasiteisinimas \u017eaisti kartu su savo vaiku, per kur\u012f ma\u017easis draugas i\u0161moks bendradarbiauti ir efektyviai bendrauti, o be viso to &#8211; ir skai\u010diuoti.<\/p>\n<p>Sugalvokite \u012fvairius matematinius veiksmus, o jei baigsis id\u0117jos, naudokite korteles su pavyzdiniais u\u017edaviniais.<\/p>\n<p><strong>Pramogos mokantis ar mokymasis per \u017eaidim\u0105?<\/strong><\/p>\n<p>Spalvingi me\u0161kinai pavers matematikos mokym\u0105si tikru malonumu, vaikas nor\u0117s gilinti savo \u017einias apie skai\u010di\u0173 pasaul\u012f. \u017daidimas puikiai skatins vaizduot\u0119, ugdys k\u016brybi\u0161k\u0105 ir i\u0161 ne\u012fprastos sistemos galvojim\u0105, nuostabiai pl\u0117tos ma\u017eiausi\u0173j\u0173 smulkiosios motorikos \u012fg\u016bd\u017eius.<\/p>\n<p>Mieli me\u0161kinai padarys matematikos mokym\u0105si tikru u\u017esidegimu, o ne nemaloniu \u012fpareigojimu. \u017daidimas \u012fkv\u0117ps vaiko aistr\u0105 moksl\u0173 karalien\u0117s &#8211; MATEMATIKOS &#8211; at\u017evilgiu.<\/p>\n<p>&nbsp;<\/p>\n<p><strong>Rinkinio sud\u0117tis:<\/strong><\/p>\n<ul>\n<li>36 me\u0161kinai (6 spalv\u0173)<\/li>\n<li>6 silikonin\u0117s taur\u0117s<\/li>\n<li>2 mediniai kauliukai<\/li>\n<li>16 dvipus\u0117s kortel\u0117s su u\u017eduotimis<\/li>\n<li>pincetas<\/li>\n<\/ul>\n<p>Me\u0161kino auk\u0161tis: 2,5 cm<br \/>\nTaur\u0117s matmenys (skersmuo x auk\u0161tis): 6,5 cm x 3,5 cm<br \/>\nKortel\u0117s matmenys: 10,5 cm x 13,5 cm<\/p>\n<\/div>\n<\/div>\n<\/div>\n<div class=\"flex justify-between empty:hidden gizmo:justify-start gizmo:gap-3 lg:block gizmo:lg:flex\">\n<div class=\"text-gray-400 flex self-end lg:self-center justify-center gizmo:lg:justify-start mt-2 gizmo:mt-0 visible lg:gap-1 lg:absolute lg:top-0 lg:translate-x-full lg:right-0 lg:mt-0 lg:pl-2 gap-2 md:gap-3\">\n<p>&nbsp;<\/p>\n<div class=\"flex gap-1\"><\/div>\n<\/div>\n<\/div>\n<\/div>\n<\/div>\n<\/div>\n<\/div>\n<\/div>\n<div class=\"h-36 md:h-48 flex-shrink-0\"><\/div>\n<p>&nbsp;<\/p>\n<\/div>\n<\/div>\n<\/div>\n<\/div>\n<div class=\"w-full pt-2 md:pt-0 border-t md:border-t-0 dark:border-white\/20 md:border-transparent md:dark:border-transparent md:pl-2 gizmo:pl-0 gizmo:md:pl-0 md:w-[calc(100%-.5rem)] absolute bottom-0 left-0 md:bg-vert-light-gradient bg-white dark:bg-gray-800 md:!bg-transparent dark:md:bg-vert-dark-gradient\">\n<form class=\"stretch mx-2 flex flex-row gap-3 last:mb-2 md:mx-4 md:last:mb-6 lg:mx-auto lg:max-w-2xl xl:max-w-3xl\">\n<div class=\"relative flex h-full flex-1 items-stretch md:flex-col\">\n<div>\n<div class=\"h-full flex ml-1 md:w-full md:m-auto md:mb-4 gap-0 md:gap-2 justify-center\"><\/div>\n<\/div>\n<\/div>\n<\/form>\n<\/div>\n","protected":false},"excerpt":{"rendered":"<p>\u012edomus me\u0161kin\u0173 rinkinys, skirtas mokytis skai\u010diavimo ir matematini\u0173 veiksm\u0173. \u0160ie mieli spalvingi me\u0161kinai sudomins kiekvien\u0105 vaik\u0105 ir j\u012f paskatins mokytis skai\u010diuoti bei atlikti \u012fvairius matematinius veiksmus. \u017daidimas gali b\u016bti \u017eaid\u017eiamas \u012fvairiomis formomis, o tai leis kiekvienam vaikui rasti tai, kas jam patinka. Tai puikus rinkinys, kuris suteikia ir \u017eini\u0173, ir linksmybi\u0173! Daugyb\u0117 element\u0173 suteikia galimyb\u0119<\/p>\n<div class=\"more-link\">\n\t\t\t\t <a href=\"https:\/\/elfuratas.lt\/index.php\/product\/skaiciavimo-zaidimas-meskiukai\/\" class=\"link-btn\"><span>Skaityti toliau <\/span> <i class=\"icofont-thin-double-right\"><\/i><\/a>\n\t\t\t<\/div>\n","protected":false},"featured_media":808,"template":"","meta":[],"product_brand":[],"product_cat":[61],"product_tag":[],"class_list":{"0":"post-807","1":"product","2":"type-product","3":"status-publish","4":"has-post-thumbnail","6":"product_cat-rusiavimo-zaidimai","8":"first","9":"instock","10":"taxable","11":"shipping-taxable","12":"purchasable","13":"product-type-simple"},"_links":{"self":[{"href":"https:\/\/elfuratas.lt\/index.php\/wp-json\/wp\/v2\/product\/807","targetHints":{"allow":["GET"]}}],"collection":[{"href":"https:\/\/elfuratas.lt\/index.php\/wp-json\/wp\/v2\/product"}],"about":[{"href":"https:\/\/elfuratas.lt\/index.php\/wp-json\/wp\/v2\/types\/product"}],"wp:featuredmedia":[{"embeddable":true,"href":"https:\/\/elfuratas.lt\/index.php\/wp-json\/wp\/v2\/media\/808"}],"wp:attachment":[{"href":"https:\/\/elfuratas.lt\/index.php\/wp-json\/wp\/v2\/media?parent=807"}],"wp:term":[{"taxonomy":"product_brand","embeddable":true,"href":"https:\/\/elfuratas.lt\/index.php\/wp-json\/wp\/v2\/product_brand?post=807"},{"taxonomy":"product_cat","embeddable":true,"href":"https:\/\/elfuratas.lt\/index.php\/wp-json\/wp\/v2\/product_cat?post=807"},{"taxonomy":"product_tag","embeddable":true,"href":"https:\/\/elfuratas.lt\/index.php\/wp-json\/wp\/v2\/product_tag?post=807"}],"curies":[{"name":"wp","href":"https:\/\/api.w.org\/{rel}","templated":true}]}}