{"id":800,"date":"2023-11-01T18:44:28","date_gmt":"2023-11-01T15:44:28","guid":{"rendered":"https:\/\/elfuratas.lt\/?post_type=product&#038;p=800"},"modified":"2023-11-01T18:44:28","modified_gmt":"2023-11-01T15:44:28","slug":"skaiciavimo-uzduociu-rusiuoklis","status":"publish","type":"product","link":"https:\/\/elfuratas.lt\/index.php\/product\/skaiciavimo-uzduociu-rusiuoklis\/","title":{"rendered":"Skai\u010diavimo u\u017eduo\u010di\u0173 r\u016b\u0161iuoklis"},"content":{"rendered":"<p>\u0160is r\u016b\u0161iavimo \u017eaidimas &#8211; matematikos veiksm\u0173 rinkinys, sukurtas pad\u0117ti vaikams smagiai ir interaktyviai i\u0161mokti sud\u0117ties ir atimties \u017eaidim\u0173. Jame yra medinis abakas ant tvirto medinio pagrindo. Vienoje abako pus\u0117je yra sud\u0117ties veiksmai, o kitoje pus\u0117je &#8211; atimties.<\/p>\n<p>Perstumdami abako perlus i\u0161 vienos pus\u0117s \u012f kit\u0105, vaikai gali vizualiai pamatyti j\u0173 sud\u0117ties ir atimties veiksm\u0173 rezultatus. \u017daidimo ry\u0161kus ir \u012fdomus dizainas skirtas \u012ftraukti ir motyvuoti jaunus mokinius tyrin\u0117ti skai\u010di\u0173 pasaul\u012f. Tai gali tarnauti kaip mokymo priemon\u0117 mokyklose ir dar\u017eeliuose, suteikdama praktin\u012f po\u017ei\u016br\u012f \u012f mokym\u0105si, papildoma priemon\u0117 mokantis, gerinant skai\u010diavimo \u012fg\u016bd\u017eius namuose.<\/p>\n","protected":false},"excerpt":{"rendered":"<p>\u0160is r\u016b\u0161iavimo \u017eaidimas &#8211; matematikos veiksm\u0173 rinkinys, sukurtas pad\u0117ti vaikams smagiai ir interaktyviai i\u0161mokti sud\u0117ties ir atimties \u017eaidim\u0173. Jame yra medinis abakas ant tvirto medinio pagrindo. Vienoje abako pus\u0117je yra sud\u0117ties veiksmai, o kitoje pus\u0117je &#8211; atimties. Perstumdami abako perlus i\u0161 vienos pus\u0117s \u012f kit\u0105, vaikai gali vizualiai pamatyti j\u0173 sud\u0117ties ir atimties veiksm\u0173 rezultatus.<\/p>\n<div class=\"more-link\">\n\t\t\t\t <a href=\"https:\/\/elfuratas.lt\/index.php\/product\/skaiciavimo-uzduociu-rusiuoklis\/\" class=\"link-btn\"><span>Skaityti toliau <\/span> <i class=\"icofont-thin-double-right\"><\/i><\/a>\n\t\t\t<\/div>\n","protected":false},"featured_media":804,"template":"","meta":[],"product_brand":[],"product_cat":[48],"product_tag":[],"class_list":{"0":"post-800","1":"product","2":"type-product","3":"status-publish","4":"has-post-thumbnail","6":"product_cat-mokymo-priemones","8":"first","9":"instock","10":"taxable","11":"shipping-taxable","12":"purchasable","13":"product-type-simple"},"_links":{"self":[{"href":"https:\/\/elfuratas.lt\/index.php\/wp-json\/wp\/v2\/product\/800","targetHints":{"allow":["GET"]}}],"collection":[{"href":"https:\/\/elfuratas.lt\/index.php\/wp-json\/wp\/v2\/product"}],"about":[{"href":"https:\/\/elfuratas.lt\/index.php\/wp-json\/wp\/v2\/types\/product"}],"wp:featuredmedia":[{"embeddable":true,"href":"https:\/\/elfuratas.lt\/index.php\/wp-json\/wp\/v2\/media\/804"}],"wp:attachment":[{"href":"https:\/\/elfuratas.lt\/index.php\/wp-json\/wp\/v2\/media?parent=800"}],"wp:term":[{"taxonomy":"product_brand","embeddable":true,"href":"https:\/\/elfuratas.lt\/index.php\/wp-json\/wp\/v2\/product_brand?post=800"},{"taxonomy":"product_cat","embeddable":true,"href":"https:\/\/elfuratas.lt\/index.php\/wp-json\/wp\/v2\/product_cat?post=800"},{"taxonomy":"product_tag","embeddable":true,"href":"https:\/\/elfuratas.lt\/index.php\/wp-json\/wp\/v2\/product_tag?post=800"}],"curies":[{"name":"wp","href":"https:\/\/api.w.org\/{rel}","templated":true}]}}