{"id":794,"date":"2023-11-01T18:20:17","date_gmt":"2023-11-01T15:20:17","guid":{"rendered":"https:\/\/elfuratas.lt\/?post_type=product&#038;p=794"},"modified":"2025-01-19T21:36:33","modified_gmt":"2025-01-19T18:36:33","slug":"molis-ziedimo-ratui-1200-g","status":"publish","type":"product","link":"https:\/\/elfuratas.lt\/index.php\/product\/molis-ziedimo-ratui-1200-g\/","title":{"rendered":"Molis \u017eiedimo ratui (1200 g)"},"content":{"rendered":"<p>Puikios kokyb\u0117s molis jauniems keramikams! Tai didelis \u201eskubios pagalbos\u201c rinkinys, kai j\u016bs\u0173 vaikui (arba jums) tr\u016bksta molio, o jis vis tiek nori kurti! Keramikos molis yra labai geros kokyb\u0117s, be joki\u0173 gumuliuk\u0173 ir priemai\u0161\u0173, tod\u0117l su juo lengva ir smagu kurti keraminius dirbinius!<\/p>\n<p>Molis yra nat\u016bralios spalvos, tod\u0117l sukurti dirbiniai atrodys gra\u017e\u016bs net be papildomo puo\u0161imo! Puikiai tiks tiek dirbant su keramikos ratu (<a href=\"https:\/\/elfuratas.lt\/index.php\/product\/ziedimo-ratas-su-moliu-ir-dazais\/\">ratas parduodamas atskirai<\/a>), tiek ir minkant be jo.<\/p>\n<p>Pakuot\u0117je yra net 1200 g molio, tod\u0117l j\u016bs\u0173 vaikas gal\u0117s kurti daugyb\u0119 \u012fdomi\u0173 dirbini\u0173! Molis padalintas \u012f \u0161e\u0161ias dalis po 200 gram\u0173, tad atidarius vien\u0105 i\u0161 j\u0173, did\u017eioji dalis molio ir toliau i\u0161liks \u0161vie\u017eia ir apsaugota nuo i\u0161d\u017ei\u016bvimo. Paranku, jei \u017eiedimo rat\u0105 naudojate nereguliariai.<\/p>\n<p>Turint tok\u012f kiek\u012f molio, ma\u017eieji tur\u0117s visi\u0161k\u0105 laisv\u0119 kurti be joki\u0173 apribojim\u0173! Jie sukurs visk\u0105, k\u0105 jiems pasi\u016blys ne\u012ftik\u0117tinai gausi vaiki\u0161ka vaizduot\u0117! \u017daidimai su moliu pad\u0117s pl\u0117sti k\u016brybi\u0161kum\u0105 ir pagerins ma\u017eojo meno k\u016br\u0117jo rank\u0173 koordinacijos \u012fg\u016bd\u017eius!<\/p>\n<p>Rekomenduojamas vaiko am\u017eius: 8+<\/p>\n<p>Molio svoris: 1200 g (6 pak. po 200 gram\u0173)<\/p>\n","protected":false},"excerpt":{"rendered":"<p>Puikios kokyb\u0117s molis jauniems keramikams! Tai didelis \u201eskubios pagalbos\u201c rinkinys, kai j\u016bs\u0173 vaikui (arba jums) tr\u016bksta molio, o jis vis tiek nori kurti! Keramikos molis yra labai geros kokyb\u0117s, be joki\u0173 gumuliuk\u0173 ir priemai\u0161\u0173, tod\u0117l su juo lengva ir smagu kurti keraminius dirbinius! Molis yra nat\u016bralios spalvos, tod\u0117l sukurti dirbiniai atrodys gra\u017e\u016bs net be papildomo<\/p>\n<div class=\"more-link\">\n\t\t\t\t <a href=\"https:\/\/elfuratas.lt\/index.php\/product\/molis-ziedimo-ratui-1200-g\/\" class=\"link-btn\"><span>Skaityti toliau <\/span> <i class=\"icofont-thin-double-right\"><\/i><\/a>\n\t\t\t<\/div>\n","protected":false},"featured_media":795,"template":"","meta":[],"product_brand":[],"product_cat":[16],"product_tag":[],"class_list":{"0":"post-794","1":"product","2":"type-product","3":"status-publish","4":"has-post-thumbnail","6":"product_cat-rankdarbiai","8":"first","9":"instock","10":"taxable","11":"shipping-taxable","12":"purchasable","13":"product-type-simple"},"_links":{"self":[{"href":"https:\/\/elfuratas.lt\/index.php\/wp-json\/wp\/v2\/product\/794","targetHints":{"allow":["GET"]}}],"collection":[{"href":"https:\/\/elfuratas.lt\/index.php\/wp-json\/wp\/v2\/product"}],"about":[{"href":"https:\/\/elfuratas.lt\/index.php\/wp-json\/wp\/v2\/types\/product"}],"wp:featuredmedia":[{"embeddable":true,"href":"https:\/\/elfuratas.lt\/index.php\/wp-json\/wp\/v2\/media\/795"}],"wp:attachment":[{"href":"https:\/\/elfuratas.lt\/index.php\/wp-json\/wp\/v2\/media?parent=794"}],"wp:term":[{"taxonomy":"product_brand","embeddable":true,"href":"https:\/\/elfuratas.lt\/index.php\/wp-json\/wp\/v2\/product_brand?post=794"},{"taxonomy":"product_cat","embeddable":true,"href":"https:\/\/elfuratas.lt\/index.php\/wp-json\/wp\/v2\/product_cat?post=794"},{"taxonomy":"product_tag","embeddable":true,"href":"https:\/\/elfuratas.lt\/index.php\/wp-json\/wp\/v2\/product_tag?post=794"}],"curies":[{"name":"wp","href":"https:\/\/api.w.org\/{rel}","templated":true}]}}