{"id":79,"date":"2023-07-04T10:21:05","date_gmt":"2023-07-04T07:21:05","guid":{"rendered":"https:\/\/elfuratas.lt\/?post_type=product&#038;p=79"},"modified":"2023-10-08T07:44:37","modified_gmt":"2023-10-08T04:44:37","slug":"minkstos-jutimo-kaladeles","status":"publish","type":"product","link":"https:\/\/elfuratas.lt\/index.php\/product\/minkstos-jutimo-kaladeles\/","title":{"rendered":"Mink\u0161tos jutimo kalad\u0117l\u0117s"},"content":{"rendered":"<p>Mink\u0161tos jutimo kalad\u0117l\u0117s skirtos ma\u017eiesiems saugiai pa\u017einti formas, spalvas, skai\u010dius ir \u012fvairius daiktus. Sensoriniai blokai jungiasi tarpusavyje, tad galima sudaryti \u012fvairias eiles.<\/p>\n<p>K\u016bdikiai \u0161\u012f \u017eaisl\u0105 pam\u0117gsta d\u0117l ry\u0161ki\u0173 spalv\u0173 ir patogaus dyd\u017eio. Kal\u0117d\u0117l\u0117s n\u0117ra nei per ma\u017eos, nei per didel\u0117s. Skai\u010diai, gyv\u016bnai, vaisiai ir kiti \u017eenklai padeda vaikams lengviau \u012fsiminti, atpa\u017einti.<\/p>\n<p>Kalad\u0117l\u0117s yra mink\u0161tos ir saugios naudoti, j\u0173 gamyboje nenaudotos pavojingos ar kenksmingos med\u017eiagos.<\/p>\n<p>Komplekt\u0105 sudaro 10 mink\u0161t\u0173 kalad\u0117li\u0173 \/ blok\u0173.<\/p>\n<p>Vienos kalad\u0117l\u0117s dydis 5 x 6 x 5 cm<\/p>\n<p>&nbsp;<\/p>\n","protected":false},"excerpt":{"rendered":"<p>Mink\u0161tos sensorin\u0117s kalad\u0117l\u0117s lengvai spalv\u0173, skai\u010di\u0173 ir kit\u0173 simboli\u0173 pa\u017ein\u010diai.<\/p>\n","protected":false},"featured_media":88,"template":"","meta":[],"product_brand":[],"product_cat":[24],"product_tag":[29],"class_list":{"0":"post-79","1":"product","2":"type-product","3":"status-publish","4":"has-post-thumbnail","6":"product_cat-deliones","7":"product_tag-kaladeles","9":"first","10":"outofstock","11":"taxable","12":"shipping-taxable","13":"purchasable","14":"product-type-simple"},"_links":{"self":[{"href":"https:\/\/elfuratas.lt\/index.php\/wp-json\/wp\/v2\/product\/79","targetHints":{"allow":["GET"]}}],"collection":[{"href":"https:\/\/elfuratas.lt\/index.php\/wp-json\/wp\/v2\/product"}],"about":[{"href":"https:\/\/elfuratas.lt\/index.php\/wp-json\/wp\/v2\/types\/product"}],"wp:featuredmedia":[{"embeddable":true,"href":"https:\/\/elfuratas.lt\/index.php\/wp-json\/wp\/v2\/media\/88"}],"wp:attachment":[{"href":"https:\/\/elfuratas.lt\/index.php\/wp-json\/wp\/v2\/media?parent=79"}],"wp:term":[{"taxonomy":"product_brand","embeddable":true,"href":"https:\/\/elfuratas.lt\/index.php\/wp-json\/wp\/v2\/product_brand?post=79"},{"taxonomy":"product_cat","embeddable":true,"href":"https:\/\/elfuratas.lt\/index.php\/wp-json\/wp\/v2\/product_cat?post=79"},{"taxonomy":"product_tag","embeddable":true,"href":"https:\/\/elfuratas.lt\/index.php\/wp-json\/wp\/v2\/product_tag?post=79"}],"curies":[{"name":"wp","href":"https:\/\/api.w.org\/{rel}","templated":true}]}}