{"id":787,"date":"2023-11-01T17:49:50","date_gmt":"2023-11-01T14:49:50","guid":{"rendered":"https:\/\/elfuratas.lt\/?post_type=product&#038;p=787"},"modified":"2024-06-11T09:21:41","modified_gmt":"2024-06-11T06:21:41","slug":"ziedimo-ratas-su-moliu-ir-dazais","status":"publish","type":"product","link":"https:\/\/elfuratas.lt\/index.php\/product\/ziedimo-ratas-su-moliu-ir-dazais\/","title":{"rendered":"\u017diedimo ratas (su moliu ir da\u017eais)"},"content":{"rendered":"<p>Puiki dovana bet kokiam ma\u017eam menininkui, m\u0117gstan\u010diam kurti, lipdyti ir gro\u017e\u0117tis savo k\u016briniais! Puikus keramikos rato rinkinys suteiks daug smagumo bet kokiam vaikui, turin\u010diam polink\u012f rankdarbiams!<\/p>\n<p>Keramikos ratas gali veikti dviem skirtingais grei\u010diais savyb\u0117mis, tod\u0117l jis tinka tiek pradedantiesiems, tiek vaikams, kurie jau susid\u016br\u0117 su keramika!<\/p>\n<p>Rinkinyje esanti prakti\u0161ka puod\u017eiaus prijuost\u0117 leis \u017eaisti nesir\u016bpinant drabu\u017eiais!<\/p>\n<p>Jaunasis keramikas gal\u0117s modeliuoti vazas, g\u0117li\u0173 vazonus, puodus, puodelius ir daugel\u012f kit\u0173 daikt\u0173, apie kuriuos jis ar ji gali tik pagalvoti. D\u0117ka tinkamai parinkt\u0173 speciali\u0173 \u012franki\u0173, skirt\u0173 formuoti mol\u012f, darbas bus dar paprestnis!<\/p>\n<p>J\u016bs\u0173 vaikas gal\u0117s ne tik kurti molinius dirbinius, bet ir fantasti\u0161kai juos puo\u0161ti, pasinaudodamas pridedamais \u0161epet\u0117liais ir da\u017eais, kuri\u0173 net 12 skirting\u0173 spalv\u0173! Nuo nulio kuriant spalvingus ir patrauklius objektus, ma\u017eas k\u016br\u0117jas gaus did\u017eiul\u012f pasitenkinim\u0105 ir pasidid\u017eiavim\u0105 savo pasiekimais!<\/p>\n<p>\u017diedimo ratas gali veikti prie maitinimo \u0161altinio prijungus USB laidu arba 4 LR20 baterijomis (n\u0117ra pridedamos), tod\u0117l smagumas gali b\u016bti perkeltas i\u0161 nam\u0173 \u012f kiem\u0105!<\/p>\n<p>\u0160iuo rinkiniu j\u016bs\u0173 vaikas gal\u0117s pats savo rankomis pagaminti mielas dovanas bet kokiam atvejui! Puiki investicija prie\u0161 \u012fvairias \u0161ventes!<\/p>\n<p>Galb\u016bt tai \u017eingsnis link naujo hobio? O jei tik dar viena \u0161auni laisvalaikio praleidimo forma, vert\u0117t\u0173 \u012fvertinti, kad tai suteiks:<\/p>\n<ul>\n<li>Planavimo \u012fg\u016bd\u017ei\u0173 &#8211; nuo id\u0117jos iki rezultato;<\/li>\n<li>Estetikos poj\u016bt\u012f &#8211; juk norisi, kad dirbiniai b\u016bt\u0173 gra\u017e\u016bs;<\/li>\n<li>Galimyb\u0119 ugdyti kantryb\u0119 ir kruop\u0161tum\u0105;<\/li>\n<li>Lavinti smulki\u0105j\u0105 motorik\u0105.<\/li>\n<\/ul>\n<p><strong>Technin\u0117s savyb\u0117s:<\/strong><\/p>\n<ul>\n<li>Rekomenduojamas vaiko am\u017eius: 8+ (tinka ir suaugusiems!)<\/li>\n<li>Med\u017eiaga: plastmas\u0117<\/li>\n<li>Pridedamo molio svoris: 600 g<\/li>\n<li>Energijos tiekimas: 4x 1,5 V LR20 arba USB kabelis<\/li>\n<\/ul>\n<p><strong>Rinkinio sud\u0117tis:<\/strong><\/p>\n<ul>\n<li>Keramikos ratas<\/li>\n<li>3x molio mai\u0161eliai, kuri\u0173 bendras svoris 600 g 1<\/li>\n<li>2x da\u017eai (viso 12 spalv\u0173)<\/li>\n<li>2x teptukai<\/li>\n<li>matavimo juostel\u0117<\/li>\n<li>2x rievel\u0117s<\/li>\n<li>prijuost\u0117<\/li>\n<li>USB kabelis<\/li>\n<\/ul>\n<p>Matmenys<\/p>\n<p>keramikos rato (skersmuo x auk\u0161tis): 22 cm x 12 cm prijuost\u0117: 74 cm x 42 cm<\/p>\n","protected":false},"excerpt":{"rendered":"<p>Puiki dovana bet kokiam ma\u017eam menininkui, m\u0117gstan\u010diam kurti, lipdyti ir gro\u017e\u0117tis savo k\u016briniais! Puikus keramikos rato rinkinys suteiks daug smagumo bet kokiam vaikui, turin\u010diam polink\u012f rankdarbiams! Keramikos ratas gali veikti dviem skirtingais grei\u010diais savyb\u0117mis, tod\u0117l jis tinka tiek pradedantiesiems, tiek vaikams, kurie jau susid\u016br\u0117 su keramika! Rinkinyje esanti prakti\u0161ka puod\u017eiaus prijuost\u0117 leis \u017eaisti nesir\u016bpinant drabu\u017eiais!<\/p>\n<div class=\"more-link\">\n\t\t\t\t <a href=\"https:\/\/elfuratas.lt\/index.php\/product\/ziedimo-ratas-su-moliu-ir-dazais\/\" class=\"link-btn\"><span>Skaityti toliau <\/span> <i class=\"icofont-thin-double-right\"><\/i><\/a>\n\t\t\t<\/div>\n","protected":false},"featured_media":788,"template":"","meta":[],"product_brand":[],"product_cat":[16],"product_tag":[],"class_list":{"0":"post-787","1":"product","2":"type-product","3":"status-publish","4":"has-post-thumbnail","6":"product_cat-rankdarbiai","8":"first","9":"outofstock","10":"taxable","11":"shipping-taxable","12":"purchasable","13":"product-type-simple"},"_links":{"self":[{"href":"https:\/\/elfuratas.lt\/index.php\/wp-json\/wp\/v2\/product\/787","targetHints":{"allow":["GET"]}}],"collection":[{"href":"https:\/\/elfuratas.lt\/index.php\/wp-json\/wp\/v2\/product"}],"about":[{"href":"https:\/\/elfuratas.lt\/index.php\/wp-json\/wp\/v2\/types\/product"}],"wp:featuredmedia":[{"embeddable":true,"href":"https:\/\/elfuratas.lt\/index.php\/wp-json\/wp\/v2\/media\/788"}],"wp:attachment":[{"href":"https:\/\/elfuratas.lt\/index.php\/wp-json\/wp\/v2\/media?parent=787"}],"wp:term":[{"taxonomy":"product_brand","embeddable":true,"href":"https:\/\/elfuratas.lt\/index.php\/wp-json\/wp\/v2\/product_brand?post=787"},{"taxonomy":"product_cat","embeddable":true,"href":"https:\/\/elfuratas.lt\/index.php\/wp-json\/wp\/v2\/product_cat?post=787"},{"taxonomy":"product_tag","embeddable":true,"href":"https:\/\/elfuratas.lt\/index.php\/wp-json\/wp\/v2\/product_tag?post=787"}],"curies":[{"name":"wp","href":"https:\/\/api.w.org\/{rel}","templated":true}]}}