{"id":780,"date":"2023-11-01T17:29:42","date_gmt":"2023-11-01T14:29:42","guid":{"rendered":"https:\/\/elfuratas.lt\/?post_type=product&#038;p=780"},"modified":"2024-03-24T20:14:42","modified_gmt":"2024-03-24T17:14:42","slug":"megintuvelis-kamuoliukai-zaidimas","status":"publish","type":"product","link":"https:\/\/elfuratas.lt\/index.php\/product\/megintuvelis-kamuoliukai-zaidimas\/","title":{"rendered":"M\u0117gintuv\u0117lis su kamuoliukais &#8211; \u017eaidimas"},"content":{"rendered":"<p>At\u0117jo laikas sujungti pramogas su mokymusi! Galite \u012fsivaizduoti ka\u017ek\u0105 geresnio? \u0160is didelis edukacinis rinkinys leis jums praleisti daug valand\u0173 \u012fdomi\u0173 ir maloni\u0173 pramog\u0173! \u012edomus \u017eaidimas atitinka Marijos Montesori sukurto pedagogikos principus &#8211; \u017eaisti su juo yra ne\u012ftik\u0117tinai paprasta, bet nepaisant to jis suteikia daug mokomojo vert\u0117s!<\/p>\n<p>Pagrindinis \u017eaidimo tikslas yra suskirstyti kamuoliukus \u012f tinkamus reagent\u0173 buteliukus (m\u0117gintuv\u0117lius)! Vaikas tai gali padaryti rankomis arba naudodamas pridedam\u0105 pincet\u0105! \u017dinoma, tokia \u201etaisykl\u0117\u201c yra tik pasi\u016blymas! Vienintelis apribojimas bus vaizduot\u0117 &#8211; be abejo, jums ir j\u016bs\u0173 vaikui ateis daug \u012fdomi\u0173 id\u0117j\u0173!<\/p>\n<p>Rinkinyje yra net 40 spalvot\u0173 kamuoli\u0173, kuriuos galima ne tik sur\u016b\u0161iuoti, bet ir paskatinti vaik\u0105 skai\u010diuoti ir mokytis spalv\u0173! 24 dvipus\u0117s kortel\u0117s suteiks \u012fkv\u0117pim\u0105. Jos vaizduoja modelius, kurie gali b\u016bti sud\u0117ti \u012f m\u0117gintuv\u0117lius. U\u017eduotis gali atrodyti paprasta, ta\u010diau prad\u017eioje ji tikrai bus i\u0161\u0161\u016bkis! Rinkdami pncet\u0105\/\u017enyples, pagerinsite vaiko rank\u0173 motorinius \u012fg\u016bd\u017eius! Tai pad\u0117s pagerinti jo akies-rankos koordinacij\u0105, taip pat rank\u0173 ir rank\u0173 judesi\u0173 tikslum\u0105 ir tikslum\u0105! \u017daidimas taip pat teigiamai paveiks kelet\u0105 intelektini\u0173 geb\u0117jim\u0173. Vaikas pagerins geb\u0117jim\u0105 sutelkti d\u0117mes\u012f, skai\u010diuoti ir atskirti bei \u012fvardinti spalvas!<\/p>\n<p><strong>Rinkinio sud\u0117tis:<\/strong><\/p>\n<ul>\n<li>40 kamuoliuk\u0173<\/li>\n<li>1 pincetas \/ \u017enypl\u0117s<\/li>\n<li>1 m\u0117gintuv\u0117lis<\/li>\n<li>24 kortos (dvipus\u0117s, bendrai 48 nuotraukos)<\/li>\n<\/ul>\n","protected":false},"excerpt":{"rendered":"<p>At\u0117jo laikas sujungti pramogas su mokymusi! Galite \u012fsivaizduoti ka\u017ek\u0105 geresnio? \u0160is didelis edukacinis rinkinys leis jums praleisti daug valand\u0173 \u012fdomi\u0173 ir maloni\u0173 pramog\u0173! \u012edomus \u017eaidimas atitinka Marijos Montesori sukurto pedagogikos principus &#8211; \u017eaisti su juo yra ne\u012ftik\u0117tinai paprasta, bet nepaisant to jis suteikia daug mokomojo vert\u0117s! Pagrindinis \u017eaidimo tikslas yra suskirstyti kamuoliukus \u012f tinkamus reagent\u0173<\/p>\n<div class=\"more-link\">\n\t\t\t\t <a href=\"https:\/\/elfuratas.lt\/index.php\/product\/megintuvelis-kamuoliukai-zaidimas\/\" class=\"link-btn\"><span>Skaityti toliau <\/span> <i class=\"icofont-thin-double-right\"><\/i><\/a>\n\t\t\t<\/div>\n","protected":false},"featured_media":784,"template":"","meta":[],"product_brand":[],"product_cat":[66],"product_tag":[],"class_list":{"0":"post-780","1":"product","2":"type-product","3":"status-publish","4":"has-post-thumbnail","6":"product_cat-galvosukiai","8":"first","9":"instock","10":"taxable","11":"shipping-taxable","12":"purchasable","13":"product-type-simple"},"_links":{"self":[{"href":"https:\/\/elfuratas.lt\/index.php\/wp-json\/wp\/v2\/product\/780","targetHints":{"allow":["GET"]}}],"collection":[{"href":"https:\/\/elfuratas.lt\/index.php\/wp-json\/wp\/v2\/product"}],"about":[{"href":"https:\/\/elfuratas.lt\/index.php\/wp-json\/wp\/v2\/types\/product"}],"wp:featuredmedia":[{"embeddable":true,"href":"https:\/\/elfuratas.lt\/index.php\/wp-json\/wp\/v2\/media\/784"}],"wp:attachment":[{"href":"https:\/\/elfuratas.lt\/index.php\/wp-json\/wp\/v2\/media?parent=780"}],"wp:term":[{"taxonomy":"product_brand","embeddable":true,"href":"https:\/\/elfuratas.lt\/index.php\/wp-json\/wp\/v2\/product_brand?post=780"},{"taxonomy":"product_cat","embeddable":true,"href":"https:\/\/elfuratas.lt\/index.php\/wp-json\/wp\/v2\/product_cat?post=780"},{"taxonomy":"product_tag","embeddable":true,"href":"https:\/\/elfuratas.lt\/index.php\/wp-json\/wp\/v2\/product_tag?post=780"}],"curies":[{"name":"wp","href":"https:\/\/api.w.org\/{rel}","templated":true}]}}