{"id":774,"date":"2023-11-01T17:11:42","date_gmt":"2023-11-01T14:11:42","guid":{"rendered":"https:\/\/elfuratas.lt\/?post_type=product&#038;p=774"},"modified":"2023-11-01T17:11:42","modified_gmt":"2023-11-01T14:11:42","slug":"loginis-zaidimas-tetris-delione","status":"publish","type":"product","link":"https:\/\/elfuratas.lt\/index.php\/product\/loginis-zaidimas-tetris-delione\/","title":{"rendered":"Loginis \u017eaidimas \u201eTetris d\u0117lion\u0117\u201c"},"content":{"rendered":"<p>Tetris yra klasikinis \u017eaidimas, kuris turi daugyb\u0119 variant\u0173. Paprastos taisykl\u0117s ir intelektualus i\u0161\u0161\u016bkis, kuriuos \u017eaidimas si\u016blo, yra jo populiarumo prie\u017eastis. T\u0117vai noriai j\u012f renkasi, nor\u0117dami suteikti savo vaikui pramog\u0105, jungian\u010di\u0105 intelektin\u012f ir rank\u0173 koordinacijos, smulkiosios motorikos vystym\u0105si.<\/p>\n<p><strong>PAPRASTOS TAISYKL\u0116S<\/strong> &#8211; LINKSMYB\u0116S NUO 3 MET\u0172 AM\u017dIAUS<br \/>\n\u017daidimo taisykl\u0117s yra labai paprastos &#8211; atsitiktinai parenkami spalvoti d\u0117lion\u0117s gabal\u0117liai ir dedami ant lentos nuo apa\u010dios auk\u0161tyn taip, kad jie visi\u0161kai ir sandariai u\u017epildyt\u0173 lent\u0105. Nors tai gali atrodyti paprasta, ma\u017ei vaikai ras \u017eaidime nema\u017eai i\u0161\u0161\u016bki\u0173, kuriuos \u0161iek tiek praktikuodamiesi \u012fveiks.<\/p>\n<p>Turint 70 dali\u0173, galim\u0173 derini\u0173 skai\u010dius ir tvarka, kuria galima sutvarkyti \u017eaidimo lent\u0105, yra prakti\u0161kai neriboti &#8211; tai u\u017etikrins daug linksm\u0173 akimirk\u0173 ilg\u0105 laik\u0105.<\/p>\n<p><strong>TOBUL\u0116JIMAS, DERINANT SU LINKSMUMU <\/strong><br \/>\n\u017daidimas \u201eTetris\u201c prad\u017eioje gali sukelti lengvus sunkumus, ta\u010diau per ilg\u0105 laik\u0105 jis taps paprastesnis ir tuo pa\u010diu metu pl\u0117tos daugyb\u0119 vaiko sugeb\u0117jim\u0173 &#8211; skatins k\u016brybing\u0105 ir i\u0161skirtin\u012f m\u0105stym\u0105 bei lavins vaik\u0173 intelektinius geb\u0117jimus.<\/p>\n<p>AUK\u0160TOS KOKYB\u0116S MED\u017dIAGOS \u017daidime naudojamos med\u017eiagos yra ypa\u010d tvirtos ir visi\u0161kai saugios vaikams. D\u0117ka to t\u0117vai gal\u0117s b\u016bti tikri, kad \u017eaislas tarnaus ilg\u0105 laik\u0105.<\/p>\n<p>Vaiko am\u017eius: 3+<br \/>\nElement\u0173 skai\u010dius: 70<br \/>\nMed\u017eiaga: plastikas<\/p>\n<p>MATMENYS:<br \/>\nLentos matmenys: 23 cm x 16 cm x 5 cm<br \/>\nPavyzdinio elemento matmenys: 2 cm x 2 cm<\/p>\n","protected":false},"excerpt":{"rendered":"<p>Tetris yra klasikinis \u017eaidimas, kuris turi daugyb\u0119 variant\u0173. Paprastos taisykl\u0117s ir intelektualus i\u0161\u0161\u016bkis, kuriuos \u017eaidimas si\u016blo, yra jo populiarumo prie\u017eastis. T\u0117vai noriai j\u012f renkasi, nor\u0117dami suteikti savo vaikui pramog\u0105, jungian\u010di\u0105 intelektin\u012f ir rank\u0173 koordinacijos, smulkiosios motorikos vystym\u0105si. PAPRASTOS TAISYKL\u0116S &#8211; LINKSMYB\u0116S NUO 3 MET\u0172 AM\u017dIAUS \u017daidimo taisykl\u0117s yra labai paprastos &#8211; atsitiktinai parenkami spalvoti d\u0117lion\u0117s<\/p>\n<div class=\"more-link\">\n\t\t\t\t <a href=\"https:\/\/elfuratas.lt\/index.php\/product\/loginis-zaidimas-tetris-delione\/\" class=\"link-btn\"><span>Skaityti toliau <\/span> <i class=\"icofont-thin-double-right\"><\/i><\/a>\n\t\t\t<\/div>\n","protected":false},"featured_media":776,"template":"","meta":[],"product_brand":[],"product_cat":[24,66],"product_tag":[],"class_list":{"0":"post-774","1":"product","2":"type-product","3":"status-publish","4":"has-post-thumbnail","6":"product_cat-deliones","7":"product_cat-galvosukiai","9":"first","10":"instock","11":"taxable","12":"shipping-taxable","13":"purchasable","14":"product-type-simple"},"_links":{"self":[{"href":"https:\/\/elfuratas.lt\/index.php\/wp-json\/wp\/v2\/product\/774","targetHints":{"allow":["GET"]}}],"collection":[{"href":"https:\/\/elfuratas.lt\/index.php\/wp-json\/wp\/v2\/product"}],"about":[{"href":"https:\/\/elfuratas.lt\/index.php\/wp-json\/wp\/v2\/types\/product"}],"wp:featuredmedia":[{"embeddable":true,"href":"https:\/\/elfuratas.lt\/index.php\/wp-json\/wp\/v2\/media\/776"}],"wp:attachment":[{"href":"https:\/\/elfuratas.lt\/index.php\/wp-json\/wp\/v2\/media?parent=774"}],"wp:term":[{"taxonomy":"product_brand","embeddable":true,"href":"https:\/\/elfuratas.lt\/index.php\/wp-json\/wp\/v2\/product_brand?post=774"},{"taxonomy":"product_cat","embeddable":true,"href":"https:\/\/elfuratas.lt\/index.php\/wp-json\/wp\/v2\/product_cat?post=774"},{"taxonomy":"product_tag","embeddable":true,"href":"https:\/\/elfuratas.lt\/index.php\/wp-json\/wp\/v2\/product_tag?post=774"}],"curies":[{"name":"wp","href":"https:\/\/api.w.org\/{rel}","templated":true}]}}