{"id":767,"date":"2023-11-01T12:04:01","date_gmt":"2023-11-01T09:04:01","guid":{"rendered":"https:\/\/elfuratas.lt\/?post_type=product&#038;p=767"},"modified":"2024-03-24T20:14:52","modified_gmt":"2024-03-24T17:14:52","slug":"knyga-lovytes-apsauga-kontrastai","status":"publish","type":"product","link":"https:\/\/elfuratas.lt\/index.php\/product\/knyga-lovytes-apsauga-kontrastai\/","title":{"rendered":"Knyga &#8211; lovyt\u0117s apsauga \u201eKontrastai\u201c"},"content":{"rendered":"<p>J\u016bs\u0173 vaiko pirmoji skaitymo knygel\u0117! Nukelkite savo k\u016bdik\u012f \u012f magi\u0161k\u0105 kelion\u0119 per skirting\u0173 form\u0173 pasaul\u012f. Magi\u0161ka audinio knygel\u0117 su kontrastiniais ra\u0161tais yra puikus pasirinkimas vaikams, kurie tik mokosi apie juos pasaul\u012f. Knygel\u0117je net 12 skirting\u0173 ra\u0161t\u0173.<\/p>\n<p>I\u0161skleista knyg\u0105 puikiai tinka kaip lovel\u0117s apsauga. Padedami virveli\u0173, galite j\u0105 lengvai pritvirtinti prie vaiki\u0161kos lovel\u0117s groteli\u0173. Visi puslapiai gali i\u0161skleisti ir sudaro vientis\u0105 juost\u0105.<\/p>\n<p>Pagaminta atkreipiant d\u0117mes\u012f \u012f kiekvien\u0105 smulkmen\u0105, ypating\u0105 d\u0117mes\u012f skiriant ma\u017eiausi\u0173 poreikiams. Skaitymo knygoje yra daug staigmen\u0173, kurios skatins smalsum\u0105 ma\u017eiausiame am\u017eiuje. Knygel\u0117je rasite puslapius su skirtingomis tekst\u016bromis ir savyb\u0117mis. Viskas tam, kad lengvai r\u016bpintum\u0117t\u0117s j\u016bs\u0173 ma\u017eojo \u0161eimos nario vystymusi.<\/p>\n<p>Nuo pat pirm\u0173j\u0173 k\u016bdikio gyvenimo akimirk\u0173 poj\u016b\u010di\u0173 stimuliacija atlieka svarb\u0173 vaidmen\u012f tinkamam jo vystymuisi. \u017daisdami su knyga-apsauga k\u016bdikis:<\/p>\n<ul>\n<li>Treniruos reg\u0105<\/li>\n<li>Tobulins aki\u0173-rank\u0173 koordinacij\u0105<\/li>\n<li>Treniruos rank\u0173 \u012fg\u016bd\u017ei\u0173 ir su\u0117mimo \u012fg\u016bd\u017ei\u0173 vystym\u0105.<\/li>\n<li>Stimuliuos regos ir lyt\u0117jimo poj\u016b\u010dius.<\/li>\n<\/ul>\n<p>Kontrastuojantys ra\u0161tai patrauks k\u016bdikio d\u0117mes\u012f ir skatins \u017eaidim\u0105. Funkcin\u0117 ir eleganti\u0161ka puo\u0161mena k\u016bdikio kambaryje.<\/p>\n<p>Knyga pagaminta tik i\u0161 med\u017eiagos, ji yra lengva ir nereikalauja daug vietos. Galite j\u0105 pasiimti \u012f kelion\u0119 ar pas gydytoj\u0105 &#8211; ji padarys j\u016bs\u0173 vaiko laik\u0105 malonesniu, laukiant ilgose eil\u0117se.<\/p>\n<p>Vaiko am\u017eius: 0+<\/p>\n","protected":false},"excerpt":{"rendered":"<p>J\u016bs\u0173 vaiko pirmoji skaitymo knygel\u0117! Nukelkite savo k\u016bdik\u012f \u012f magi\u0161k\u0105 kelion\u0119 per skirting\u0173 form\u0173 pasaul\u012f. Magi\u0161ka audinio knygel\u0117 su kontrastiniais ra\u0161tais yra puikus pasirinkimas vaikams, kurie tik mokosi apie juos pasaul\u012f. Knygel\u0117je net 12 skirting\u0173 ra\u0161t\u0173. I\u0161skleista knyg\u0105 puikiai tinka kaip lovel\u0117s apsauga. Padedami virveli\u0173, galite j\u0105 lengvai pritvirtinti prie vaiki\u0161kos lovel\u0117s groteli\u0173. Visi puslapiai<\/p>\n<div class=\"more-link\">\n\t\t\t\t <a href=\"https:\/\/elfuratas.lt\/index.php\/product\/knyga-lovytes-apsauga-kontrastai\/\" class=\"link-btn\"><span>Skaityti toliau <\/span> <i class=\"icofont-thin-double-right\"><\/i><\/a>\n\t\t\t<\/div>\n","protected":false},"featured_media":772,"template":"","meta":[],"product_brand":[],"product_cat":[56],"product_tag":[],"class_list":{"0":"post-767","1":"product","2":"type-product","3":"status-publish","4":"has-post-thumbnail","6":"product_cat-knygeles","8":"first","9":"instock","10":"taxable","11":"shipping-taxable","12":"purchasable","13":"product-type-simple"},"_links":{"self":[{"href":"https:\/\/elfuratas.lt\/index.php\/wp-json\/wp\/v2\/product\/767","targetHints":{"allow":["GET"]}}],"collection":[{"href":"https:\/\/elfuratas.lt\/index.php\/wp-json\/wp\/v2\/product"}],"about":[{"href":"https:\/\/elfuratas.lt\/index.php\/wp-json\/wp\/v2\/types\/product"}],"wp:featuredmedia":[{"embeddable":true,"href":"https:\/\/elfuratas.lt\/index.php\/wp-json\/wp\/v2\/media\/772"}],"wp:attachment":[{"href":"https:\/\/elfuratas.lt\/index.php\/wp-json\/wp\/v2\/media?parent=767"}],"wp:term":[{"taxonomy":"product_brand","embeddable":true,"href":"https:\/\/elfuratas.lt\/index.php\/wp-json\/wp\/v2\/product_brand?post=767"},{"taxonomy":"product_cat","embeddable":true,"href":"https:\/\/elfuratas.lt\/index.php\/wp-json\/wp\/v2\/product_cat?post=767"},{"taxonomy":"product_tag","embeddable":true,"href":"https:\/\/elfuratas.lt\/index.php\/wp-json\/wp\/v2\/product_tag?post=767"}],"curies":[{"name":"wp","href":"https:\/\/api.w.org\/{rel}","templated":true}]}}