{"id":738,"date":"2023-10-31T21:45:31","date_gmt":"2023-10-31T18:45:31","guid":{"rendered":"https:\/\/elfuratas.lt\/?post_type=product&#038;p=738"},"modified":"2023-10-31T21:45:31","modified_gmt":"2023-10-31T18:45:31","slug":"balansinis-bokstas-su-klounais","status":"publish","type":"product","link":"https:\/\/elfuratas.lt\/index.php\/product\/balansinis-bokstas-su-klounais\/","title":{"rendered":"Balansinis bok\u0161tas su klounais"},"content":{"rendered":"<p>Sveiki atvyk\u0119 \u012f cirk\u0105! Joks tikrame cirkas negali b\u016bti be kloun\u0173!<\/p>\n<p>\u0160iame rinkinyje rasite 16 \u012fvairi\u0173 spalv\u0173 kloun\u0173 fig\u016br\u0173, kiekviena j\u0173 vis kitu kostiumu. J\u016bs\u0173 u\u017eduotis &#8211; sud\u0117ti juos \u012f kuo auk\u0161tesn\u012f bok\u0161t\u0105. Kaip tai padarysite, priklauso nuo j\u016bs\u0173! Niekas nekliudo patikrinti, ar klounai gali stov\u0117ti ant rank\u0173!<\/p>\n<p>\u017daidimas reikalauja koncentracijos ir kantryb\u0117s. Jis lavina d\u0117mes\u012f ir rank\u0173 miklum\u0105, tikslum\u0105, skatina smulki\u0105j\u0105 motorik\u0105 ir geb\u0117jim\u0105 susidoroti su pralaim\u0117jimu. Bok\u0161to suk\u016brimas n\u0117ra taip paprasta, kaip gali pasirodyti! Be to, d\u0117l to, kad klounai turi skirting\u0105 rank\u0173 pad\u0117t\u012f, yra daugyb\u0117 galimybi\u0173 sud\u0117ti skirtingus bok\u0161tus.<\/p>\n<p>Taip pat galima sudaryti fig\u016br\u0173 eil\u0119 ir daugel\u012f kit\u0173 form\u0173. Rinkinys skatina vaizduot\u0119 ir tikrai patiks k\u016brybi\u0161kiems ma\u017eiesiems, kurie m\u0117gsta kurti fantastinius pasaulius.<\/p>\n<p>Rinkinio sud\u0117tis:<\/p>\n<ul>\n<li>16 kloun\u0173 fig\u016bros<\/li>\n<li>2 kamuoliai<\/li>\n<li>lipduk\u0173 rinkinys<\/li>\n<\/ul>\n<p>Med\u017eiaga: plastikas<\/p>\n<p>Klouno fig\u016bros matmenys: 7 cm x 5,5 cm x 1,5 cm \/ 7 cm x 8,5 cm x 1,5 cm<\/p>\n","protected":false},"excerpt":{"rendered":"<p>Sveiki atvyk\u0119 \u012f cirk\u0105! Joks tikrame cirkas negali b\u016bti be kloun\u0173! \u0160iame rinkinyje rasite 16 \u012fvairi\u0173 spalv\u0173 kloun\u0173 fig\u016br\u0173, kiekviena j\u0173 vis kitu kostiumu. J\u016bs\u0173 u\u017eduotis &#8211; sud\u0117ti juos \u012f kuo auk\u0161tesn\u012f bok\u0161t\u0105. Kaip tai padarysite, priklauso nuo j\u016bs\u0173! Niekas nekliudo patikrinti, ar klounai gali stov\u0117ti ant rank\u0173! \u017daidimas reikalauja koncentracijos ir kantryb\u0117s. Jis lavina<\/p>\n<div class=\"more-link\">\n\t\t\t\t <a href=\"https:\/\/elfuratas.lt\/index.php\/product\/balansinis-bokstas-su-klounais\/\" class=\"link-btn\"><span>Skaityti toliau <\/span> <i class=\"icofont-thin-double-right\"><\/i><\/a>\n\t\t\t<\/div>\n","protected":false},"featured_media":739,"template":"","meta":[],"product_brand":[],"product_cat":[24],"product_tag":[],"class_list":{"0":"post-738","1":"product","2":"type-product","3":"status-publish","4":"has-post-thumbnail","6":"product_cat-deliones","8":"first","9":"instock","10":"taxable","11":"shipping-taxable","12":"purchasable","13":"product-type-simple"},"_links":{"self":[{"href":"https:\/\/elfuratas.lt\/index.php\/wp-json\/wp\/v2\/product\/738","targetHints":{"allow":["GET"]}}],"collection":[{"href":"https:\/\/elfuratas.lt\/index.php\/wp-json\/wp\/v2\/product"}],"about":[{"href":"https:\/\/elfuratas.lt\/index.php\/wp-json\/wp\/v2\/types\/product"}],"wp:featuredmedia":[{"embeddable":true,"href":"https:\/\/elfuratas.lt\/index.php\/wp-json\/wp\/v2\/media\/739"}],"wp:attachment":[{"href":"https:\/\/elfuratas.lt\/index.php\/wp-json\/wp\/v2\/media?parent=738"}],"wp:term":[{"taxonomy":"product_brand","embeddable":true,"href":"https:\/\/elfuratas.lt\/index.php\/wp-json\/wp\/v2\/product_brand?post=738"},{"taxonomy":"product_cat","embeddable":true,"href":"https:\/\/elfuratas.lt\/index.php\/wp-json\/wp\/v2\/product_cat?post=738"},{"taxonomy":"product_tag","embeddable":true,"href":"https:\/\/elfuratas.lt\/index.php\/wp-json\/wp\/v2\/product_tag?post=738"}],"curies":[{"name":"wp","href":"https:\/\/api.w.org\/{rel}","templated":true}]}}