{"id":726,"date":"2023-10-31T21:29:38","date_gmt":"2023-10-31T18:29:38","guid":{"rendered":"https:\/\/elfuratas.lt\/?post_type=product&#038;p=726"},"modified":"2023-10-31T21:29:38","modified_gmt":"2023-10-31T18:29:38","slug":"spalvoti-edukaciniai-kubai-su-skaiciais-ir-vaisiais","status":"publish","type":"product","link":"https:\/\/elfuratas.lt\/index.php\/product\/spalvoti-edukaciniai-kubai-su-skaiciais-ir-vaisiais\/","title":{"rendered":"Spalvoti edukaciniai kubai su skai\u010diais ir vaisiais"},"content":{"rendered":"<p>Kiekvienam vaikui patinka \u017eaisti! Be to, kiekvienas vaikas privalo i\u0161mokti daug skirting\u0173 \u012fg\u016bd\u017ei\u0173 ir \u012fsisavinti pagrindinius \u017einias. Tai kod\u0117l nesujungti \u017eaidimo ir mokymosi? Ar tai i\u0161 viso \u012fmanoma? Be abejo!<\/p>\n<p>SPALVINGI EDUKACINIAI KUBAI! Ry\u0161kios spalvos ir gra\u017eios iliustracijos ant edukacini\u0173 kub\u0173 tikrai privers kiekvien\u0105 ma\u017eyl\u012f \u017eaisti kartu. Pagrindin\u0117 u\u017eduotis yra sukurti bok\u0161t\u0105, naudojant visus rinkinio kubus. Prad\u017eioje \u0161is sud\u0117tingas u\u017edavinys gali sukelti sunkum\u0173. Vaikui reik\u0117s paai\u0161kinti, kaip tinkamai i\u0161d\u0117styti detales. Ta\u010diau su \u0161iek tiek patirties ma\u017eylis greitai sukurs piramid\u0119, d\u0117damas kubus vien\u0105 ant kito!<\/p>\n<p>Rinkinys spalving\u0173 kub\u0173 \u012fvairi\u0173 spalv\u0173 ir dyd\u017ei\u0173 u\u017etikrins daug smagumo ir tuo pat metu i\u0161mokys daug verting\u0173 \u012fg\u016bd\u017ei\u0173!<\/p>\n<p>MOKYMASIS PER \u017dAIDIM\u0104! Kub\u0173 pak\u0117limas ir i\u0161d\u0117stymas vieno ant kito tur\u0117s \u012ftakos rank\u0173 darbo \u012fg\u016bd\u017eiams, lavins pir\u0161t\u0173 tikslum\u0105 ir pagerins regos-judesi\u0173 koordinacij\u0105 vaikams. Tai taip pat skatins intelekto \u012fg\u016bd\u017eius &#8211; b\u016bsimi konstruktyv\u016bs planai ugdys k\u016brybi\u0161kum\u0105 ir stiprins login\u012f m\u0105stym\u0105.<\/p>\n<p>Ant kub\u0173 yra skai\u010diai (nuo vieno iki a\u0161tuoni\u0173) ir \u012fvair\u016bs vaisiai su angli\u0161kais pavadinimais. Tai leis mokytis skai\u010di\u0173 ir vaisi\u0173 pavadinim\u0173 draugi\u0161ku b\u016bdu. \u012evairios kub\u0173 spalvos pad\u0117s prisiminti ir atskirti spalvas, o angl\u0173 kalba pad\u0117s susipa\u017einti su nauja kalba.<\/p>\n<p>\u017dAIDIMAS BET KURIUO METU IR BET KUR! \u0160iu \u017eaislu galima \u017eaisti namuose, sm\u0117lio d\u0117\u017e\u0117je, papl\u016bdimyje &#8211; bet kur, kur tik norite. Be to, galimybi\u0173 \u017eaisti su kubais skai\u010dius i\u0161 ties\u0173 neribojamas, visa tai priklauso nuo j\u016bs\u0173 i\u0161skirtin\u0117s vaizduot\u0117s.<\/p>\n<p>Kiekvienas i\u0161 kub\u0173 taip pat turi skirtingus gyv\u016bn\u0117lius su skylut\u0117mis, kurios padarys kiekvien\u0105 maudym\u0105si vonioje puikia pramoga. Vaikai gali pilstyti vanden\u012f \u012f kubus ir steb\u0117ti, kaip jis la\u0161a.<\/p>\n<p>PAPRASTA, BET DAUG GALIMYBI\u0172 SUTEIKIANTIS \u017dAIDIMAS! \u0160is kub\u0173 rinkinys, b\u016bdamas originalaus tipo edukacini\u0173 kub\u0173 versija, tikrai suvilios vaikus ir suteiks daugyb\u0119 nesibaigian\u010dio \u017eaidimo d\u017eiaugsmo!<\/p>\n<p><strong>Pagrindiniai \u0161io produkto mokymo aspektai:<\/strong><\/p>\n<ul>\n<li>Spalv\u0173, vaisi\u0173 pavadinim\u0173, skai\u010di\u0173 ir angl\u0173 kalbos \u017eod\u017ei\u0173 mokymas<\/li>\n<li>Rank\u0173 koordinacijos \u012fg\u016bd\u017ei\u0173 gerinimas<\/li>\n<li>K\u016brybi\u0161kumo ir loginio m\u0105stymo tobulinimas<\/li>\n<\/ul>\n<p>Kub\u0173 skai\u010dius: 9<\/p>\n<p>Sukurtas bok\u0161tas: 8 cm x 38,2 cm<br \/>\nDid\u017eiausio kubo skersmuo: 5,9 cm<\/p>\n","protected":false},"excerpt":{"rendered":"<p>Kiekvienam vaikui patinka \u017eaisti! Be to, kiekvienas vaikas privalo i\u0161mokti daug skirting\u0173 \u012fg\u016bd\u017ei\u0173 ir \u012fsisavinti pagrindinius \u017einias. Tai kod\u0117l nesujungti \u017eaidimo ir mokymosi? Ar tai i\u0161 viso \u012fmanoma? Be abejo! SPALVINGI EDUKACINIAI KUBAI! Ry\u0161kios spalvos ir gra\u017eios iliustracijos ant edukacini\u0173 kub\u0173 tikrai privers kiekvien\u0105 ma\u017eyl\u012f \u017eaisti kartu. Pagrindin\u0117 u\u017eduotis yra sukurti bok\u0161t\u0105, naudojant visus rinkinio<\/p>\n<div class=\"more-link\">\n\t\t\t\t <a href=\"https:\/\/elfuratas.lt\/index.php\/product\/spalvoti-edukaciniai-kubai-su-skaiciais-ir-vaisiais\/\" class=\"link-btn\"><span>Skaityti toliau <\/span> <i class=\"icofont-thin-double-right\"><\/i><\/a>\n\t\t\t<\/div>\n","protected":false},"featured_media":737,"template":"","meta":[],"product_brand":[],"product_cat":[61],"product_tag":[],"class_list":{"0":"post-726","1":"product","2":"type-product","3":"status-publish","4":"has-post-thumbnail","6":"product_cat-rusiavimo-zaidimai","8":"first","9":"instock","10":"taxable","11":"shipping-taxable","12":"purchasable","13":"product-type-simple"},"_links":{"self":[{"href":"https:\/\/elfuratas.lt\/index.php\/wp-json\/wp\/v2\/product\/726","targetHints":{"allow":["GET"]}}],"collection":[{"href":"https:\/\/elfuratas.lt\/index.php\/wp-json\/wp\/v2\/product"}],"about":[{"href":"https:\/\/elfuratas.lt\/index.php\/wp-json\/wp\/v2\/types\/product"}],"wp:featuredmedia":[{"embeddable":true,"href":"https:\/\/elfuratas.lt\/index.php\/wp-json\/wp\/v2\/media\/737"}],"wp:attachment":[{"href":"https:\/\/elfuratas.lt\/index.php\/wp-json\/wp\/v2\/media?parent=726"}],"wp:term":[{"taxonomy":"product_brand","embeddable":true,"href":"https:\/\/elfuratas.lt\/index.php\/wp-json\/wp\/v2\/product_brand?post=726"},{"taxonomy":"product_cat","embeddable":true,"href":"https:\/\/elfuratas.lt\/index.php\/wp-json\/wp\/v2\/product_cat?post=726"},{"taxonomy":"product_tag","embeddable":true,"href":"https:\/\/elfuratas.lt\/index.php\/wp-json\/wp\/v2\/product_tag?post=726"}],"curies":[{"name":"wp","href":"https:\/\/api.w.org\/{rel}","templated":true}]}}