{"id":720,"date":"2023-10-31T21:10:50","date_gmt":"2023-10-31T18:10:50","guid":{"rendered":"https:\/\/elfuratas.lt\/?post_type=product&#038;p=720"},"modified":"2023-10-31T21:10:50","modified_gmt":"2023-10-31T18:10:50","slug":"domino-statantis-traukinukas","status":"publish","type":"product","link":"https:\/\/elfuratas.lt\/index.php\/product\/domino-statantis-traukinukas\/","title":{"rendered":"Domino statantis traukinukas"},"content":{"rendered":"<p>Spalvingas interaktyvus lokomotyvas, kuris sud\u0117lioja domino kauliukus. Lokomotyvas d\u0117lioja kauliukus taisyklingais intervalais, kas kart\u0105 \u0161viesdamas ir skleisdamas gars\u0105. Kelio krypt\u012f galima nustatyti naudojant lokomotyvo kamin\u0105. Pasukite ir jis suks ta kryptimi.<\/p>\n<p>Su juo galima kurti sud\u0117tingus domino kauliuk\u0173 eilutes, kurias v\u0117liau galima \u012fsp\u016bdingai nugriauti. Ir nereik\u0117s v\u0117l d\u0117ti rankomis! Tereik\u0117s sud\u0117ti \u012f speciali\u0105 kauliuk\u0173 padavimo d\u0117\u017eut\u0119. O visa kita u\u017e jus padarys traukinukas.<\/p>\n<p>Fantasti\u0161kas lokomotyvas, skatinantis linksmai pramogauti, rinkti, r\u016b\u0161iuoti ir suprasti bazinius fizikos d\u0117snius griaunant domino kauliukus. \u017daislas moko vaik\u0105 spr\u0119sti problemas ir tobulinti regos-jud\u0117jimo koordinacij\u0105.<\/p>\n<p>Puikus dovan\u0173 pasirinkimas!<\/p>\n<p>Ry\u0161kios, sodrios spalvos ir \u012fdomus dizainas patrauks vaiko d\u0117mes\u012f ir skatins \u017eaisti.<\/p>\n<p><strong>Privalumai:<\/strong><\/p>\n<ul>\n<li>Turi \u0161viesos ir garso efektus<\/li>\n<li>skatina k\u016brybines geb\u0117jimas<\/li>\n<li>skatina rank\u0173 darb\u0173 \u012fg\u016bd\u017eius<\/li>\n<li>skatina regos-jud\u0117jimo koordinacij\u0105<\/li>\n<li>skatina vaizduot\u0119 ir k\u016brybi\u0161kum\u0105<\/li>\n<li>u\u017etikrina ilgalaik\u012f \u017eaidim\u0105<\/li>\n<\/ul>\n<p><strong>Rinkinyje yra:<\/strong><\/p>\n<ul>\n<li>Spalvingas lokomotyvas<\/li>\n<li>Kauliuk\u0173 i\u0161d\u0117stymo \u012frenginys<\/li>\n<li>80 blok\u0173<\/li>\n<li>Plastikin\u0117 figur\u0117l\u012f domino kauliukams nugriauti<\/li>\n<\/ul>\n<p>Lokomotyvas veikia su baterijomis: 2xAA 1,5V (n\u0117ra pridedamos)<\/p>\n<p><strong>Matmenys:<\/strong><\/p>\n<ul>\n<li>Lokomotyvas: 16 cm x 10 cm x 7 cm<\/li>\n<li>Blok\u0173 i\u0161d\u0117stymo \u012frenginys: 24,5 cm x 4 cm x 2,5 cm<\/li>\n<li>80 blok\u0173: 3,3 cm x 1,7 cm x 0,7 cm<\/li>\n<li>Plastikin\u0117 fig\u016br\u0117l\u0117: 6,5 cm x 7 cm<\/li>\n<\/ul>\n","protected":false},"excerpt":{"rendered":"<p>Spalvingas interaktyvus lokomotyvas, kuris sud\u0117lioja domino kauliukus. Lokomotyvas d\u0117lioja kauliukus taisyklingais intervalais, kas kart\u0105 \u0161viesdamas ir skleisdamas gars\u0105. Kelio krypt\u012f galima nustatyti naudojant lokomotyvo kamin\u0105. Pasukite ir jis suks ta kryptimi. Su juo galima kurti sud\u0117tingus domino kauliuk\u0173 eilutes, kurias v\u0117liau galima \u012fsp\u016bdingai nugriauti. Ir nereik\u0117s v\u0117l d\u0117ti rankomis! Tereik\u0117s sud\u0117ti \u012f speciali\u0105 kauliuk\u0173 padavimo<\/p>\n<div class=\"more-link\">\n\t\t\t\t <a href=\"https:\/\/elfuratas.lt\/index.php\/product\/domino-statantis-traukinukas\/\" class=\"link-btn\"><span>Skaityti toliau <\/span> <i class=\"icofont-thin-double-right\"><\/i><\/a>\n\t\t\t<\/div>\n","protected":false},"featured_media":725,"template":"","meta":[],"product_brand":[],"product_cat":[24,32],"product_tag":[],"class_list":{"0":"post-720","1":"product","2":"type-product","3":"status-publish","4":"has-post-thumbnail","6":"product_cat-deliones","7":"product_cat-ivairus-zaislai","9":"first","10":"instock","11":"taxable","12":"shipping-taxable","13":"purchasable","14":"product-type-simple"},"_links":{"self":[{"href":"https:\/\/elfuratas.lt\/index.php\/wp-json\/wp\/v2\/product\/720","targetHints":{"allow":["GET"]}}],"collection":[{"href":"https:\/\/elfuratas.lt\/index.php\/wp-json\/wp\/v2\/product"}],"about":[{"href":"https:\/\/elfuratas.lt\/index.php\/wp-json\/wp\/v2\/types\/product"}],"wp:featuredmedia":[{"embeddable":true,"href":"https:\/\/elfuratas.lt\/index.php\/wp-json\/wp\/v2\/media\/725"}],"wp:attachment":[{"href":"https:\/\/elfuratas.lt\/index.php\/wp-json\/wp\/v2\/media?parent=720"}],"wp:term":[{"taxonomy":"product_brand","embeddable":true,"href":"https:\/\/elfuratas.lt\/index.php\/wp-json\/wp\/v2\/product_brand?post=720"},{"taxonomy":"product_cat","embeddable":true,"href":"https:\/\/elfuratas.lt\/index.php\/wp-json\/wp\/v2\/product_cat?post=720"},{"taxonomy":"product_tag","embeddable":true,"href":"https:\/\/elfuratas.lt\/index.php\/wp-json\/wp\/v2\/product_tag?post=720"}],"curies":[{"name":"wp","href":"https:\/\/api.w.org\/{rel}","templated":true}]}}