{"id":72,"date":"2023-07-04T08:34:26","date_gmt":"2023-07-04T05:34:26","guid":{"rendered":"https:\/\/elfuratas.lt\/?post_type=product&#038;p=72"},"modified":"2023-12-06T14:54:45","modified_gmt":"2023-12-06T11:54:45","slug":"pripuciamas-zaidimu-kilimelis","status":"publish","type":"product","link":"https:\/\/elfuratas.lt\/index.php\/product\/pripuciamas-zaidimu-kilimelis\/","title":{"rendered":"Pripu\u010diamas \u017eaidim\u0173 kilim\u0117lis"},"content":{"rendered":"<p>Saugus ir \u012fdomus &#8211; toks turi b\u016bti \u017eaislas ma\u017eiausiems. Prip\u016bskite kra\u0161tus, vidur\u012f u\u017epildykite vandeniui ir \u0161is kilim\u0117lis taps vienu \u012fdomiausiu lavinamuoju \u017eaislu J\u016bs\u0173 ma\u017eyliui. Viduje plaukioja spalvingi vandens gyv\u016bnai, tod\u0117l vaikas ne tik u\u017esiims, bet ir prad\u0117s pa\u017eint\u012f su \u012fvairiais gamtos k\u016briniais.<\/p>\n<p>\u0160is kilim\u0117lis kartu ir puiki priemon\u0117 raminti pilvo dieglius &#8211; tiesiog pripilkite \u0161ilto vandens ir paguldykite k\u016bdik\u012f ant pilvo, u\u017edenkite lengva antklode, bus \u0161ilta, jauku, ramu ir vaikui \u012fdomu!<\/p>\n<p>Tai saugi priemon\u0117 mank\u0161tinti raumenims, nuo koj\u0173 iki galvos! Besimank\u0161tindamas vaikas lavins ir aki\u0173 koordinacij\u0105, sekdamas jam \u012fdomius ir patinkan\u010dius gyv\u016bn\u0117lius.<\/p>\n<p>Paruo\u0161ti kilim\u0117l\u012f \u017eaidimams tereiks poros minu\u010di\u0173, o sulankstytas jis u\u017eima labai nedaug vietos!<\/p>\n<p>Kilim\u0117lis vandens nepraleid\u017eia, tad tai saugus pasirinkimas namuose. Neb\u016btina kas kart\u0105 vanden\u012f i\u0161pilti jei, pavyzd\u017eiui, i\u0161einate pasivaik\u0161\u010dioti.<\/p>\n","protected":false},"excerpt":{"rendered":"<p>Pripu\u010diamas vandens kilim\u0117lis ma\u017eiausi\u0173j\u0173 vaik\u0173 \u017eaidimams. Ne tik \u017eaislas, bet ir puiki vieta treniruot\u0117ms!<\/p>\n","protected":false},"featured_media":77,"template":"","meta":[],"product_brand":[],"product_cat":[28],"product_tag":[],"class_list":{"0":"post-72","1":"product","2":"type-product","3":"status-publish","4":"has-post-thumbnail","6":"product_cat-kilimeliai","8":"first","9":"outofstock","10":"taxable","11":"shipping-taxable","12":"purchasable","13":"product-type-simple"},"_links":{"self":[{"href":"https:\/\/elfuratas.lt\/index.php\/wp-json\/wp\/v2\/product\/72","targetHints":{"allow":["GET"]}}],"collection":[{"href":"https:\/\/elfuratas.lt\/index.php\/wp-json\/wp\/v2\/product"}],"about":[{"href":"https:\/\/elfuratas.lt\/index.php\/wp-json\/wp\/v2\/types\/product"}],"wp:featuredmedia":[{"embeddable":true,"href":"https:\/\/elfuratas.lt\/index.php\/wp-json\/wp\/v2\/media\/77"}],"wp:attachment":[{"href":"https:\/\/elfuratas.lt\/index.php\/wp-json\/wp\/v2\/media?parent=72"}],"wp:term":[{"taxonomy":"product_brand","embeddable":true,"href":"https:\/\/elfuratas.lt\/index.php\/wp-json\/wp\/v2\/product_brand?post=72"},{"taxonomy":"product_cat","embeddable":true,"href":"https:\/\/elfuratas.lt\/index.php\/wp-json\/wp\/v2\/product_cat?post=72"},{"taxonomy":"product_tag","embeddable":true,"href":"https:\/\/elfuratas.lt\/index.php\/wp-json\/wp\/v2\/product_tag?post=72"}],"curies":[{"name":"wp","href":"https:\/\/api.w.org\/{rel}","templated":true}]}}