{"id":703,"date":"2023-10-31T20:07:35","date_gmt":"2023-10-31T17:07:35","guid":{"rendered":"https:\/\/elfuratas.lt\/?post_type=product&#038;p=703"},"modified":"2025-11-30T10:33:23","modified_gmt":"2025-11-30T07:33:23","slug":"magnetinis-labirintas-varle","status":"publish","type":"product","link":"https:\/\/elfuratas.lt\/index.php\/product\/magnetinis-labirintas-varle\/","title":{"rendered":"Magnetinis labirintas \u201eVarl\u0117\u201c"},"content":{"rendered":"<p>Varlyt\u0117je u\u017edarytas metalini\u0173 kamuoliuk\u0173 labirintas &#8211; tai smagus \u017eaidimas, kurio tikslas yra naudojant magneto ra\u0161ikl\u012f perkelti spalvotus kamuoliukus \u012f centr\u0105. Be to, kamuoliuk\u0105 galima valdyti paver\u010diant \u017eaisl\u0105.<\/p>\n<p>Vis\u0105 labirint\u0105 dengia plonas skaidrus stiklas, tod\u0117l \u017eaidima saugus ir ma\u017eesniems vaikams.<\/p>\n<p>Labirintas palankiai veikia loginio m\u0105stymo ir regos bei jud\u0117si\u0173 koordinacijos vystym\u0105si. Be to, \u017eaidimas labirintu puikiai treniruoja koncentracij\u0105. Tai taip pat puiki priemon\u0117 mokantis spalv\u0173 pavadinimus.<\/p>\n<p>\u017davinga varlyt\u0117 taps puikiu draugu ilgose kelion\u0117se!<\/p>\n<p>Magnetinis pagaliukas yra pritvirtintas juostel\u0117s pagalba, kad b\u016bt\u0173 i\u0161vengta jo pamir\u0161imo ar pametimo.<\/p>\n<p>Visos \u017eaislo kra\u0161tai yra kruop\u0161\u010diai nulyginti, kad b\u016bt\u0173 i\u0161vengta nemaloni\u0173 poj\u016b\u010di\u0173 ir rizikos vaikams.<\/p>\n","protected":false},"excerpt":{"rendered":"<p>Varlyt\u0117je u\u017edarytas metalini\u0173 kamuoliuk\u0173 labirintas &#8211; tai smagus \u017eaidimas, kurio tikslas yra naudojant magneto ra\u0161ikl\u012f perkelti spalvotus kamuoliukus \u012f centr\u0105. Be to, kamuoliuk\u0105 galima valdyti paver\u010diant \u017eaisl\u0105. Vis\u0105 labirint\u0105 dengia plonas skaidrus stiklas, tod\u0117l \u017eaidima saugus ir ma\u017eesniems vaikams. Labirintas palankiai veikia loginio m\u0105stymo ir regos bei jud\u0117si\u0173 koordinacijos vystym\u0105si. Be to, \u017eaidimas labirintu puikiai<\/p>\n<div class=\"more-link\">\n\t\t\t\t <a href=\"https:\/\/elfuratas.lt\/index.php\/product\/magnetinis-labirintas-varle\/\" class=\"link-btn\"><span>Skaityti toliau <\/span> <i class=\"icofont-thin-double-right\"><\/i><\/a>\n\t\t\t<\/div>\n","protected":false},"featured_media":706,"template":"","meta":[],"product_brand":[],"product_cat":[66],"product_tag":[],"class_list":{"0":"post-703","1":"product","2":"type-product","3":"status-publish","4":"has-post-thumbnail","6":"product_cat-galvosukiai","8":"first","9":"instock","10":"taxable","11":"shipping-taxable","12":"purchasable","13":"product-type-simple"},"_links":{"self":[{"href":"https:\/\/elfuratas.lt\/index.php\/wp-json\/wp\/v2\/product\/703","targetHints":{"allow":["GET"]}}],"collection":[{"href":"https:\/\/elfuratas.lt\/index.php\/wp-json\/wp\/v2\/product"}],"about":[{"href":"https:\/\/elfuratas.lt\/index.php\/wp-json\/wp\/v2\/types\/product"}],"wp:featuredmedia":[{"embeddable":true,"href":"https:\/\/elfuratas.lt\/index.php\/wp-json\/wp\/v2\/media\/706"}],"wp:attachment":[{"href":"https:\/\/elfuratas.lt\/index.php\/wp-json\/wp\/v2\/media?parent=703"}],"wp:term":[{"taxonomy":"product_brand","embeddable":true,"href":"https:\/\/elfuratas.lt\/index.php\/wp-json\/wp\/v2\/product_brand?post=703"},{"taxonomy":"product_cat","embeddable":true,"href":"https:\/\/elfuratas.lt\/index.php\/wp-json\/wp\/v2\/product_cat?post=703"},{"taxonomy":"product_tag","embeddable":true,"href":"https:\/\/elfuratas.lt\/index.php\/wp-json\/wp\/v2\/product_tag?post=703"}],"curies":[{"name":"wp","href":"https:\/\/api.w.org\/{rel}","templated":true}]}}