{"id":693,"date":"2023-10-31T19:44:45","date_gmt":"2023-10-31T16:44:45","guid":{"rendered":"https:\/\/elfuratas.lt\/?post_type=product&#038;p=693"},"modified":"2025-11-12T21:49:40","modified_gmt":"2025-11-12T18:49:40","slug":"emociju-zaidimas","status":"publish","type":"product","link":"https:\/\/elfuratas.lt\/index.php\/product\/emociju-zaidimas\/","title":{"rendered":"Emocij\u0173 \u017eaidimas"},"content":{"rendered":"<p>\u0160iandien jau\u010diuosi puikiai! \ud83d\ude03 \u0160is u\u017ekabinantis loginis \u017eaidimas, kuriame reikia sudaryti veidus su emocijomis, suteikia daug d\u017eiaugsmo ir smagumo. \u017daidimo taisykl\u0117s yra labai paprastos:<\/p>\n<p>I\u0161traukite kort\u0105 su ry\u0161kia mimika ir sukurkite j\u0105 kiek \u012fmanoma grei\u010diau, naudodami tinkam\u0173 spalv\u0173 kubelius! Viskas!<\/p>\n<p>Tai gali atrodyti paprasta, bet b\u016bkite atsarg\u016bs, nepasiduokite iliuzijoms.<\/p>\n<p>Laimi tas, kuris grei\u010diausiai sudaro 10 mimik\u0173.<\/p>\n<p>\u0160is \u017eaidimas, pilnas i\u0161\u0161\u016bki\u0173, ne tik teikia d\u017eiaugsmo, bet ir padeda i\u0161mokti atpa\u017einti ir i\u0161reik\u0161ti emocijas. Be to, jis skatina k\u016brybi\u0161kum\u0105, palaiko login\u012f m\u0105stym\u0105 ir skatin\u0105 tinkam\u0105 rank\u0173 darbo raid\u0105.<\/p>\n<p>Tai fantasti\u0161kas \u017eaidimas, kuris pritraukia vis\u0105 \u0161eim\u0105 ir turi teigiam\u0105 poveik\u012f emocijoms!<\/p>\n<p>U\u017etikriname, kad tai puiki pramoga, puikus b\u016bdas praleisti laisvalaik\u012f, d\u017eiugina ne tik vaikus.<\/p>\n<p>Rinkinyje:<\/p>\n<ul>\n<li>16 kubeli\u0173 (keturios skirtingos spalvos),<\/li>\n<li>64 kortel\u0117s su \u012fvairiomis mimikomis.<\/li>\n<\/ul>\n<p>Matmenys:<\/p>\n<ul>\n<li>Kubelis 2 cm x 2 cm x 2 cm<\/li>\n<li>Kortel\u0117 6 cm x 6 cm<\/li>\n<\/ul>\n<p>Puiki pramoga garantuota!<\/p>\n","protected":false},"excerpt":{"rendered":"<p>\u0160iandien jau\u010diuosi puikiai! \ud83d\ude03 \u0160is u\u017ekabinantis loginis \u017eaidimas, kuriame reikia sudaryti veidus su emocijomis, suteikia daug d\u017eiaugsmo ir smagumo. \u017daidimo taisykl\u0117s yra labai paprastos: I\u0161traukite kort\u0105 su ry\u0161kia mimika ir sukurkite j\u0105 kiek \u012fmanoma grei\u010diau, naudodami tinkam\u0173 spalv\u0173 kubelius! Viskas! Tai gali atrodyti paprasta, bet b\u016bkite atsarg\u016bs, nepasiduokite iliuzijoms. Laimi tas, kuris grei\u010diausiai sudaro 10<\/p>\n<div class=\"more-link\">\n\t\t\t\t <a href=\"https:\/\/elfuratas.lt\/index.php\/product\/emociju-zaidimas\/\" class=\"link-btn\"><span>Skaityti toliau <\/span> <i class=\"icofont-thin-double-right\"><\/i><\/a>\n\t\t\t<\/div>\n","protected":false},"featured_media":702,"template":"","meta":[],"product_brand":[],"product_cat":[24],"product_tag":[],"class_list":{"0":"post-693","1":"product","2":"type-product","3":"status-publish","4":"has-post-thumbnail","6":"product_cat-deliones","8":"first","9":"instock","10":"taxable","11":"shipping-taxable","12":"purchasable","13":"product-type-simple"},"_links":{"self":[{"href":"https:\/\/elfuratas.lt\/index.php\/wp-json\/wp\/v2\/product\/693","targetHints":{"allow":["GET"]}}],"collection":[{"href":"https:\/\/elfuratas.lt\/index.php\/wp-json\/wp\/v2\/product"}],"about":[{"href":"https:\/\/elfuratas.lt\/index.php\/wp-json\/wp\/v2\/types\/product"}],"wp:featuredmedia":[{"embeddable":true,"href":"https:\/\/elfuratas.lt\/index.php\/wp-json\/wp\/v2\/media\/702"}],"wp:attachment":[{"href":"https:\/\/elfuratas.lt\/index.php\/wp-json\/wp\/v2\/media?parent=693"}],"wp:term":[{"taxonomy":"product_brand","embeddable":true,"href":"https:\/\/elfuratas.lt\/index.php\/wp-json\/wp\/v2\/product_brand?post=693"},{"taxonomy":"product_cat","embeddable":true,"href":"https:\/\/elfuratas.lt\/index.php\/wp-json\/wp\/v2\/product_cat?post=693"},{"taxonomy":"product_tag","embeddable":true,"href":"https:\/\/elfuratas.lt\/index.php\/wp-json\/wp\/v2\/product_tag?post=693"}],"curies":[{"name":"wp","href":"https:\/\/api.w.org\/{rel}","templated":true}]}}