{"id":688,"date":"2023-10-31T19:16:56","date_gmt":"2023-10-31T16:16:56","guid":{"rendered":"https:\/\/elfuratas.lt\/?post_type=product&#038;p=688"},"modified":"2023-10-31T19:16:56","modified_gmt":"2023-10-31T16:16:56","slug":"sensoriniai-kamuoliukai-6-vnt","status":"publish","type":"product","link":"https:\/\/elfuratas.lt\/index.php\/product\/sensoriniai-kamuoliukai-6-vnt\/","title":{"rendered":"Sensoriniai kamuoliukai (6 vnt.)"},"content":{"rendered":"<p>\u012eviari\u0173 spalv\u0173 jutiminiai kamuoliukai turi \u012fvairias pavir\u0161i\u0173 tekst\u016bras. Kamuoliukai sukurti specialiai ma\u017eiausiems vaikams, siekiant aktyvuoti j\u0173 jutiminius receptorius. Tai nuostabus \u017eaisl\u0173 rinkinys, kuris skatins j\u016bs\u0173 vaiko sveik\u0105 vystym\u0105si.<\/p>\n<p>Mesti, pagauti ir ritenti kamuoliukus pad\u0117s ma\u017eam vaikui lavinti motorin\u0119 koordinacij\u0105. Be to, kiekvienas kamuoliukas turi \u012fmontuot\u0105 \u0161vilpuk\u0105, kuris skatins klausos poj\u016bt\u012f. Tai puikus b\u016bdas \u017eaisti, atlikti reabilitacij\u0105 ir mokytis vienu metu.<\/p>\n<p>\u0160iame rinkinyje yra 6 kamuoliukai su \u012fvairiomis tekst\u016bromis. Skirting\u0173 spalv\u0173 kamuoliukai pad\u0117s mokytis spalv\u0173 pavadinim\u0173, skai\u010diavimo ir form\u0173 atpa\u017einimo. Kamuoliuk\u0173 \u017eaidimas aktyvina vaiko regos ir lyt\u0117jimo jutimus, taip pat teigiamai veikia vaiko motorini\u0173 \u012fg\u016bd\u017ei\u0173 vystym\u0105si.<\/p>\n<p>\u012evairios pavir\u0161i\u0173 tekst\u016bros puikiai tinka maloniam vaiko masa\u017eui. Atsipalaidav\u0119s vaikas lengviau u\u017emiega ir ilgiau miega. Be to, kamuoliukai puikiai tinka <strong>naudoti vonioje. <\/strong>Jie pavers kiekvien\u0105 voni\u0105 nuostabiu nuotykiu, o ne privaloma nuobod\u017eia proced\u016bra.<\/p>\n<p>Med\u017eiaga &#8211; guma<\/p>\n","protected":false},"excerpt":{"rendered":"<p>\u012eviari\u0173 spalv\u0173 jutiminiai kamuoliukai turi \u012fvairias pavir\u0161i\u0173 tekst\u016bras. Kamuoliukai sukurti specialiai ma\u017eiausiems vaikams, siekiant aktyvuoti j\u0173 jutiminius receptorius. Tai nuostabus \u017eaisl\u0173 rinkinys, kuris skatins j\u016bs\u0173 vaiko sveik\u0105 vystym\u0105si. Mesti, pagauti ir ritenti kamuoliukus pad\u0117s ma\u017eam vaikui lavinti motorin\u0119 koordinacij\u0105. Be to, kiekvienas kamuoliukas turi \u012fmontuot\u0105 \u0161vilpuk\u0105, kuris skatins klausos poj\u016bt\u012f. Tai puikus b\u016bdas \u017eaisti, atlikti<\/p>\n<div class=\"more-link\">\n\t\t\t\t <a href=\"https:\/\/elfuratas.lt\/index.php\/product\/sensoriniai-kamuoliukai-6-vnt\/\" class=\"link-btn\"><span>Skaityti toliau <\/span> <i class=\"icofont-thin-double-right\"><\/i><\/a>\n\t\t\t<\/div>\n","protected":false},"featured_media":692,"template":"","meta":[],"product_brand":[],"product_cat":[61],"product_tag":[],"class_list":{"0":"post-688","1":"product","2":"type-product","3":"status-publish","4":"has-post-thumbnail","6":"product_cat-rusiavimo-zaidimai","8":"first","9":"instock","10":"taxable","11":"shipping-taxable","12":"purchasable","13":"product-type-simple"},"_links":{"self":[{"href":"https:\/\/elfuratas.lt\/index.php\/wp-json\/wp\/v2\/product\/688","targetHints":{"allow":["GET"]}}],"collection":[{"href":"https:\/\/elfuratas.lt\/index.php\/wp-json\/wp\/v2\/product"}],"about":[{"href":"https:\/\/elfuratas.lt\/index.php\/wp-json\/wp\/v2\/types\/product"}],"wp:featuredmedia":[{"embeddable":true,"href":"https:\/\/elfuratas.lt\/index.php\/wp-json\/wp\/v2\/media\/692"}],"wp:attachment":[{"href":"https:\/\/elfuratas.lt\/index.php\/wp-json\/wp\/v2\/media?parent=688"}],"wp:term":[{"taxonomy":"product_brand","embeddable":true,"href":"https:\/\/elfuratas.lt\/index.php\/wp-json\/wp\/v2\/product_brand?post=688"},{"taxonomy":"product_cat","embeddable":true,"href":"https:\/\/elfuratas.lt\/index.php\/wp-json\/wp\/v2\/product_cat?post=688"},{"taxonomy":"product_tag","embeddable":true,"href":"https:\/\/elfuratas.lt\/index.php\/wp-json\/wp\/v2\/product_tag?post=688"}],"curies":[{"name":"wp","href":"https:\/\/api.w.org\/{rel}","templated":true}]}}