{"id":678,"date":"2023-10-31T00:44:58","date_gmt":"2023-10-30T21:44:58","guid":{"rendered":"https:\/\/elfuratas.lt\/?post_type=product&#038;p=678"},"modified":"2023-12-15T04:20:41","modified_gmt":"2023-12-15T01:20:41","slug":"magiski-blokai-pramogu-parkas","status":"publish","type":"product","link":"https:\/\/elfuratas.lt\/index.php\/product\/magiski-blokai-pramogu-parkas\/","title":{"rendered":"Magi\u0161ki blokai \u201ePramog\u0173 parkas\u201c"},"content":{"rendered":"<p>Smulk\u016bs be\u017ed\u017eioniukai ir me\u0161kinai laukia savo pa\u010di\u0173 \u017eaidim\u0173 aik\u0161tel\u0117s! Pad\u0117kite jiems \u012fgyvendinti savo svajones!<\/p>\n<p>Magi\u0161k\u0173 blok\u0173 rinkinys leis ma\u017eam statytojui pastatyti unikali\u0105 \u017eaidim\u0173 aik\u0161tel\u0119, pritaikyt\u0105 j\u016bs\u0173 vaiko naujiems ma\u017eiems draugams (be\u017ed\u017eion\u0117liams ir me\u0161kinams \u012fskai\u010diuoti).<\/p>\n<p>D\u0117ka \u017eied\u0173 formos blok\u0173, tai bus magi\u0161ka aik\u0161tel\u0117! Krumpliara\u010diai leis jums sukurti element\u0173 s\u0105veikos mechanizm\u0105, kuris suksis ir jud\u0117s, leis pramogauti ir me\u0161kiukams, ir be\u017ed\u017eioniukams!<\/p>\n<p>Su magi\u0161kais blokais nesibaigs pramogos. Galite b\u016bti tikri, kad su \u0161iuo rinkiniu j\u016bs\u0173 vaikas nenuobod\u017eiaus. \u017died\u0173 formos blokai yra puikus pasi\u016blymas linksmoms, teisingo j\u016bs\u0173 vaiko vystymo palaikymo pramogoms.<\/p>\n<p>Statant \u0161is konstruktorius skatins k\u016brybi\u0161kum\u0105, suteiks galimyb\u0119 m\u0105styti logi\u0161kai ir k\u016brybi\u0161kai vienu metu. Be to, tobulins rank\u0173 \u012fg\u016bd\u017eius.<\/p>\n<p>Element\u0173 ir spalv\u0173 \u012fvairov\u0117 suteikia neribotas statybos galimybes.<\/p>\n<p><strong>Rinkinio sud\u0117tis:<\/strong><\/p>\n<ul>\n<li>75 blokai<\/li>\n<li>3 be\u017ed\u017eion\u0117s<\/li>\n<li>3 me\u0161kinai<\/li>\n<li>Lipduk\u0173 rinkinys<\/li>\n<\/ul>\n<p>Maitinimas: 1x AA baterija (n\u0117ra komplekte)<\/p>\n<p>Matmenys:<\/p>\n<ul>\n<li>Kvadratinis blokas (vaflis): 6,5 cm x 6,5 cm<\/li>\n<li>Did\u017eiausio krumpliara\u010dio skersmuo: 8 cm<\/li>\n<li>Ma\u017eiausio krumpliara\u010dio skersmuo: 3,5 cm<\/li>\n<li>Be\u017ed\u017eion\u0117s\/me\u0161kinai auk\u0161tis: 2,8 cm<\/li>\n<\/ul>\n<p>&nbsp;<\/p>\n","protected":false},"excerpt":{"rendered":"<p>Smulk\u016bs be\u017ed\u017eioniukai ir me\u0161kinai laukia savo pa\u010di\u0173 \u017eaidim\u0173 aik\u0161tel\u0117s! Pad\u0117kite jiems \u012fgyvendinti savo svajones! Magi\u0161k\u0173 blok\u0173 rinkinys leis ma\u017eam statytojui pastatyti unikali\u0105 \u017eaidim\u0173 aik\u0161tel\u0119, pritaikyt\u0105 j\u016bs\u0173 vaiko naujiems ma\u017eiems draugams (be\u017ed\u017eion\u0117liams ir me\u0161kinams \u012fskai\u010diuoti). D\u0117ka \u017eied\u0173 formos blok\u0173, tai bus magi\u0161ka aik\u0161tel\u0117! Krumpliara\u010diai leis jums sukurti element\u0173 s\u0105veikos mechanizm\u0105, kuris suksis ir jud\u0117s, leis pramogauti<\/p>\n<div class=\"more-link\">\n\t\t\t\t <a href=\"https:\/\/elfuratas.lt\/index.php\/product\/magiski-blokai-pramogu-parkas\/\" class=\"link-btn\"><span>Skaityti toliau <\/span> <i class=\"icofont-thin-double-right\"><\/i><\/a>\n\t\t\t<\/div>\n","protected":false},"featured_media":679,"template":"","meta":[],"product_brand":[],"product_cat":[57],"product_tag":[],"class_list":{"0":"post-678","1":"product","2":"type-product","3":"status-publish","4":"has-post-thumbnail","6":"product_cat-konstravimui","8":"first","9":"instock","10":"taxable","11":"shipping-taxable","12":"purchasable","13":"product-type-simple"},"_links":{"self":[{"href":"https:\/\/elfuratas.lt\/index.php\/wp-json\/wp\/v2\/product\/678","targetHints":{"allow":["GET"]}}],"collection":[{"href":"https:\/\/elfuratas.lt\/index.php\/wp-json\/wp\/v2\/product"}],"about":[{"href":"https:\/\/elfuratas.lt\/index.php\/wp-json\/wp\/v2\/types\/product"}],"wp:featuredmedia":[{"embeddable":true,"href":"https:\/\/elfuratas.lt\/index.php\/wp-json\/wp\/v2\/media\/679"}],"wp:attachment":[{"href":"https:\/\/elfuratas.lt\/index.php\/wp-json\/wp\/v2\/media?parent=678"}],"wp:term":[{"taxonomy":"product_brand","embeddable":true,"href":"https:\/\/elfuratas.lt\/index.php\/wp-json\/wp\/v2\/product_brand?post=678"},{"taxonomy":"product_cat","embeddable":true,"href":"https:\/\/elfuratas.lt\/index.php\/wp-json\/wp\/v2\/product_cat?post=678"},{"taxonomy":"product_tag","embeddable":true,"href":"https:\/\/elfuratas.lt\/index.php\/wp-json\/wp\/v2\/product_tag?post=678"}],"curies":[{"name":"wp","href":"https:\/\/api.w.org\/{rel}","templated":true}]}}