{"id":670,"date":"2023-10-31T00:17:51","date_gmt":"2023-10-30T21:17:51","guid":{"rendered":"https:\/\/elfuratas.lt\/?post_type=product&#038;p=670"},"modified":"2024-01-01T13:05:39","modified_gmt":"2024-01-01T10:05:39","slug":"mini-termo-spausdintuvas-kaciukas","status":"publish","type":"product","link":"https:\/\/elfuratas.lt\/index.php\/product\/mini-termo-spausdintuvas-kaciukas\/","title":{"rendered":"Mini termo spausdintuvas \u201eKa\u010diukas\u201c"},"content":{"rendered":"<p>Ma\u017eas termo spausdintuvas &#8211; galimyb\u0117 spausdinti tiesiai i\u0161 savo telefono bet kur!<\/p>\n<p>Termo spausdintuvas nenaudoja ra\u0161alo, jo nereikia pildyti &#8211; tik \u012fkrauti per USB jung\u012f. Prijunkite Bluetooth ry\u0161iu prie telefono ir spausdinkite nespalvotas nuotraukas, pirkini\u0173 s\u0105ra\u0161us ar bet k\u0105, k\u0105 tik sugalvosite!<\/p>\n<p>Komplekte yra rulon\u0117lis spaudai tinkamo popieriaus!<\/p>\n<p>Specialioje mobilioje programoje iOS ir Android \u012frenginiams rasite ne tik itin patogi\u0105 ir greit\u0105 spausdinimo s\u0105saj\u0105, bet ir nema\u017eai \u0161ablon\u0173, paruo\u0161tos spausdinimui med\u017eiagos.<\/p>\n<p>Puiki pramoga tiek vaikams, tiek suaugusiems!<\/p>\n<p>Galima spausdinti ir ant lipnaus popieriaus, etike\u010di\u0173.<\/p>\n","protected":false},"excerpt":{"rendered":"<p>Ma\u017eas termo spausdintuvas &#8211; galimyb\u0117 spausdinti tiesiai i\u0161 savo telefono bet kur! Termo spausdintuvas nenaudoja ra\u0161alo, jo nereikia pildyti &#8211; tik \u012fkrauti per USB jung\u012f. Prijunkite Bluetooth ry\u0161iu prie telefono ir spausdinkite nespalvotas nuotraukas, pirkini\u0173 s\u0105ra\u0161us ar bet k\u0105, k\u0105 tik sugalvosite! Komplekte yra rulon\u0117lis spaudai tinkamo popieriaus! Specialioje mobilioje programoje iOS ir Android \u012frenginiams<\/p>\n<div class=\"more-link\">\n\t\t\t\t <a href=\"https:\/\/elfuratas.lt\/index.php\/product\/mini-termo-spausdintuvas-kaciukas\/\" class=\"link-btn\"><span>Skaityti toliau <\/span> <i class=\"icofont-thin-double-right\"><\/i><\/a>\n\t\t\t<\/div>\n","protected":false},"featured_media":674,"template":"","meta":[],"product_brand":[],"product_cat":[32],"product_tag":[],"class_list":{"0":"post-670","1":"product","2":"type-product","3":"status-publish","4":"has-post-thumbnail","6":"product_cat-ivairus-zaislai","8":"first","9":"outofstock","10":"taxable","11":"shipping-taxable","12":"purchasable","13":"product-type-simple"},"_links":{"self":[{"href":"https:\/\/elfuratas.lt\/index.php\/wp-json\/wp\/v2\/product\/670","targetHints":{"allow":["GET"]}}],"collection":[{"href":"https:\/\/elfuratas.lt\/index.php\/wp-json\/wp\/v2\/product"}],"about":[{"href":"https:\/\/elfuratas.lt\/index.php\/wp-json\/wp\/v2\/types\/product"}],"wp:featuredmedia":[{"embeddable":true,"href":"https:\/\/elfuratas.lt\/index.php\/wp-json\/wp\/v2\/media\/674"}],"wp:attachment":[{"href":"https:\/\/elfuratas.lt\/index.php\/wp-json\/wp\/v2\/media?parent=670"}],"wp:term":[{"taxonomy":"product_brand","embeddable":true,"href":"https:\/\/elfuratas.lt\/index.php\/wp-json\/wp\/v2\/product_brand?post=670"},{"taxonomy":"product_cat","embeddable":true,"href":"https:\/\/elfuratas.lt\/index.php\/wp-json\/wp\/v2\/product_cat?post=670"},{"taxonomy":"product_tag","embeddable":true,"href":"https:\/\/elfuratas.lt\/index.php\/wp-json\/wp\/v2\/product_tag?post=670"}],"curies":[{"name":"wp","href":"https:\/\/api.w.org\/{rel}","templated":true}]}}