{"id":659,"date":"2023-10-29T22:34:43","date_gmt":"2023-10-29T19:34:43","guid":{"rendered":"https:\/\/elfuratas.lt\/?post_type=product&#038;p=659"},"modified":"2025-02-04T11:49:20","modified_gmt":"2025-02-04T08:49:20","slug":"minkstu-figureliu-gamybos-rinkinys","status":"publish","type":"product","link":"https:\/\/elfuratas.lt\/index.php\/product\/minkstu-figureliu-gamybos-rinkinys\/","title":{"rendered":"Mink\u0161t\u0173 fig\u016br\u0117li\u0173 gamybos rinkinys"},"content":{"rendered":"<p>Smagus ir u\u017eimantis spalvot\u0173 klij\u0173 rinkinys tikrai u\u017evaldys kiekvieno ma\u017eo ir didelio menininko \u0161ird\u012f. Magi\u0161ka d\u0117\u017eut\u0117 apima visus b\u016btinus elementus, reikalingus kurti unikalias spalvotas fig\u016bras. Gautos formos gali b\u016bti naudojamos ne tik linksmumui, jos taip pat bus original\u016bs interjero dekoracijos elementai arba i\u0161 j\u0173 gal\u0117site sukurti unikalius papuo\u0161alus.<\/p>\n<p>\u012esijunkite vaizduot\u0119 ir prad\u0117kite kurti! \u012esitikinkite, kaip tai lengva.<\/p>\n<p>Supilkite vanden\u012f \u012f plastikin\u012f ind\u0105 ir \u012fpilkite kiet\u0117jimo granuli\u0173. Pasirinkite form\u0105 su ra\u0161tu ir u\u017epildykite j\u0105 savo m\u0117gstamomis spalvomis. Tada \u012fd\u0117kite u\u017epildyt\u0105 form\u0105 \u012f paruo\u0161t\u0105 kiet\u0117jimo tirpal\u0105. Po kurio laiko (apie 5 min.) ra\u0161tas tur\u0117t\u0173 sustingti ir atsiskirti nuo formos ir \u0161iek tiek i\u0161sip\u016bsti. Gautos fig\u016bros yra lanks\u010dios ir primena silikon\u0105.<\/p>\n<p>Taip pat galite tiesiog supilti klijus \u012f kiet\u0117jimo skyst\u012f, kurdami savo unikalius dizainus. Leiskite savo vaizduotei pasinerti ir kurti unikalius meninius k\u016brinius.<\/p>\n<p>K\u016brimas skatins j\u016bs\u0173 ar j\u016bs\u0173 vaiko k\u016brybin\u012f m\u0105stym\u0105 ir k\u016brybi\u0161kum\u0105 bei pad\u0117s tobulinti rankdarbi\u0161kas galias. Be to, tai puikus kantryb\u0117s treniravimas.<\/p>\n<p>Ne tik vaikams! Menini\u0173 klij\u0173 ir fig\u016br\u0117li\u0173 gamybos rinkinys yra puiki pramoga ne tik vaikams. Neabejotinai suaugusieji taip pat vertins galimyb\u0119 i\u0161reik\u0161ti emocijas ir atsipalaiduoti kuriant.<\/p>\n<p>Vis\u0105 rinkin\u012f rasite supakuot\u0105 patogioje plastikin\u0117je d\u0117\u017eut\u0117je, kuri palengvina saugojim\u0105 ar gali b\u016bti naudojama kaip talpa vandeniui sumai\u0161yti su kiet\u0117jimo granul\u0117mis.<\/p>\n","protected":false},"excerpt":{"rendered":"<p>Smagus ir u\u017eimantis spalvot\u0173 klij\u0173 rinkinys tikrai u\u017evaldys kiekvieno ma\u017eo ir didelio menininko \u0161ird\u012f. Magi\u0161ka d\u0117\u017eut\u0117 apima visus b\u016btinus elementus, reikalingus kurti unikalias spalvotas fig\u016bras. Gautos formos gali b\u016bti naudojamos ne tik linksmumui, jos taip pat bus original\u016bs interjero dekoracijos elementai arba i\u0161 j\u0173 gal\u0117site sukurti unikalius papuo\u0161alus. \u012esijunkite vaizduot\u0119 ir prad\u0117kite kurti! \u012esitikinkite, kaip<\/p>\n<div class=\"more-link\">\n\t\t\t\t <a href=\"https:\/\/elfuratas.lt\/index.php\/product\/minkstu-figureliu-gamybos-rinkinys\/\" class=\"link-btn\"><span>Skaityti toliau <\/span> <i class=\"icofont-thin-double-right\"><\/i><\/a>\n\t\t\t<\/div>\n","protected":false},"featured_media":661,"template":"","meta":[],"product_brand":[],"product_cat":[16],"product_tag":[],"class_list":{"0":"post-659","1":"product","2":"type-product","3":"status-publish","4":"has-post-thumbnail","6":"product_cat-rankdarbiai","8":"first","9":"instock","10":"taxable","11":"shipping-taxable","12":"purchasable","13":"product-type-simple"},"_links":{"self":[{"href":"https:\/\/elfuratas.lt\/index.php\/wp-json\/wp\/v2\/product\/659","targetHints":{"allow":["GET"]}}],"collection":[{"href":"https:\/\/elfuratas.lt\/index.php\/wp-json\/wp\/v2\/product"}],"about":[{"href":"https:\/\/elfuratas.lt\/index.php\/wp-json\/wp\/v2\/types\/product"}],"wp:featuredmedia":[{"embeddable":true,"href":"https:\/\/elfuratas.lt\/index.php\/wp-json\/wp\/v2\/media\/661"}],"wp:attachment":[{"href":"https:\/\/elfuratas.lt\/index.php\/wp-json\/wp\/v2\/media?parent=659"}],"wp:term":[{"taxonomy":"product_brand","embeddable":true,"href":"https:\/\/elfuratas.lt\/index.php\/wp-json\/wp\/v2\/product_brand?post=659"},{"taxonomy":"product_cat","embeddable":true,"href":"https:\/\/elfuratas.lt\/index.php\/wp-json\/wp\/v2\/product_cat?post=659"},{"taxonomy":"product_tag","embeddable":true,"href":"https:\/\/elfuratas.lt\/index.php\/wp-json\/wp\/v2\/product_tag?post=659"}],"curies":[{"name":"wp","href":"https:\/\/api.w.org\/{rel}","templated":true}]}}