{"id":649,"date":"2023-10-29T17:23:44","date_gmt":"2023-10-29T14:23:44","guid":{"rendered":"https:\/\/elfuratas.lt\/?post_type=product&#038;p=649"},"modified":"2023-10-29T17:23:44","modified_gmt":"2023-10-29T14:23:44","slug":"tangramu-knygele-magnetine","status":"publish","type":"product","link":"https:\/\/elfuratas.lt\/index.php\/product\/tangramu-knygele-magnetine\/","title":{"rendered":"Tangram\u0173 knygel\u0117 (magnetin\u0117)"},"content":{"rendered":"<p>Ar nerimaujate, kad j\u016bs\u0173 vaikas per daug laiko praleid\u017eia prie telefono ekrano? Duokite jam k\u0105 nors, kas tai pakeist\u0173. Medin\u0117, spalvinga magnetin\u0117 geometrini\u0173 form\u0173 knygut\u0117 galima visada tur\u0117ti po ranka! Tangramas &#8211; tai kin\u0173 logikos galvos\u016bkis, \u017einomas jau apie 3000 met\u0173. Jis susideda i\u0161 septyni\u0173 geometrini\u0173 fig\u016br\u0173, sudaryt\u0173 i\u0161 kvadrato padalijimo.<\/p>\n<p><strong>Kod\u0117l verta supa\u017eindinti vaik\u0105 su tangramu?<\/strong><\/p>\n<p>\u0160is blok\u0173 \u017eaidimas pl\u0117toja login\u012f m\u0105stym\u0105. Paprastos fig\u016bros leis sudaryti did\u017eiul\u012f skirting\u0173 modeli\u0173 kiek\u012f! Sukurkite ir sud\u0117kite savo pa\u010di\u0173 modelius, skatindami ma\u017eylio k\u016brybi\u0161kum\u0105. Ma\u017e\u0173 dali\u0173 manipuliavimas skatina vaiko motorik\u0105 ir pagerina pir\u0161t\u0173 tikslum\u0105.<\/p>\n<p>Tai puikus Montessori metodikos pagalbininkas. \u0160is galvos\u016bkis u\u017etikrina ilgas valandas \u017eaidimui. \u012eprastoms fig\u016broms prid\u0117tos magnetin\u0117s dalys, tod\u0117l \u017eaidimas taps patrauklus ir da\u017enai keliaujan\u010diosm \u0161eimoms. Kur tik j\u016bs\u0173 ma\u017eylis turi laukti ir gali netur\u0117ti kantryb\u0117s, galite jam duoti \u0161\u012f rinkin\u012f. Jame, be spalving\u0173 medini\u0173 blok\u0173 ir magnetin\u0117s vir\u0161elio, rasite taip pat knygut\u0119 su pavyzd\u017eiais. Pavyzd\u017eiai nuo papras\u010diausi\u0173 iki vis sud\u0117tingesni\u0173 pad\u0117s pl\u0117toti login\u012f m\u0105stym\u0105.<\/p>\n<p>Net 96 modeli\u0173 galima sud\u0117ti dviejose sud\u0117tingumo versijose: spalvingoje &#8211; lengvoje, su konkre\u010diais blokais, ir sud\u0117tingoje &#8211; juodoje ir baltoje!<\/p>\n<p>Tai n\u0117ra \u017eaidimo pabaiga! Rinkit\u0117s k\u016brybi\u0161kum\u0105 &#8211; sugalvokite savo modelius ir formas, ta\u010diau prisiminkite kelias taisykles:<\/p>\n<ul>\n<li>kiekvienoje situacijoje reikia naudoti septynis elementus<\/li>\n<li>elementai turi lie\u010diasi bent vienoje vietoje, ta\u010diau negali vir\u0161yti vienas kit\u0105<\/li>\n<\/ul>\n<p>Knygut\u0117 yra lengva ir nedidel\u0117, galite j\u0105 sud\u0117ti \u012f savo vaiko kuprin\u0119 ar savo asmenin\u0119 rankin\u0119 ir visada tur\u0117ti j\u0105 po ranka, kai prireiks j\u016bs\u0173 vaiko d\u0117mesio.<\/p>\n<p>Tangramas taip pat yra puikus pasi\u016blymas ikimokyklin\u0117ms \u012fstaigoms, remian\u010dioms grupin\u012f darb\u0105 ir vaik\u0173 integracij\u0105. Elementus galima pasidalinti tarp vaik\u0173, kurie tur\u0117s sukurti paveiksl\u0117l\u012f kartu. \u0160is u\u017esi\u0117mimas moko grupin\u0117s bendradarbiavimo.<\/p>\n<p><strong>Rinkinyje rasite:<\/strong><\/p>\n<ul>\n<li>Storo vir\u0161elio knygut\u0119 su magnetiniu skyriumi<\/li>\n<li>Knygut\u0119 su pavyzd\u017eiais<\/li>\n<li>Septynias medines, spalvotas geometrines fig\u016bras su magnetais<\/li>\n<\/ul>\n<p>Knygos matmenys: 22 cm x 18 cm x 1,5 cm<br \/>\nBlok\u0173 matmenys: nuo 3,5 cm iki 9,5 cm<\/p>\n<p>\u017daidimas skirtas vaikams, vyresniems nei 3 metai!<\/p>\n","protected":false},"excerpt":{"rendered":"<p>Ar nerimaujate, kad j\u016bs\u0173 vaikas per daug laiko praleid\u017eia prie telefono ekrano? Duokite jam k\u0105 nors, kas tai pakeist\u0173. Medin\u0117, spalvinga magnetin\u0117 geometrini\u0173 form\u0173 knygut\u0117 galima visada tur\u0117ti po ranka! Tangramas &#8211; tai kin\u0173 logikos galvos\u016bkis, \u017einomas jau apie 3000 met\u0173. Jis susideda i\u0161 septyni\u0173 geometrini\u0173 fig\u016br\u0173, sudaryt\u0173 i\u0161 kvadrato padalijimo. Kod\u0117l verta supa\u017eindinti vaik\u0105<\/p>\n<div class=\"more-link\">\n\t\t\t\t <a href=\"https:\/\/elfuratas.lt\/index.php\/product\/tangramu-knygele-magnetine\/\" class=\"link-btn\"><span>Skaityti toliau <\/span> <i class=\"icofont-thin-double-right\"><\/i><\/a>\n\t\t\t<\/div>\n","protected":false},"featured_media":655,"template":"","meta":[],"product_brand":[],"product_cat":[24,47],"product_tag":[],"class_list":{"0":"post-649","1":"product","2":"type-product","3":"status-publish","4":"has-post-thumbnail","6":"product_cat-deliones","7":"product_cat-kelionems","9":"first","10":"instock","11":"taxable","12":"shipping-taxable","13":"purchasable","14":"product-type-simple"},"_links":{"self":[{"href":"https:\/\/elfuratas.lt\/index.php\/wp-json\/wp\/v2\/product\/649","targetHints":{"allow":["GET"]}}],"collection":[{"href":"https:\/\/elfuratas.lt\/index.php\/wp-json\/wp\/v2\/product"}],"about":[{"href":"https:\/\/elfuratas.lt\/index.php\/wp-json\/wp\/v2\/types\/product"}],"wp:featuredmedia":[{"embeddable":true,"href":"https:\/\/elfuratas.lt\/index.php\/wp-json\/wp\/v2\/media\/655"}],"wp:attachment":[{"href":"https:\/\/elfuratas.lt\/index.php\/wp-json\/wp\/v2\/media?parent=649"}],"wp:term":[{"taxonomy":"product_brand","embeddable":true,"href":"https:\/\/elfuratas.lt\/index.php\/wp-json\/wp\/v2\/product_brand?post=649"},{"taxonomy":"product_cat","embeddable":true,"href":"https:\/\/elfuratas.lt\/index.php\/wp-json\/wp\/v2\/product_cat?post=649"},{"taxonomy":"product_tag","embeddable":true,"href":"https:\/\/elfuratas.lt\/index.php\/wp-json\/wp\/v2\/product_tag?post=649"}],"curies":[{"name":"wp","href":"https:\/\/api.w.org\/{rel}","templated":true}]}}