{"id":646,"date":"2023-10-29T16:44:37","date_gmt":"2023-10-29T13:44:37","guid":{"rendered":"https:\/\/elfuratas.lt\/?post_type=product&#038;p=646"},"modified":"2025-12-01T19:22:09","modified_gmt":"2025-12-01T16:22:09","slug":"skaiciavimo-rinkinys-pagaliukai-skaiciai-veiksmai","status":"publish","type":"product","link":"https:\/\/elfuratas.lt\/index.php\/product\/skaiciavimo-rinkinys-pagaliukai-skaiciai-veiksmai\/","title":{"rendered":"Skai\u010diavimo rinkinys (pagaliukai, skai\u010diai, veiksmai)"},"content":{"rendered":"<p>Medinis skai\u010diavimo rinkinys pad\u0117s mokytis matematikos pagrind\u0173. Rinkinyje net 74 elementai: skai\u010diai, matematikos veiksmai, pagaliukai. Visas rinkinys pagamintas i\u0161 med\u017eio. Ry\u0161kios spalvos palengvins mokym\u0105si ir skatins vaik\u0105 dar labiau tyrin\u0117ti matematikos pasaulio.<\/p>\n<p>Naudojantis \u0161iuo rinkiniu matematika taps patrauklesn\u0117, \u012fdomesn\u0117 ir lengviau \u201e\u012fkandama\u201c.<\/p>\n<p><strong>Rinkinyje:<\/strong><\/p>\n<ul>\n<li>4x 12 spalvot\u0173 pagaliuk\u0173<\/li>\n<li>19 skai\u010di\u0173<\/li>\n<li>4 matematini\u0173 veiksm\u0173 \u017eenklai<\/li>\n<li>Lygyb\u0117s \u017eenklas<\/li>\n<\/ul>\n","protected":false},"excerpt":{"rendered":"<p>Medinis skai\u010diavimo rinkinys pad\u0117s mokytis matematikos pagrind\u0173. Rinkinyje net 74 elementai: skai\u010diai, matematikos veiksmai, pagaliukai. Visas rinkinys pagamintas i\u0161 med\u017eio. Ry\u0161kios spalvos palengvins mokym\u0105si ir skatins vaik\u0105 dar labiau tyrin\u0117ti matematikos pasaulio. Naudojantis \u0161iuo rinkiniu matematika taps patrauklesn\u0117, \u012fdomesn\u0117 ir lengviau \u201e\u012fkandama\u201c. Rinkinyje: 4x 12 spalvot\u0173 pagaliuk\u0173 19 skai\u010di\u0173 4 matematini\u0173 veiksm\u0173 \u017eenklai Lygyb\u0117s \u017eenklas<\/p>\n","protected":false},"featured_media":647,"template":"","meta":[],"product_brand":[],"product_cat":[48],"product_tag":[67],"class_list":{"0":"post-646","1":"product","2":"type-product","3":"status-publish","4":"has-post-thumbnail","6":"product_cat-mokymo-priemones","7":"product_tag-matematika","9":"first","10":"outofstock","11":"taxable","12":"shipping-taxable","13":"purchasable","14":"product-type-simple"},"_links":{"self":[{"href":"https:\/\/elfuratas.lt\/index.php\/wp-json\/wp\/v2\/product\/646","targetHints":{"allow":["GET"]}}],"collection":[{"href":"https:\/\/elfuratas.lt\/index.php\/wp-json\/wp\/v2\/product"}],"about":[{"href":"https:\/\/elfuratas.lt\/index.php\/wp-json\/wp\/v2\/types\/product"}],"wp:featuredmedia":[{"embeddable":true,"href":"https:\/\/elfuratas.lt\/index.php\/wp-json\/wp\/v2\/media\/647"}],"wp:attachment":[{"href":"https:\/\/elfuratas.lt\/index.php\/wp-json\/wp\/v2\/media?parent=646"}],"wp:term":[{"taxonomy":"product_brand","embeddable":true,"href":"https:\/\/elfuratas.lt\/index.php\/wp-json\/wp\/v2\/product_brand?post=646"},{"taxonomy":"product_cat","embeddable":true,"href":"https:\/\/elfuratas.lt\/index.php\/wp-json\/wp\/v2\/product_cat?post=646"},{"taxonomy":"product_tag","embeddable":true,"href":"https:\/\/elfuratas.lt\/index.php\/wp-json\/wp\/v2\/product_tag?post=646"}],"curies":[{"name":"wp","href":"https:\/\/api.w.org\/{rel}","templated":true}]}}