{"id":640,"date":"2023-10-29T16:22:15","date_gmt":"2023-10-29T13:22:15","guid":{"rendered":"https:\/\/elfuratas.lt\/?post_type=product&#038;p=640"},"modified":"2023-12-16T16:57:23","modified_gmt":"2023-12-16T13:57:23","slug":"minksti-sensoriniai-kamuoliukai-6-vnt","status":"publish","type":"product","link":"https:\/\/elfuratas.lt\/index.php\/product\/minksti-sensoriniai-kamuoliukai-6-vnt\/","title":{"rendered":"Mink\u0161ti sensoriniai kamuoliukai (6 vnt.)"},"content":{"rendered":"<p>Spalvingi jutimo kamuoliai su \u012fvairiomis tekst\u016bromis. \u0160ie kamuoliukai yra sukurti ma\u017eiausiems, siekiant stimuliuoti jutimo receptori\u0173. Tai puikus \u017eaislas, kuris r\u016bpinsis j\u016bs\u0173 k\u016bdikio tinkamu vystymusi. Mesti, pagauti ir ridenti kamuolius &#8211; visa tai pad\u0117s ugdyti vaiko motorin\u0119 koordinacij\u0105.<\/p>\n<p>Be to, kiekvienas kamuolys skleid\u017eia gars\u0105, kuris skatina klausos poj\u016bt\u012f.<\/p>\n<p>Tai puikus b\u016bdas linksmai praleisti laik\u0105, reabilitacijai ir mokymuisi vienu metu.<\/p>\n<p>Rinkinyje yra 6 kamuoliai su \u012fvairiomis tekst\u016bromis.<\/p>\n<p>Spalvingi kamuoliukai vyresniems gali b\u016bti puiki pagalba mokantis spalv\u0173 pavadinimus, skai\u010diavim\u0105 ir form\u0173 atpa\u017einim\u0105. \u017daidimas su kamuoliais skatina regos ir lyt\u0117jimo poj\u016bt\u012f, teigiamai veikia vaiko rank\u0173 motorinius \u012fg\u016bd\u017eius. Skirtingos strukt\u016bros puikiai tinka atpalaiduojan\u010diam vaiko masa\u017eui. Atsipalaidav\u0119s k\u016bdikis lengviau u\u017emiega ir ilgiau miega.<\/p>\n<p>Kamuoliukai taip pat puikiai <strong>tinka maudymuisi. <\/strong>Jie pavers kiekvien\u0105 voni\u0105 fantasti\u0161ku nuotykiu, o ne nemalona pareiga.<\/p>\n","protected":false},"excerpt":{"rendered":"<p>Spalvingi jutimo kamuoliai su \u012fvairiomis tekst\u016bromis. \u0160ie kamuoliukai yra sukurti ma\u017eiausiems, siekiant stimuliuoti jutimo receptori\u0173. Tai puikus \u017eaislas, kuris r\u016bpinsis j\u016bs\u0173 k\u016bdikio tinkamu vystymusi. Mesti, pagauti ir ridenti kamuolius &#8211; visa tai pad\u0117s ugdyti vaiko motorin\u0119 koordinacij\u0105. Be to, kiekvienas kamuolys skleid\u017eia gars\u0105, kuris skatina klausos poj\u016bt\u012f. Tai puikus b\u016bdas linksmai praleisti laik\u0105, reabilitacijai ir<\/p>\n<div class=\"more-link\">\n\t\t\t\t <a href=\"https:\/\/elfuratas.lt\/index.php\/product\/minksti-sensoriniai-kamuoliukai-6-vnt\/\" class=\"link-btn\"><span>Skaityti toliau <\/span> <i class=\"icofont-thin-double-right\"><\/i><\/a>\n\t\t\t<\/div>\n","protected":false},"featured_media":645,"template":"","meta":[],"product_brand":[],"product_cat":[61],"product_tag":[],"class_list":{"0":"post-640","1":"product","2":"type-product","3":"status-publish","4":"has-post-thumbnail","6":"product_cat-rusiavimo-zaidimai","8":"first","9":"instock","10":"taxable","11":"shipping-taxable","12":"purchasable","13":"product-type-simple"},"_links":{"self":[{"href":"https:\/\/elfuratas.lt\/index.php\/wp-json\/wp\/v2\/product\/640","targetHints":{"allow":["GET"]}}],"collection":[{"href":"https:\/\/elfuratas.lt\/index.php\/wp-json\/wp\/v2\/product"}],"about":[{"href":"https:\/\/elfuratas.lt\/index.php\/wp-json\/wp\/v2\/types\/product"}],"wp:featuredmedia":[{"embeddable":true,"href":"https:\/\/elfuratas.lt\/index.php\/wp-json\/wp\/v2\/media\/645"}],"wp:attachment":[{"href":"https:\/\/elfuratas.lt\/index.php\/wp-json\/wp\/v2\/media?parent=640"}],"wp:term":[{"taxonomy":"product_brand","embeddable":true,"href":"https:\/\/elfuratas.lt\/index.php\/wp-json\/wp\/v2\/product_brand?post=640"},{"taxonomy":"product_cat","embeddable":true,"href":"https:\/\/elfuratas.lt\/index.php\/wp-json\/wp\/v2\/product_cat?post=640"},{"taxonomy":"product_tag","embeddable":true,"href":"https:\/\/elfuratas.lt\/index.php\/wp-json\/wp\/v2\/product_tag?post=640"}],"curies":[{"name":"wp","href":"https:\/\/api.w.org\/{rel}","templated":true}]}}