{"id":633,"date":"2023-10-29T15:59:29","date_gmt":"2023-10-29T12:59:29","guid":{"rendered":"https:\/\/elfuratas.lt\/?post_type=product&#038;p=633"},"modified":"2024-03-24T20:15:57","modified_gmt":"2024-03-24T17:15:57","slug":"kiausiniu-formos-rusiavimo-zaidimas","status":"publish","type":"product","link":"https:\/\/elfuratas.lt\/index.php\/product\/kiausiniu-formos-rusiavimo-zaidimas\/","title":{"rendered":"Kiau\u0161ini\u0173 formos r\u016b\u0161iavimo \u017eaidimas"},"content":{"rendered":"<p>K\u016brybi\u0161ka kiau\u0161ini\u0173 d\u0117\u017eut\u0117 &#8211; \u017eaidimas, kuris tikrai u\u017evaldys kiekvieno ma\u017eo tyrin\u0117tojo \u0161ird\u012f. Rinkinyje yra 12 kiau\u0161ini\u0173, kurie po savo luk\u0161tu slepia \u012fvairias formas ir spalvas. \u017daidimas susideda i\u0161 dviej\u0173 skirting\u0173 kiau\u0161inio pusi\u0173, kurias sujungus pagal atitinkamas formas susidaro vientisas kiau\u0161inis.<\/p>\n<p>Prie\u0161ingai nei atrodo, tai n\u0117ra lengva u\u017eduotis &#8211; kad kiau\u0161iniai susid\u0117t\u0173 reikia juos suderinti pagal form\u0105 ir spalv\u0105.<\/p>\n<p>Tai puiki lavinam\u0173j\u0173 \u017eaisl\u0173 id\u0117ja, kuri \u012ftrauks vaikus ilgam. \u017daidimas su kiau\u0161iniais skatins loginio m\u0105stymo \u012fg\u016bd\u017eius, k\u016brybi\u0161kum\u0105 ir pad\u0117s jauniesiems vaikams vystyti motorinius geb\u0117jimus. Tai taip pat puikus b\u016bdas mokyti vaikus atpa\u017einti formas ir spalvas.<\/p>\n<p>Kiau\u0161iniai yra lengvi ir labai patog\u016bs. D\u0117l nedidelio dyd\u017eio galite juos pasiimti su savimi. Jie gali praturtinti ilg\u0105 nuobod\u017ei\u0105 kelion\u0119 arba laukimo laik\u0105 eil\u0117je pas gydytoj\u0105.<\/p>\n<p>Viskas supakuota \u012f tvirt\u0105 plastikin\u0119 kiau\u0161ini\u0173 d\u0117\u017eut\u0119.<\/p>\n<p>&nbsp;<\/p>\n","protected":false},"excerpt":{"rendered":"<p>K\u016brybi\u0161ka kiau\u0161ini\u0173 d\u0117\u017eut\u0117 &#8211; \u017eaidimas, kuris tikrai u\u017evaldys kiekvieno ma\u017eo tyrin\u0117tojo \u0161ird\u012f. Rinkinyje yra 12 kiau\u0161ini\u0173, kurie po savo luk\u0161tu slepia \u012fvairias formas ir spalvas. \u017daidimas susideda i\u0161 dviej\u0173 skirting\u0173 kiau\u0161inio pusi\u0173, kurias sujungus pagal atitinkamas formas susidaro vientisas kiau\u0161inis. Prie\u0161ingai nei atrodo, tai n\u0117ra lengva u\u017eduotis &#8211; kad kiau\u0161iniai susid\u0117t\u0173 reikia juos suderinti pagal<\/p>\n<div class=\"more-link\">\n\t\t\t\t <a href=\"https:\/\/elfuratas.lt\/index.php\/product\/kiausiniu-formos-rusiavimo-zaidimas\/\" class=\"link-btn\"><span>Skaityti toliau <\/span> <i class=\"icofont-thin-double-right\"><\/i><\/a>\n\t\t\t<\/div>\n","protected":false},"featured_media":639,"template":"","meta":[],"product_brand":[],"product_cat":[61],"product_tag":[],"class_list":{"0":"post-633","1":"product","2":"type-product","3":"status-publish","4":"has-post-thumbnail","6":"product_cat-rusiavimo-zaidimai","8":"first","9":"instock","10":"taxable","11":"shipping-taxable","12":"purchasable","13":"product-type-simple"},"_links":{"self":[{"href":"https:\/\/elfuratas.lt\/index.php\/wp-json\/wp\/v2\/product\/633","targetHints":{"allow":["GET"]}}],"collection":[{"href":"https:\/\/elfuratas.lt\/index.php\/wp-json\/wp\/v2\/product"}],"about":[{"href":"https:\/\/elfuratas.lt\/index.php\/wp-json\/wp\/v2\/types\/product"}],"wp:featuredmedia":[{"embeddable":true,"href":"https:\/\/elfuratas.lt\/index.php\/wp-json\/wp\/v2\/media\/639"}],"wp:attachment":[{"href":"https:\/\/elfuratas.lt\/index.php\/wp-json\/wp\/v2\/media?parent=633"}],"wp:term":[{"taxonomy":"product_brand","embeddable":true,"href":"https:\/\/elfuratas.lt\/index.php\/wp-json\/wp\/v2\/product_brand?post=633"},{"taxonomy":"product_cat","embeddable":true,"href":"https:\/\/elfuratas.lt\/index.php\/wp-json\/wp\/v2\/product_cat?post=633"},{"taxonomy":"product_tag","embeddable":true,"href":"https:\/\/elfuratas.lt\/index.php\/wp-json\/wp\/v2\/product_tag?post=633"}],"curies":[{"name":"wp","href":"https:\/\/api.w.org\/{rel}","templated":true}]}}