{"id":63,"date":"2023-07-04T08:26:40","date_gmt":"2023-07-04T05:26:40","guid":{"rendered":"https:\/\/elfuratas.lt\/?post_type=product&#038;p=63"},"modified":"2023-07-19T12:48:22","modified_gmt":"2023-07-19T09:48:22","slug":"mokomasis-galvosukis-namelis","status":"publish","type":"product","link":"https:\/\/elfuratas.lt\/index.php\/product\/mokomasis-galvosukis-namelis\/","title":{"rendered":"Mokomasis galvos\u016bkis \u201eNamelis\u201c"},"content":{"rendered":"<p>Medinis kubas &#8211; namelis su \u012fvairi\u0173 form\u0173 angomis yra puiki priemon\u0117 supa\u017eindinti ma\u017e\u0105j\u012f statytoj\u0105 su skirtingomis formomis, j\u0173 \u012fvairov\u0119 ir lavinti kantryb\u0119 randant tinkam\u0105 detal\u0119.<\/p>\n<p>Sud\u0117jus detales \u012f kub\u0105 jas i\u0161imti bus lengva &#8211; atsidaro \u201enamo stogelis\u201c. Be to, tai leist laikyti \u017eaisl\u0105 u\u017eimant ma\u017eiau vietos.<\/p>\n<p>Visos dalys yra pagamintos i\u0161 med\u017eio ir nuda\u017eytos specialiais vaikams nepavojingais da\u017eais. N\u0117ra joki\u0173 a\u0161tri\u0173 element\u0105, kurie gal\u0117t\u0173 sukelti rizik\u0105 susi\u017eeisti!<\/p>\n<p>Kubo dydis 14 x 14 x 12 cm<\/p>\n<p>Rinkinyje yra 13 medini\u0173 formeli\u0173.<\/p>\n<p>&nbsp;<\/p>\n","protected":false},"excerpt":{"rendered":"<p>Kubas \u201eNamelis\u201c &#8211; puiki priemon\u0117 pa\u017einti spalvas ir formas, lavinti kantryb\u0119 d\u0117liojant ar d\u017eiaugtis smagiu lavinamuoju \u017eaislu.<\/p>\n","protected":false},"featured_media":64,"template":"","meta":[],"product_brand":[],"product_cat":[24,25],"product_tag":[26,27],"class_list":{"0":"post-63","1":"product","2":"type-product","3":"status-publish","4":"has-post-thumbnail","6":"product_cat-deliones","7":"product_cat-mediniai-zaislai","8":"product_tag-deliones","9":"product_tag-formos","11":"first","12":"instock","13":"taxable","14":"shipping-taxable","15":"purchasable","16":"product-type-simple"},"_links":{"self":[{"href":"https:\/\/elfuratas.lt\/index.php\/wp-json\/wp\/v2\/product\/63","targetHints":{"allow":["GET"]}}],"collection":[{"href":"https:\/\/elfuratas.lt\/index.php\/wp-json\/wp\/v2\/product"}],"about":[{"href":"https:\/\/elfuratas.lt\/index.php\/wp-json\/wp\/v2\/types\/product"}],"wp:featuredmedia":[{"embeddable":true,"href":"https:\/\/elfuratas.lt\/index.php\/wp-json\/wp\/v2\/media\/64"}],"wp:attachment":[{"href":"https:\/\/elfuratas.lt\/index.php\/wp-json\/wp\/v2\/media?parent=63"}],"wp:term":[{"taxonomy":"product_brand","embeddable":true,"href":"https:\/\/elfuratas.lt\/index.php\/wp-json\/wp\/v2\/product_brand?post=63"},{"taxonomy":"product_cat","embeddable":true,"href":"https:\/\/elfuratas.lt\/index.php\/wp-json\/wp\/v2\/product_cat?post=63"},{"taxonomy":"product_tag","embeddable":true,"href":"https:\/\/elfuratas.lt\/index.php\/wp-json\/wp\/v2\/product_tag?post=63"}],"curies":[{"name":"wp","href":"https:\/\/api.w.org\/{rel}","templated":true}]}}