{"id":622,"date":"2023-10-29T15:13:21","date_gmt":"2023-10-29T12:13:21","guid":{"rendered":"https:\/\/elfuratas.lt\/?post_type=product&#038;p=622"},"modified":"2024-12-29T12:32:55","modified_gmt":"2024-12-29T09:32:55","slug":"dvipuse-edukacine-lenta","status":"publish","type":"product","link":"https:\/\/elfuratas.lt\/index.php\/product\/dvipuse-edukacine-lenta\/","title":{"rendered":"Dvipus\u0117 edukacin\u0117 lenta"},"content":{"rendered":"<p>Medin\u0117 lavinamoji lenta dviem pus\u0117m skirta sudarin\u0117ti \u012fvairius paveiksl\u0117lius, \u017eym\u0117tis svarbi\u0105 informacij\u0105. Tai skatina vaiko k\u016brybi\u0161kum\u0105 ir vaizduot\u0119 per smag\u0173 \u017eaidim\u0105.<\/p>\n<p>R\u0117mas pagamintas i\u0161 \u0161viesaus, nat\u016bralaus med\u017eio.<\/p>\n<p><strong>Matmenys:<\/strong><\/p>\n<p>30 cm ilgio, 23 cm plo\u010dio ir 3 cm auk\u0161\u010dio<\/p>\n<p>Dvifunkcin\u0117 lenta:<\/p>\n<ul>\n<li>Balta magnetin\u0117 pus\u0117 skirta spalvot\u0173 fig\u016br\u0173 darymui ir pie\u0161imui markeriu<\/li>\n<li>Juoda lentos pus\u0117 skirta tradiciniam pie\u0161imui kreida.<\/li>\n<\/ul>\n<p>Rinkinyje:<\/p>\n<ul>\n<li>Dvifunkcin\u0117 lenta<\/li>\n<li>Apie 100 magnetini\u0173 dali\u0173<\/li>\n<li>Spalvot\u0105 kreida<\/li>\n<li>\u0160luost\u0117<\/li>\n<li>Ra\u0161iklis su filcu<\/li>\n<li>Instrukcijos su dali\u0173 kompozicij\u0173 pavyzd\u017eiais<\/li>\n<\/ul>\n","protected":false},"excerpt":{"rendered":"<p>Medin\u0117 lavinamoji lenta dviem pus\u0117m skirta sudarin\u0117ti \u012fvairius paveiksl\u0117lius, \u017eym\u0117tis svarbi\u0105 informacij\u0105. Tai skatina vaiko k\u016brybi\u0161kum\u0105 ir vaizduot\u0119 per smag\u0173 \u017eaidim\u0105. R\u0117mas pagamintas i\u0161 \u0161viesaus, nat\u016bralaus med\u017eio. Matmenys: 30 cm ilgio, 23 cm plo\u010dio ir 3 cm auk\u0161\u010dio Dvifunkcin\u0117 lenta: Balta magnetin\u0117 pus\u0117 skirta spalvot\u0173 fig\u016br\u0173 darymui ir pie\u0161imui markeriu Juoda lentos pus\u0117 skirta tradiciniam<\/p>\n<div class=\"more-link\">\n\t\t\t\t <a href=\"https:\/\/elfuratas.lt\/index.php\/product\/dvipuse-edukacine-lenta\/\" class=\"link-btn\"><span>Skaityti toliau <\/span> <i class=\"icofont-thin-double-right\"><\/i><\/a>\n\t\t\t<\/div>\n","protected":false},"featured_media":625,"template":"","meta":[],"product_brand":[],"product_cat":[25,48],"product_tag":[],"class_list":{"0":"post-622","1":"product","2":"type-product","3":"status-publish","4":"has-post-thumbnail","6":"product_cat-mediniai-zaislai","7":"product_cat-mokymo-priemones","9":"first","10":"instock","11":"taxable","12":"shipping-taxable","13":"purchasable","14":"product-type-simple"},"_links":{"self":[{"href":"https:\/\/elfuratas.lt\/index.php\/wp-json\/wp\/v2\/product\/622","targetHints":{"allow":["GET"]}}],"collection":[{"href":"https:\/\/elfuratas.lt\/index.php\/wp-json\/wp\/v2\/product"}],"about":[{"href":"https:\/\/elfuratas.lt\/index.php\/wp-json\/wp\/v2\/types\/product"}],"wp:featuredmedia":[{"embeddable":true,"href":"https:\/\/elfuratas.lt\/index.php\/wp-json\/wp\/v2\/media\/625"}],"wp:attachment":[{"href":"https:\/\/elfuratas.lt\/index.php\/wp-json\/wp\/v2\/media?parent=622"}],"wp:term":[{"taxonomy":"product_brand","embeddable":true,"href":"https:\/\/elfuratas.lt\/index.php\/wp-json\/wp\/v2\/product_brand?post=622"},{"taxonomy":"product_cat","embeddable":true,"href":"https:\/\/elfuratas.lt\/index.php\/wp-json\/wp\/v2\/product_cat?post=622"},{"taxonomy":"product_tag","embeddable":true,"href":"https:\/\/elfuratas.lt\/index.php\/wp-json\/wp\/v2\/product_tag?post=622"}],"curies":[{"name":"wp","href":"https:\/\/api.w.org\/{rel}","templated":true}]}}