{"id":615,"date":"2023-10-29T14:39:11","date_gmt":"2023-10-29T11:39:11","guid":{"rendered":"https:\/\/elfuratas.lt\/?post_type=product&#038;p=615"},"modified":"2023-10-29T14:39:11","modified_gmt":"2023-10-29T11:39:11","slug":"magnetinis-zaidimas-obuolys","status":"publish","type":"product","link":"https:\/\/elfuratas.lt\/index.php\/product\/magnetinis-zaidimas-obuolys\/","title":{"rendered":"Magnetinis \u017eaidimas \u201eObuolys\u201c"},"content":{"rendered":"<p>\u017daidimas pagamintas i\u0161 med\u017eio, o pagrindo kra\u0161tas papildomai sustiprintas plastiku.<\/p>\n<p>Rinkinyje yra obuolio formos pagrindas, kuriame slepiasi 10 \u012fvairi\u0173 spalv\u0173 kirmin\u0173, pagamint\u0173 i\u0161 med\u017eio ir metalo, bei medin\u0117 lazdel\u0117 su magnetuku gale.<\/p>\n<p>Vaiko u\u017eduotis yra \u201epagauti\u201c kirminukus magneto pagalba ir i\u0161imti juos i\u0161 obuolio. Sud\u0117tingesn\u0117 u\u017eduotis yra \u012fd\u0117ti kirm\u0117liukus atgal \u012f pagrind\u0105.<\/p>\n<p>\u0160is \u017eaidimas teigiamai veikia ma\u017eylio vystym\u0105si:<\/p>\n<ul>\n<li>Treniruoja judrum\u0105 ir koncentracij\u0105<\/li>\n<li>Skatina rank\u0173 ir aki\u0173 koordinacij\u0105<\/li>\n<li>Moko kantryb\u0117s.<\/li>\n<\/ul>\n<p>\u017daislai, tokie kaip \u0161i Montessori stiliaus pagalbin\u0117s priemon\u0117, yra vertinami t\u0117v\u0173 visame pasaulyje. Paprastos formos, nat\u016bralios med\u017eiagos, konkre\u010dios u\u017eduotys &#8211; visa tai atitinka filosofij\u0105, vystant ma\u017eyli\u0173 savaranki\u0161kum\u0105. Jos skatina ir leid\u017eia vaikams atrasti, mokytis ir veikti tuo pa\u010diu metu skatindamos j\u0173 pasaulio smalsum\u0105.<\/p>\n<p>Kuo paprastesnis \u017eaislas, tuo didesn\u0117 k\u016brybi\u0161kumas!<\/p>\n","protected":false},"excerpt":{"rendered":"<p>\u017daidimas pagamintas i\u0161 med\u017eio, o pagrindo kra\u0161tas papildomai sustiprintas plastiku. Rinkinyje yra obuolio formos pagrindas, kuriame slepiasi 10 \u012fvairi\u0173 spalv\u0173 kirmin\u0173, pagamint\u0173 i\u0161 med\u017eio ir metalo, bei medin\u0117 lazdel\u0117 su magnetuku gale. Vaiko u\u017eduotis yra \u201epagauti\u201c kirminukus magneto pagalba ir i\u0161imti juos i\u0161 obuolio. Sud\u0117tingesn\u0117 u\u017eduotis yra \u012fd\u0117ti kirm\u0117liukus atgal \u012f pagrind\u0105. \u0160is \u017eaidimas teigiamai<\/p>\n<div class=\"more-link\">\n\t\t\t\t <a href=\"https:\/\/elfuratas.lt\/index.php\/product\/magnetinis-zaidimas-obuolys\/\" class=\"link-btn\"><span>Skaityti toliau <\/span> <i class=\"icofont-thin-double-right\"><\/i><\/a>\n\t\t\t<\/div>\n","protected":false},"featured_media":617,"template":"","meta":[],"product_brand":[],"product_cat":[66,25],"product_tag":[],"class_list":{"0":"post-615","1":"product","2":"type-product","3":"status-publish","4":"has-post-thumbnail","6":"product_cat-galvosukiai","7":"product_cat-mediniai-zaislai","9":"first","10":"instock","11":"taxable","12":"shipping-taxable","13":"purchasable","14":"product-type-simple"},"_links":{"self":[{"href":"https:\/\/elfuratas.lt\/index.php\/wp-json\/wp\/v2\/product\/615","targetHints":{"allow":["GET"]}}],"collection":[{"href":"https:\/\/elfuratas.lt\/index.php\/wp-json\/wp\/v2\/product"}],"about":[{"href":"https:\/\/elfuratas.lt\/index.php\/wp-json\/wp\/v2\/types\/product"}],"wp:featuredmedia":[{"embeddable":true,"href":"https:\/\/elfuratas.lt\/index.php\/wp-json\/wp\/v2\/media\/617"}],"wp:attachment":[{"href":"https:\/\/elfuratas.lt\/index.php\/wp-json\/wp\/v2\/media?parent=615"}],"wp:term":[{"taxonomy":"product_brand","embeddable":true,"href":"https:\/\/elfuratas.lt\/index.php\/wp-json\/wp\/v2\/product_brand?post=615"},{"taxonomy":"product_cat","embeddable":true,"href":"https:\/\/elfuratas.lt\/index.php\/wp-json\/wp\/v2\/product_cat?post=615"},{"taxonomy":"product_tag","embeddable":true,"href":"https:\/\/elfuratas.lt\/index.php\/wp-json\/wp\/v2\/product_tag?post=615"}],"curies":[{"name":"wp","href":"https:\/\/api.w.org\/{rel}","templated":true}]}}