{"id":611,"date":"2023-10-29T14:26:48","date_gmt":"2023-10-29T11:26:48","guid":{"rendered":"https:\/\/elfuratas.lt\/?post_type=product&#038;p=611"},"modified":"2025-02-05T19:48:33","modified_gmt":"2025-02-05T16:48:33","slug":"3d-labirintas","status":"publish","type":"product","link":"https:\/\/elfuratas.lt\/index.php\/product\/3d-labirintas\/","title":{"rendered":"3D labirintas"},"content":{"rendered":"<p>3D Labirinto galvos\u016bkis yra \u017eaidimas, reikalaujantis gudrumo ir atidumo. Nors atrodo kaip lengvas \u017eaidimas, ta\u010diau jis suteikia ilgai trunkant\u012f u\u017esi\u0117mim\u0105.<\/p>\n<p>Kubas turi viduje labirint\u0105 su daugybe pos\u016bki\u0173, takeli\u0173 ir akl\u0173 kamp\u0173. Kubo viduje kartu su labirintu yra ma\u017eas metalinis rutuliukas, kur\u012f reikia sumaniai perne\u0161ti per labirinto takelius iki kvadrato plok\u0161tum\u0173 atidarymo j\u012f varant. \u017daidimas niekada nesibaigia, kamuolys, kuris patenka \u012f vien\u0105 atidarym\u0105, i\u0161krenta i\u0161 kito!<\/p>\n<p>Vidutinio sunkumo lygio kubas rekomenduojamas vaikams nuo 6 met\u0173.<\/p>\n<p>\u0160is \u017eaislas yra pritraukiantis ir suteiks daug valand\u0173 nuostabios pramogos bei didelio d\u017eiaugsmo, pasiekus tiksl\u0105! Galvos\u016bkis puikiai tinka \u017eaisti tiek namuose, tiek kelion\u0117se.<\/p>\n<p>Galvos\u016bkis &#8211; labirintas lavins vaiko koncentracijos geb\u0117jimus, rank\u0173 ir aki\u0173 koordinacij\u0105 bei pastabum\u0105.<\/p>\n<p><strong>Privalumai:<\/strong><\/p>\n<ul>\n<li>Mokina prot\u0105 ir atminties \u012fg\u016bd\u017eius;<\/li>\n<li>Gerina rank\u0173 judesi\u0173 koordinacij\u0105;<\/li>\n<li>Moko kantryb\u0117s;<\/li>\n<li>Skatina rank\u0173 ir aki\u0173 koordinacijos vystym\u0105si;<\/li>\n<li>Skatina vaizduot\u0119;<\/li>\n<\/ul>\n<p>Matmenys: 6 cm x 6 cm x 6 cm<\/p>\n","protected":false},"excerpt":{"rendered":"<p>3D Labirinto galvos\u016bkis yra \u017eaidimas, reikalaujantis gudrumo ir atidumo. Nors atrodo kaip lengvas \u017eaidimas, ta\u010diau jis suteikia ilgai trunkant\u012f u\u017esi\u0117mim\u0105. Kubas turi viduje labirint\u0105 su daugybe pos\u016bki\u0173, takeli\u0173 ir akl\u0173 kamp\u0173. Kubo viduje kartu su labirintu yra ma\u017eas metalinis rutuliukas, kur\u012f reikia sumaniai perne\u0161ti per labirinto takelius iki kvadrato plok\u0161tum\u0173 atidarymo j\u012f varant. \u017daidimas niekada<\/p>\n<div class=\"more-link\">\n\t\t\t\t <a href=\"https:\/\/elfuratas.lt\/index.php\/product\/3d-labirintas\/\" class=\"link-btn\"><span>Skaityti toliau <\/span> <i class=\"icofont-thin-double-right\"><\/i><\/a>\n\t\t\t<\/div>\n","protected":false},"featured_media":613,"template":"","meta":[],"product_brand":[],"product_cat":[66,47],"product_tag":[],"class_list":{"0":"post-611","1":"product","2":"type-product","3":"status-publish","4":"has-post-thumbnail","6":"product_cat-galvosukiai","7":"product_cat-kelionems","9":"first","10":"outofstock","11":"taxable","12":"shipping-taxable","13":"purchasable","14":"product-type-simple"},"_links":{"self":[{"href":"https:\/\/elfuratas.lt\/index.php\/wp-json\/wp\/v2\/product\/611","targetHints":{"allow":["GET"]}}],"collection":[{"href":"https:\/\/elfuratas.lt\/index.php\/wp-json\/wp\/v2\/product"}],"about":[{"href":"https:\/\/elfuratas.lt\/index.php\/wp-json\/wp\/v2\/types\/product"}],"wp:featuredmedia":[{"embeddable":true,"href":"https:\/\/elfuratas.lt\/index.php\/wp-json\/wp\/v2\/media\/613"}],"wp:attachment":[{"href":"https:\/\/elfuratas.lt\/index.php\/wp-json\/wp\/v2\/media?parent=611"}],"wp:term":[{"taxonomy":"product_brand","embeddable":true,"href":"https:\/\/elfuratas.lt\/index.php\/wp-json\/wp\/v2\/product_brand?post=611"},{"taxonomy":"product_cat","embeddable":true,"href":"https:\/\/elfuratas.lt\/index.php\/wp-json\/wp\/v2\/product_cat?post=611"},{"taxonomy":"product_tag","embeddable":true,"href":"https:\/\/elfuratas.lt\/index.php\/wp-json\/wp\/v2\/product_tag?post=611"}],"curies":[{"name":"wp","href":"https:\/\/api.w.org\/{rel}","templated":true}]}}