{"id":597,"date":"2023-10-29T14:12:21","date_gmt":"2023-10-29T11:12:21","guid":{"rendered":"https:\/\/elfuratas.lt\/?post_type=product&#038;p=597"},"modified":"2024-08-05T12:27:15","modified_gmt":"2024-08-05T09:27:15","slug":"anglu-kalbos-korteliu-skaitytuvas","status":"publish","type":"product","link":"https:\/\/elfuratas.lt\/index.php\/product\/anglu-kalbos-korteliu-skaitytuvas\/","title":{"rendered":"Angl\u0173 kalbos korteli\u0173 skaitytuvas"},"content":{"rendered":"<p>Mokytis kalb\u0173, ypa\u010d angl\u0173, gali b\u016bti palengvinimas vaikui greitai ir lengvai prisitaikyti \u0161iuolaikiniame pasaulyje. Gal\u0173 gale tai kalba, kuri\u0105 kalba daugiau nei milijardas \u017emoni\u0173! Yra daug b\u016bd\u0173 mokytis kalb\u0173, ta\u010diau \u0161is garsinis skaitytuvas si\u016blo vien\u0105 i\u0161 efektyviausi\u0173!<\/p>\n<h2>MOKYKIT\u0116S ANGL\u0172 KALB\u0104 VAIKUI PRIIMTINAIS B\u016aDAIS!<\/h2>\n<p>Skatinkite smagum\u0105 ir mokym\u0105 \u0161iuo skaitytuvu, nes jis suprojektuotas taip, kad patraukt\u0173 bet kurio vaiko d\u0117mes\u012f. Gra\u017e\u016bs pie\u0161iniai ir malonios spalvos neabejotinai paskatins naudojim\u0105!<\/p>\n<p>Kiekviena kortel\u0117 rinkinyje turi du \u017eod\u017eius, po vien\u0105 kiekvienoje pus\u0117je, ir atitinkam\u0105 pie\u0161in\u012f, kad suprastum\u0117te j\u0173 reik\u0161m\u0119. Tai skatina tiek vaiko reg\u0117jim\u0105, tiek gird\u0117jim\u0105, tod\u0117l tai tikrai yra efektyviausias b\u016bdas bet kuriam ma\u017eyliui mokytis. Net n\u0117ra b\u016btinyb\u0117s mok\u0117ti skaityti!<\/p>\n<p>Kortel\u0117s suskirstytos \u012f keturias skirtingas spalvas, kurios atitinka kiekvien\u0105 kategorij\u0105:<\/p>\n<p><strong>Geltona spalva<\/strong> &#8211; maistas, dar\u017eov\u0117s ir vaisiai<br \/>\n<strong>Violetin\u0117 spalva<\/strong> &#8211; \u0161eimos nariai, spalvos, profesijos, drabu\u017eiai, gamta<br \/>\n<strong>\u017dalia spalva<\/strong> &#8211; gyv\u016bnai<br \/>\n<strong>M\u0117lyna spalva<\/strong> &#8211; transporto priemon\u0117s, objektai<\/p>\n<p>Tai leis jums grupuoti \u012fgytas \u017einias arba skaidyti mokym\u0105si \u012f skirtingus etapus pagal spalvas.<\/p>\n<h2>KAIP NAUDOTIS ANGL\u0172 KALBOS SKAITYTUVU?<\/h2>\n<p>Mokymosi korteli\u0173 skaitytuvo naudojimas yra labai paprastas &#8211; tiesiog \u012fjunkite \u012frengin\u012f ir \u012fstatykite vien\u0105 i\u0161 112 prieinam\u0173 korteli\u0173 \u012f atitinkamas vietas. Skaitytuvas tada perskaitys kortel\u0117je esant\u012f \u017eod\u012f &#8211; tai leis i\u0161mokti teising\u0105 \u017eod\u017eio tarim\u0105.<\/p>\n<p>\u012erenginyje esantys mygtukai u\u017etikrina patog\u0173 ir intuityv\u0173 naudojim\u0105. De\u0161inysis mygtukas naudojamas pasirinkti garso lyg\u012f, o kairysis leis jums pakartotinai paleisti \u012fra\u0161\u0105 i\u0161 \u012fterptos kortel\u0117s. Vaikai gali pakartoti \u017eod\u012f garsiai, o jei jie susiduria su nauju \u017eod\u017eiu, paspaudus kair\u012f mygtuk\u0105, jie gali lengvai i\u0161girsti teising\u0105 tarim\u0105 dar kart\u0105.<\/p>\n<p>Skaitytuve yra integruota 300 mAh baterija. Ji u\u017etikrina patenkinam\u0105 \u012frenginio darbo laik\u0105, ma\u017edaug 5 valandas, su santykinai trumpu \u012fkrovimo laiku, ne ilgiau kaip 80 minu\u010di\u0173. Tai leis smagiai mokytis gana ilgai, taip pat kasdienius kartojimus jau i\u0161mokt\u0173 med\u017eiag\u0173 \u012ftvirtinimui.<\/p>\n<p><strong>RINKINIO TURINYS:<\/strong><\/p>\n<ul>\n<li>Skaitytuvas<\/li>\n<li>112 dvipus\u0117s mokomosios kortel\u0117s, suskirstytos \u012f keturias spalvas su skirtingomis kategorijomis<\/li>\n<li>USB kabelis \u012fkrovimui<\/li>\n<\/ul>\n","protected":false},"excerpt":{"rendered":"<p>Mokytis kalb\u0173, ypa\u010d angl\u0173, gali b\u016bti palengvinimas vaikui greitai ir lengvai prisitaikyti \u0161iuolaikiniame pasaulyje. Gal\u0173 gale tai kalba, kuri\u0105 kalba daugiau nei milijardas \u017emoni\u0173! Yra daug b\u016bd\u0173 mokytis kalb\u0173, ta\u010diau \u0161is garsinis skaitytuvas si\u016blo vien\u0105 i\u0161 efektyviausi\u0173! MOKYKIT\u0116S ANGL\u0172 KALB\u0104 VAIKUI PRIIMTINAIS B\u016aDAIS! Skatinkite smagum\u0105 ir mokym\u0105 \u0161iuo skaitytuvu, nes jis suprojektuotas taip, kad patraukt\u0173<\/p>\n<div class=\"more-link\">\n\t\t\t\t <a href=\"https:\/\/elfuratas.lt\/index.php\/product\/anglu-kalbos-korteliu-skaitytuvas\/\" class=\"link-btn\"><span>Skaityti toliau <\/span> <i class=\"icofont-thin-double-right\"><\/i><\/a>\n\t\t\t<\/div>\n","protected":false},"featured_media":604,"template":"","meta":[],"product_brand":[],"product_cat":[48],"product_tag":[65],"class_list":{"0":"post-597","1":"product","2":"type-product","3":"status-publish","4":"has-post-thumbnail","6":"product_cat-mokymo-priemones","7":"product_tag-anglu-kalba","9":"first","10":"outofstock","11":"taxable","12":"shipping-taxable","13":"purchasable","14":"product-type-variable"},"_links":{"self":[{"href":"https:\/\/elfuratas.lt\/index.php\/wp-json\/wp\/v2\/product\/597","targetHints":{"allow":["GET"]}}],"collection":[{"href":"https:\/\/elfuratas.lt\/index.php\/wp-json\/wp\/v2\/product"}],"about":[{"href":"https:\/\/elfuratas.lt\/index.php\/wp-json\/wp\/v2\/types\/product"}],"wp:featuredmedia":[{"embeddable":true,"href":"https:\/\/elfuratas.lt\/index.php\/wp-json\/wp\/v2\/media\/604"}],"wp:attachment":[{"href":"https:\/\/elfuratas.lt\/index.php\/wp-json\/wp\/v2\/media?parent=597"}],"wp:term":[{"taxonomy":"product_brand","embeddable":true,"href":"https:\/\/elfuratas.lt\/index.php\/wp-json\/wp\/v2\/product_brand?post=597"},{"taxonomy":"product_cat","embeddable":true,"href":"https:\/\/elfuratas.lt\/index.php\/wp-json\/wp\/v2\/product_cat?post=597"},{"taxonomy":"product_tag","embeddable":true,"href":"https:\/\/elfuratas.lt\/index.php\/wp-json\/wp\/v2\/product_tag?post=597"}],"curies":[{"name":"wp","href":"https:\/\/api.w.org\/{rel}","templated":true}]}}