{"id":593,"date":"2023-10-29T13:12:36","date_gmt":"2023-10-29T10:12:36","guid":{"rendered":"https:\/\/elfuratas.lt\/?post_type=product&#038;p=593"},"modified":"2023-10-29T13:12:36","modified_gmt":"2023-10-29T10:12:36","slug":"sensorines-apyrankes-barskuciai","status":"publish","type":"product","link":"https:\/\/elfuratas.lt\/index.php\/product\/sensorines-apyrankes-barskuciai\/","title":{"rendered":"Sensorin\u0117s apyrank\u0117s &#8211; bar\u0161ku\u010diai"},"content":{"rendered":"<p>Labai mielos ir \u0161velnios juostos su velcro lipukais, kurie nedaro spaudimo rankoms.<\/p>\n<p>\u0160vies\u016bs, ry\u0161k\u016bs spalv\u0173 deriniai ir kontrastingos ra\u0161to detal\u0117s skatina k\u016bdik\u012f sutelkti \u017evilgsn\u012f, tuo metu \u0161velnios med\u017eiagos ir \u012fvairios fakt\u016bros skatina k\u016bdikio lyt\u0117jimo jausm\u0105.<\/p>\n<p>Kai ma\u017eylis judina rank\u0105, apyrank\u0117s skleid\u017eia \u0161veln\u0173 gars\u0105.<\/p>\n","protected":false},"excerpt":{"rendered":"<p>Labai mielos ir \u0161velnios juostos su velcro lipukais, kurie nedaro spaudimo rankoms. \u0160vies\u016bs, ry\u0161k\u016bs spalv\u0173 deriniai ir kontrastingos ra\u0161to detal\u0117s skatina k\u016bdik\u012f sutelkti \u017evilgsn\u012f, tuo metu \u0161velnios med\u017eiagos ir \u012fvairios fakt\u016bros skatina k\u016bdikio lyt\u0117jimo jausm\u0105. Kai ma\u017eylis judina rank\u0105, apyrank\u0117s skleid\u017eia \u0161veln\u0173 gars\u0105.<\/p>\n","protected":false},"featured_media":596,"template":"","meta":[],"product_brand":[],"product_cat":[32],"product_tag":[64],"class_list":{"0":"post-593","1":"product","2":"type-product","3":"status-publish","4":"has-post-thumbnail","6":"product_cat-ivairus-zaislai","7":"product_tag-barskuciai","9":"first","10":"instock","11":"taxable","12":"shipping-taxable","13":"purchasable","14":"product-type-simple"},"_links":{"self":[{"href":"https:\/\/elfuratas.lt\/index.php\/wp-json\/wp\/v2\/product\/593","targetHints":{"allow":["GET"]}}],"collection":[{"href":"https:\/\/elfuratas.lt\/index.php\/wp-json\/wp\/v2\/product"}],"about":[{"href":"https:\/\/elfuratas.lt\/index.php\/wp-json\/wp\/v2\/types\/product"}],"wp:featuredmedia":[{"embeddable":true,"href":"https:\/\/elfuratas.lt\/index.php\/wp-json\/wp\/v2\/media\/596"}],"wp:attachment":[{"href":"https:\/\/elfuratas.lt\/index.php\/wp-json\/wp\/v2\/media?parent=593"}],"wp:term":[{"taxonomy":"product_brand","embeddable":true,"href":"https:\/\/elfuratas.lt\/index.php\/wp-json\/wp\/v2\/product_brand?post=593"},{"taxonomy":"product_cat","embeddable":true,"href":"https:\/\/elfuratas.lt\/index.php\/wp-json\/wp\/v2\/product_cat?post=593"},{"taxonomy":"product_tag","embeddable":true,"href":"https:\/\/elfuratas.lt\/index.php\/wp-json\/wp\/v2\/product_tag?post=593"}],"curies":[{"name":"wp","href":"https:\/\/api.w.org\/{rel}","templated":true}]}}