{"id":588,"date":"2023-10-29T12:49:40","date_gmt":"2023-10-29T09:49:40","guid":{"rendered":"https:\/\/elfuratas.lt\/?post_type=product&#038;p=588"},"modified":"2023-10-29T12:50:08","modified_gmt":"2023-10-29T09:50:08","slug":"spalvu-ir-vaisiu-derinimo-medinis-zaidimas","status":"publish","type":"product","link":"https:\/\/elfuratas.lt\/index.php\/product\/spalvu-ir-vaisiu-derinimo-medinis-zaidimas\/","title":{"rendered":"Spalv\u0173 ir vaisi\u0173 derinimo medinis \u017eaidimas"},"content":{"rendered":"<p>Nuostabus mokomasis \u017eaislas vaikams, visi\u0161kai pagamintas i\u0161 med\u017eio. \u017daidimas susideda i\u0161 vaisi\u0173 arba spalv\u0173 r\u016b\u0161iavimo, vadovaujantis pagal rodomus modelius ant pagalbini\u0173 korteli\u0173. Nors ir apstu korteli\u0173, \u017eaidimas suteikia galimyb\u0119 kurti savo derinius!<\/p>\n<p>Gra\u017eios spalvos ir \u012fdomus dizainas skatina \u017eaidim\u0105 ir moko loginio m\u0105stymo. \u017daidimas kartu yra puiki proga bendrauti su savo vaiku ir praleisti malon\u0173 popiet\u0119. R\u016b\u0161iavimo ir derinimo \u017eaislas teigiamai veikia rank\u0173 motorikos vystym\u0105, motorin\u012f koordinavim\u0105.<\/p>\n<p>Mokymasis ir linksmyb\u0117s viename! Puiki id\u0117ja dovanai!<\/p>\n<p><strong>\u017daidimas leis:<\/strong><\/p>\n<ul>\n<li>pl\u0117toti loginio m\u0105stymo \u012fg\u016bd\u017eius,<\/li>\n<li>tobulinti pasteb\u0117jimo geb\u0117jimus,<\/li>\n<li>pagerinti motorin\u012f koordinavim\u0105,<\/li>\n<li>stiprinti koncentracij\u0105,<\/li>\n<li>treniruoti atmint\u012f.<\/li>\n<\/ul>\n<p>Skirtas vaikams nuo 5-6 met\u0173.<\/p>\n<p><strong>Rinkinys apima:<\/strong><\/p>\n<ul>\n<li>dvipus\u0119 lent\u0105: vienoje pus\u0117je spalvos, kitoje vaisiai,<\/li>\n<li>lentos laikiklius,<\/li>\n<li>pagalbines korteles su blok\u0173 i\u0161d\u0117stymo deriniais.<\/li>\n<\/ul>\n<p>Lentos dydis 22 x 18 x 0,5 cm<br \/>\nKortel\u0117s dydis 9 x 5 cm<\/p>\n","protected":false},"excerpt":{"rendered":"<p>Nuostabus mokomasis \u017eaislas vaikams, visi\u0161kai pagamintas i\u0161 med\u017eio. \u017daidimas susideda i\u0161 vaisi\u0173 arba spalv\u0173 r\u016b\u0161iavimo, vadovaujantis pagal rodomus modelius ant pagalbini\u0173 korteli\u0173. Nors ir apstu korteli\u0173, \u017eaidimas suteikia galimyb\u0119 kurti savo derinius! Gra\u017eios spalvos ir \u012fdomus dizainas skatina \u017eaidim\u0105 ir moko loginio m\u0105stymo. \u017daidimas kartu yra puiki proga bendrauti su savo vaiku ir praleisti malon\u0173<\/p>\n<div class=\"more-link\">\n\t\t\t\t <a href=\"https:\/\/elfuratas.lt\/index.php\/product\/spalvu-ir-vaisiu-derinimo-medinis-zaidimas\/\" class=\"link-btn\"><span>Skaityti toliau <\/span> <i class=\"icofont-thin-double-right\"><\/i><\/a>\n\t\t\t<\/div>\n","protected":false},"featured_media":592,"template":"","meta":[],"product_brand":[],"product_cat":[25,61],"product_tag":[],"class_list":{"0":"post-588","1":"product","2":"type-product","3":"status-publish","4":"has-post-thumbnail","6":"product_cat-mediniai-zaislai","7":"product_cat-rusiavimo-zaidimai","9":"first","10":"instock","11":"taxable","12":"shipping-taxable","13":"purchasable","14":"product-type-simple"},"_links":{"self":[{"href":"https:\/\/elfuratas.lt\/index.php\/wp-json\/wp\/v2\/product\/588","targetHints":{"allow":["GET"]}}],"collection":[{"href":"https:\/\/elfuratas.lt\/index.php\/wp-json\/wp\/v2\/product"}],"about":[{"href":"https:\/\/elfuratas.lt\/index.php\/wp-json\/wp\/v2\/types\/product"}],"wp:featuredmedia":[{"embeddable":true,"href":"https:\/\/elfuratas.lt\/index.php\/wp-json\/wp\/v2\/media\/592"}],"wp:attachment":[{"href":"https:\/\/elfuratas.lt\/index.php\/wp-json\/wp\/v2\/media?parent=588"}],"wp:term":[{"taxonomy":"product_brand","embeddable":true,"href":"https:\/\/elfuratas.lt\/index.php\/wp-json\/wp\/v2\/product_brand?post=588"},{"taxonomy":"product_cat","embeddable":true,"href":"https:\/\/elfuratas.lt\/index.php\/wp-json\/wp\/v2\/product_cat?post=588"},{"taxonomy":"product_tag","embeddable":true,"href":"https:\/\/elfuratas.lt\/index.php\/wp-json\/wp\/v2\/product_tag?post=588"}],"curies":[{"name":"wp","href":"https:\/\/api.w.org\/{rel}","templated":true}]}}