{"id":561,"date":"2023-10-29T12:31:36","date_gmt":"2023-10-29T09:31:36","guid":{"rendered":"https:\/\/elfuratas.lt\/?post_type=product&#038;p=561"},"modified":"2024-12-29T12:31:43","modified_gmt":"2024-12-29T09:31:43","slug":"interaktyvus-krabas","status":"publish","type":"product","link":"https:\/\/elfuratas.lt\/index.php\/product\/interaktyvus-krabas\/","title":{"rendered":"Interaktyvus krabas"},"content":{"rendered":"<p>Ie\u0161kote \u017eaislo, kuris skatint\u0173 j\u016bs\u0173 ma\u017eylio teising\u0105 vystym\u0105si? J\u016bs galite baigti savo paie\u0161kas! \u0160is ropojantis krabas tikrai atliks \u0161\u012f darb\u0105!<\/p>\n<p>Ta\u010diau k\u0105 gali \u0161is linksmas krabas? Jis gali greitai ropoti! Tai padarys j\u012f puikiu i\u0161\u0161\u016bkiu j\u016bs\u0173 vaikui b\u016bti pakankamai greitam, kad j\u012f sekt\u0173. Be to, steb\u0117damas gyv\u016bno judesius, j\u016bs\u0173 vaikas puikiai lavins reg\u0117jimo poj\u016bt\u012f.<\/p>\n<p>Nepaisant to, kad \u0161is gyv\u016bnas greitai ropoja, jums nereikia nerimauti d\u0117l nam\u0173 sien\u0173 ar bald\u0173. Krabas yra protingas, tod\u0117l jis i\u0161vengs j\u0173. \u0160i funkcija taip pat u\u017etikrina, kad jis nepertrauks \u017eaidimo, atsitrenk\u0119s \u012f sof\u0105. B\u016bdamas jautrus, pajut\u0119s kli\u016bt\u012f, jis greitai pakeis krypt\u012f, ir smagumas nesibaigs!<\/p>\n<p>Be ropojimo, smagusis krabas taip pat groja muzik\u0105 &#8211; \u017eaidimo metu vaiko girdimojo jausmo stimuliavimui.<\/p>\n<p>Visi \u0161io krabo komponentai yra suapvalinti, tod\u0117l j\u016bs\u0173 k\u016bdikis visi\u0161kai saugus \u017eaid\u017eiant.<\/p>\n<p>Pagrindin\u0117s \u017eaislo funkcijos:<\/p>\n<ul>\n<li>Ropojimas<\/li>\n<li>Kli\u016b\u010di\u0173 vengimas<\/li>\n<li>Muzikos grojimas<\/li>\n<li>Jutim\u0173 skatinimas<\/li>\n<li>\u012esitraukimo \u012f \u017eaidim\u0105 skatinimas<\/li>\n<\/ul>\n<div class=\"flex-1 overflow-hidden\">\n<div class=\"react-scroll-to-bottom--css-knjsg-79elbk h-full\">\n<div class=\"react-scroll-to-bottom--css-knjsg-1n7m0yu\">\n<div class=\"flex flex-col text-sm gizmo:pb-9 dark:bg-gray-800 gizmo:dark:bg-transparent\">\n<div class=\"group w-full text-token-text-primary border-b border-black\/10 gizmo:border-0 dark:border-gray-900\/50 gizmo:dark:border-0 bg-gray-50 gizmo:bg-transparent dark:bg-[#444654] gizmo:dark:bg-transparent\" data-testid=\"conversation-turn-5\">\n<div class=\"p-4 gizmo:py-2 justify-center text-base md:gap-6 md:py-6 m-auto\">\n<div class=\"flex flex-1 gap-4 text-base mx-auto md:gap-6 gizmo:gap-3 gizmo:md:px-5 gizmo:lg:px-1 gizmo:xl:px-5 md:max-w-2xl lg:max-w-[38rem] gizmo:md:max-w-3xl gizmo:lg:max-w-[40rem] gizmo:xl:max-w-[48rem] xl:max-w-3xl }\">\n<div class=\"relative flex w-[calc(100%-50px)] flex-col gizmo:w-full lg:w-[calc(100%-115px)] agent-turn\">\n<div class=\"flex-col gap-1 md:gap-3\">\n<div class=\"flex flex-grow flex-col gap-3 max-w-full\">\n<div class=\"min-h-[20px] flex flex-col items-start gap-3 whitespace-pre-wrap break-words overflow-x-auto\" data-message-author-role=\"assistant\" data-message-id=\"29d17cdf-93ba-4a14-bdbb-c74c7a4ae4b2\">\n<div class=\"markdown prose w-full break-words dark:prose-invert light\">\n<p>Krabas veikia su \u012fmontuota \u012fkraunama baterija, tod\u0117l smagumas tikrai bus neribotas. Kai krabas lieka be j\u0117g\u0173, tiesiog prijunkite j\u012f pakrovimui. Po \u0161iek tiek laiko, pakrovus jo baterijas, jis v\u0117l greitai ropoja.<\/p>\n<p>Krabo gamybai naudojami auk\u0161\u010diausios kokyb\u0117s med\u017eiagos, kad j\u016bs\u0173 ma\u017eylis gal\u0117t\u0173 m\u0117gautis \u017eaidimu su krabu kuo ilgiau.<\/p>\n<p>Rinkinio turinys:<\/p>\n<ul>\n<li>Krabas<\/li>\n<li>USB kabelis<\/li>\n<\/ul>\n<p>Technin\u0117s charakteristikos:<\/p>\n<ul>\n<li>Med\u017eiaga: plastmas\u0117<\/li>\n<li>Energijos \u0161altinis: \u012fmontuota 3,7 V \u012fkraunama baterija<\/li>\n<li>Am\u017eius: 3+ (su prie\u017ei\u016bra puikiai tiks ir jaunesniems!)<\/li>\n<\/ul>\n<p>Matmenys:<\/p>\n<ul>\n<li>Krabas: 24 cm x 12,5 cm x 10,5 cm<\/li>\n<li>USB kabelis (ilgis): 53 cm<\/li>\n<\/ul>\n<\/div>\n<\/div>\n<\/div>\n<\/div>\n<\/div>\n<\/div>\n<\/div>\n<\/div>\n<p>&nbsp;<\/p>\n<\/div>\n<\/div>\n<\/div>\n<\/div>\n<div class=\"w-full pt-2 md:pt-0 border-t md:border-t-0 dark:border-white\/20 md:border-transparent md:dark:border-transparent md:pl-2 gizmo:pl-0 gizmo:md:pl-0 md:w-[calc(100%-.5rem)] absolute bottom-0 left-0 md:bg-vert-light-gradient bg-white dark:bg-gray-800 md:!bg-transparent dark:md:bg-vert-dark-gradient\">\n<form class=\"stretch mx-2 flex flex-row gap-3 last:mb-2 md:mx-4 md:last:mb-6 lg:mx-auto lg:max-w-2xl xl:max-w-3xl\">\n<div class=\"relative flex h-full flex-1 items-stretch md:flex-col\"><\/div>\n<\/form>\n<\/div>\n","protected":false},"excerpt":{"rendered":"<p>Ie\u0161kote \u017eaislo, kuris skatint\u0173 j\u016bs\u0173 ma\u017eylio teising\u0105 vystym\u0105si? J\u016bs galite baigti savo paie\u0161kas! \u0160is ropojantis krabas tikrai atliks \u0161\u012f darb\u0105! Ta\u010diau k\u0105 gali \u0161is linksmas krabas? Jis gali greitai ropoti! Tai padarys j\u012f puikiu i\u0161\u0161\u016bkiu j\u016bs\u0173 vaikui b\u016bti pakankamai greitam, kad j\u012f sekt\u0173. Be to, steb\u0117damas gyv\u016bno judesius, j\u016bs\u0173 vaikas puikiai lavins reg\u0117jimo poj\u016bt\u012f. Nepaisant<\/p>\n<div class=\"more-link\">\n\t\t\t\t <a href=\"https:\/\/elfuratas.lt\/index.php\/product\/interaktyvus-krabas\/\" class=\"link-btn\"><span>Skaityti toliau <\/span> <i class=\"icofont-thin-double-right\"><\/i><\/a>\n\t\t\t<\/div>\n","protected":false},"featured_media":586,"template":"","meta":[],"product_brand":[],"product_cat":[32],"product_tag":[],"class_list":{"0":"post-561","1":"product","2":"type-product","3":"status-publish","4":"has-post-thumbnail","6":"product_cat-ivairus-zaislai","8":"first","9":"instock","10":"taxable","11":"shipping-taxable","12":"purchasable","13":"product-type-variable"},"_links":{"self":[{"href":"https:\/\/elfuratas.lt\/index.php\/wp-json\/wp\/v2\/product\/561","targetHints":{"allow":["GET"]}}],"collection":[{"href":"https:\/\/elfuratas.lt\/index.php\/wp-json\/wp\/v2\/product"}],"about":[{"href":"https:\/\/elfuratas.lt\/index.php\/wp-json\/wp\/v2\/types\/product"}],"wp:featuredmedia":[{"embeddable":true,"href":"https:\/\/elfuratas.lt\/index.php\/wp-json\/wp\/v2\/media\/586"}],"wp:attachment":[{"href":"https:\/\/elfuratas.lt\/index.php\/wp-json\/wp\/v2\/media?parent=561"}],"wp:term":[{"taxonomy":"product_brand","embeddable":true,"href":"https:\/\/elfuratas.lt\/index.php\/wp-json\/wp\/v2\/product_brand?post=561"},{"taxonomy":"product_cat","embeddable":true,"href":"https:\/\/elfuratas.lt\/index.php\/wp-json\/wp\/v2\/product_cat?post=561"},{"taxonomy":"product_tag","embeddable":true,"href":"https:\/\/elfuratas.lt\/index.php\/wp-json\/wp\/v2\/product_tag?post=561"}],"curies":[{"name":"wp","href":"https:\/\/api.w.org\/{rel}","templated":true}]}}