{"id":553,"date":"2023-10-29T11:50:02","date_gmt":"2023-10-29T08:50:02","guid":{"rendered":"https:\/\/elfuratas.lt\/?post_type=product&#038;p=553"},"modified":"2024-11-29T15:32:59","modified_gmt":"2024-11-29T12:32:59","slug":"transportas-rusiavimo-zaidimas","status":"publish","type":"product","link":"https:\/\/elfuratas.lt\/index.php\/product\/transportas-rusiavimo-zaidimas\/","title":{"rendered":"R\u016b\u0161iavima \u017eaidimas \u201eTransportas\u201c"},"content":{"rendered":"<p>Spalvotos transporto priemon\u0117s u\u017ekariavo kiekvieno ma\u017eylio \u0161ird\u012f ir skatina tyrin\u0117ti skai\u010di\u0173 ir kit\u0173 lavinam\u0173j\u0173 veikl\u0173 pasaul\u012f.<\/p>\n<p>\u012evair\u016bs \u017eaidimo b\u016bdai leis kiekvienam vaikui rasti ka\u017ek\u0105 savo.<\/p>\n<p>Puikus rinkinys, kuris \u017eavi ir moko!<\/p>\n<p>Jaunasis \u017eaid\u0117jas gal\u0117s:<\/p>\n<ul>\n<li>Skai\u010diuoti<\/li>\n<li>Derinti spalvas<\/li>\n<li>Pa\u017einti skirtingas transporto priemones<\/li>\n<\/ul>\n<p>Daugyb\u0117 element\u0173 suteikia galimyb\u0119 neribotai smagiai \u017eaisti ir mokytis.<\/p>\n<p>Gyv\u016bnai bus puikus pasiteisinimas \u017eaisti kartu su savo vaiku. \u017daidimo metu jis ugdys bendravimo ir bendradarbiavimo \u012fg\u016bd\u017eius.<\/p>\n<p>Sukurkite \u012fvairias matematines veiklas ir galvos\u016bkius \u2013 taip pa\u017eindinsite vaik\u0105 su skai\u010di\u0173 magija.<\/p>\n<p>\u012evairios spalvotos fig\u016br\u0117l\u0117s padarys matematikos mokym\u0105si tikru malonumu, o vaikas nor\u0117s gilinti savo \u017einias apie pasaul\u012f.<\/p>\n<p>\u017daidimas skatins vaizduot\u0119, k\u016brybing\u0105 ir ne\u012fprast\u0105 m\u0105stym\u0105 bei puikiai pl\u0117tos ma\u017eiausi\u0173j\u0173 motorik\u0105 pagal Montessori metodikas.<\/p>\n<p>Be to, \u017eaidimas taps puikiu nuotykiu, per kur\u012f vaikas praktikuos koncentracij\u0105 ir kantryb\u0119, i\u0161moks j\u016br\u0173 b\u016btybi\u0173 pavadinimus.<\/p>\n<p>Sodrios spalvos ir originali forma patrauks kiekvieno vaiko d\u0117mes\u012f ir skatins u\u017esiimti.<\/p>\n<p><strong>Rinkinio turinys:<\/strong><\/p>\n<ul>\n<li>6 puodeliai,<\/li>\n<li>2 \u017enypl\u0117s,<\/li>\n<li>36 transporto priemon\u0117s<\/li>\n<\/ul>\n<p>Med\u017eiaga: plastmas\u0117<\/p>\n<p><strong>Matmenys:<\/strong><\/p>\n<ul>\n<li>Puodelis (skersmuo x auk\u0161tis): 8 cm x 4 cm<\/li>\n<li>\u017dnypli\u0173 ilgis 9,5 cm<\/li>\n<li>Laivas: 3,5 cm x 3 cm x 1 cm<\/li>\n<\/ul>\n","protected":false},"excerpt":{"rendered":"<p>Spalvotos transporto priemon\u0117s u\u017ekariavo kiekvieno ma\u017eylio \u0161ird\u012f ir skatina tyrin\u0117ti skai\u010di\u0173 ir kit\u0173 lavinam\u0173j\u0173 veikl\u0173 pasaul\u012f. \u012evair\u016bs \u017eaidimo b\u016bdai leis kiekvienam vaikui rasti ka\u017ek\u0105 savo. Puikus rinkinys, kuris \u017eavi ir moko! Jaunasis \u017eaid\u0117jas gal\u0117s: Skai\u010diuoti Derinti spalvas Pa\u017einti skirtingas transporto priemones Daugyb\u0117 element\u0173 suteikia galimyb\u0119 neribotai smagiai \u017eaisti ir mokytis. Gyv\u016bnai bus puikus pasiteisinimas \u017eaisti<\/p>\n<div class=\"more-link\">\n\t\t\t\t <a href=\"https:\/\/elfuratas.lt\/index.php\/product\/transportas-rusiavimo-zaidimas\/\" class=\"link-btn\"><span>Skaityti toliau <\/span> <i class=\"icofont-thin-double-right\"><\/i><\/a>\n\t\t\t<\/div>\n","protected":false},"featured_media":559,"template":"","meta":[],"product_brand":[],"product_cat":[61],"product_tag":[63],"class_list":{"0":"post-553","1":"product","2":"type-product","3":"status-publish","4":"has-post-thumbnail","6":"product_cat-rusiavimo-zaidimai","7":"product_tag-transportas","9":"first","10":"outofstock","11":"taxable","12":"shipping-taxable","13":"purchasable","14":"product-type-simple"},"_links":{"self":[{"href":"https:\/\/elfuratas.lt\/index.php\/wp-json\/wp\/v2\/product\/553","targetHints":{"allow":["GET"]}}],"collection":[{"href":"https:\/\/elfuratas.lt\/index.php\/wp-json\/wp\/v2\/product"}],"about":[{"href":"https:\/\/elfuratas.lt\/index.php\/wp-json\/wp\/v2\/types\/product"}],"wp:featuredmedia":[{"embeddable":true,"href":"https:\/\/elfuratas.lt\/index.php\/wp-json\/wp\/v2\/media\/559"}],"wp:attachment":[{"href":"https:\/\/elfuratas.lt\/index.php\/wp-json\/wp\/v2\/media?parent=553"}],"wp:term":[{"taxonomy":"product_brand","embeddable":true,"href":"https:\/\/elfuratas.lt\/index.php\/wp-json\/wp\/v2\/product_brand?post=553"},{"taxonomy":"product_cat","embeddable":true,"href":"https:\/\/elfuratas.lt\/index.php\/wp-json\/wp\/v2\/product_cat?post=553"},{"taxonomy":"product_tag","embeddable":true,"href":"https:\/\/elfuratas.lt\/index.php\/wp-json\/wp\/v2\/product_tag?post=553"}],"curies":[{"name":"wp","href":"https:\/\/api.w.org\/{rel}","templated":true}]}}