{"id":524,"date":"2023-10-27T15:54:16","date_gmt":"2023-10-27T12:54:16","guid":{"rendered":"https:\/\/elfuratas.lt\/?post_type=product&#038;p=524"},"modified":"2025-02-11T01:36:55","modified_gmt":"2025-02-10T22:36:55","slug":"spalvoti-varztai-ir-verzles","status":"publish","type":"product","link":"https:\/\/elfuratas.lt\/index.php\/product\/spalvoti-varztai-ir-verzles\/","title":{"rendered":"Spalvoti var\u017etai ir ver\u017el\u0117s"},"content":{"rendered":"<p>Smagus u\u017esi\u0117mimas sukioti var\u017etukus ir ve\u017eles. Siekiant, kad tai neb\u016bt\u0173 tik laiko u\u017e\u0117mimas, bet suteikt\u0173 naudos &#8211; galima juos r\u016b\u0161iuoti pagal formas ir spalvas. Skai\u010diuoti, o gal panaudoti kartu ir su kitais \u017eaislais bei \u017eaidimais. 30 dali\u0173 rinkinys yra optimalus pasirinkimas norintiems pakankamai daug veiklos, bet ne per daug tvarkytis pa\u017eaidus!<\/p>\n<p>&nbsp;<\/p>\n","protected":false},"excerpt":{"rendered":"<p>Fantasti\u0161kas spalvot\u0173 var\u017et\u0173 ir ver\u017eli\u0173 rinkinys!<\/p>\n","protected":false},"featured_media":526,"template":"","meta":[],"product_brand":[],"product_cat":[57],"product_tag":[60,58,59],"class_list":{"0":"post-524","1":"product","2":"type-product","3":"status-publish","4":"has-post-thumbnail","6":"product_cat-konstravimui","7":"product_tag-spalvotas-konstruktorius","8":"product_tag-varztai","9":"product_tag-verzles","11":"first","12":"instock","13":"taxable","14":"shipping-taxable","15":"purchasable","16":"product-type-simple"},"_links":{"self":[{"href":"https:\/\/elfuratas.lt\/index.php\/wp-json\/wp\/v2\/product\/524","targetHints":{"allow":["GET"]}}],"collection":[{"href":"https:\/\/elfuratas.lt\/index.php\/wp-json\/wp\/v2\/product"}],"about":[{"href":"https:\/\/elfuratas.lt\/index.php\/wp-json\/wp\/v2\/types\/product"}],"wp:featuredmedia":[{"embeddable":true,"href":"https:\/\/elfuratas.lt\/index.php\/wp-json\/wp\/v2\/media\/526"}],"wp:attachment":[{"href":"https:\/\/elfuratas.lt\/index.php\/wp-json\/wp\/v2\/media?parent=524"}],"wp:term":[{"taxonomy":"product_brand","embeddable":true,"href":"https:\/\/elfuratas.lt\/index.php\/wp-json\/wp\/v2\/product_brand?post=524"},{"taxonomy":"product_cat","embeddable":true,"href":"https:\/\/elfuratas.lt\/index.php\/wp-json\/wp\/v2\/product_cat?post=524"},{"taxonomy":"product_tag","embeddable":true,"href":"https:\/\/elfuratas.lt\/index.php\/wp-json\/wp\/v2\/product_tag?post=524"}],"curies":[{"name":"wp","href":"https:\/\/api.w.org\/{rel}","templated":true}]}}