{"id":49,"date":"2023-07-03T21:15:16","date_gmt":"2023-07-03T18:15:16","guid":{"rendered":"https:\/\/elfuratas.lt\/?post_type=product&#038;p=49"},"modified":"2023-11-27T00:44:32","modified_gmt":"2023-11-26T21:44:32","slug":"piesimo-lentele-xl-85","status":"publish","type":"product","link":"https:\/\/elfuratas.lt\/index.php\/product\/piesimo-lentele-xl-85\/","title":{"rendered":"Pie\u0161imo lentel\u0117 XL (8,5&#8243;)"},"content":{"rendered":"<p>Didel\u0117 ir patogi pie\u0161imo plan\u0161et\u0117, kuri gali b\u016bti ir kaip papildoma priemon\u0117 ruo\u0161iant nam\u0173 darbus, pavyzd\u017eiui, susi\u017eym\u0117ti atliktas u\u017eduotis, atlikti matematinius skai\u010diavimus ar pan.<\/p>\n<p>Tai leis suma\u017einti popieriaus atliekas, kadangi nereikia nieko i\u0161mesti &#8211; vos vieno mygtuko paspaudimu ekranas v\u0117l kaip naujas.<\/p>\n<p>Skirtingai nei naudojantis kompiuteriu, i\u0161maniuoju telefonu ar plan\u0161etiniu kompiuteriu nevarginamos akys, nes \u0161i pie\u0161imo plan\u0161et\u0117 nenaudoja \u0161viesos \u0161altinio ir tai n\u0117ra ekranas.<\/p>\n<p>Tinka vaikams nuo 3 met\u0173 am\u017eiaus. Naudojama CR 2025 baterija (pridedama). Komplekte yra ra\u0161iklis.<\/p>\n","protected":false},"excerpt":{"rendered":"<p>Pabodo kalnai popieri\u0173 namuose? Laikas u\u017era\u0161ams ar skai\u010diavimams naudoti patogi\u0105 pie\u0161imo plan\u0161et\u0119!<\/p>\n","protected":false},"featured_media":51,"template":"","meta":[],"product_brand":[],"product_cat":[22],"product_tag":[23],"class_list":{"0":"post-49","1":"product","2":"type-product","3":"status-publish","4":"has-post-thumbnail","6":"product_cat-dailei-piesimui","7":"product_tag-piesimo-plansete","9":"first","10":"outofstock","11":"taxable","12":"shipping-taxable","13":"purchasable","14":"product-type-simple"},"_links":{"self":[{"href":"https:\/\/elfuratas.lt\/index.php\/wp-json\/wp\/v2\/product\/49","targetHints":{"allow":["GET"]}}],"collection":[{"href":"https:\/\/elfuratas.lt\/index.php\/wp-json\/wp\/v2\/product"}],"about":[{"href":"https:\/\/elfuratas.lt\/index.php\/wp-json\/wp\/v2\/types\/product"}],"wp:featuredmedia":[{"embeddable":true,"href":"https:\/\/elfuratas.lt\/index.php\/wp-json\/wp\/v2\/media\/51"}],"wp:attachment":[{"href":"https:\/\/elfuratas.lt\/index.php\/wp-json\/wp\/v2\/media?parent=49"}],"wp:term":[{"taxonomy":"product_brand","embeddable":true,"href":"https:\/\/elfuratas.lt\/index.php\/wp-json\/wp\/v2\/product_brand?post=49"},{"taxonomy":"product_cat","embeddable":true,"href":"https:\/\/elfuratas.lt\/index.php\/wp-json\/wp\/v2\/product_cat?post=49"},{"taxonomy":"product_tag","embeddable":true,"href":"https:\/\/elfuratas.lt\/index.php\/wp-json\/wp\/v2\/product_tag?post=49"}],"curies":[{"name":"wp","href":"https:\/\/api.w.org\/{rel}","templated":true}]}}