{"id":466,"date":"2023-08-24T22:50:19","date_gmt":"2023-08-24T19:50:19","guid":{"rendered":"https:\/\/elfuratas.lt\/?post_type=product&#038;p=466"},"modified":"2024-05-03T08:11:14","modified_gmt":"2024-05-03T05:11:14","slug":"atlieku-rusiavimo-zaidimas","status":"publish","type":"product","link":"https:\/\/elfuratas.lt\/index.php\/product\/atlieku-rusiavimo-zaidimas\/","title":{"rendered":"Atliek\u0173 r\u016b\u0161iavimo \u017eaidimas"},"content":{"rendered":"<p>Ekologija ir tinkamas atliek\u0173 r\u016b\u0161iavimas \u0161iandienos pasaulyje yra labai svarb\u016bs, tod\u0117l apie r\u016b\u0161iavim\u0105 \u017einoti reik\u0117t\u0173 kuo anks\u010diau. Taip susiformuoja tinkami \u012fg\u016bd\u017eiai, labiau tausojama gamta.<\/p>\n<p>\u0160is \u017eaidimas susideda i\u0161 4 skirting\u0173 \u017eaislini\u0173 konteineri\u0173 ir 112 korteli\u0173 su \u012fvairiomis atliekomis. Reikia jas sur\u016b\u0161iuoti ir sud\u0117ti \u012f atitinkamus konteinerius.<\/p>\n<p>Galima \u017eaisti vienam, su draugais, rengti var\u017eybas.<\/p>\n<p>Tai puiki edukacin\u0117 priemon\u0117 ne tik namuose, bet ir dar\u017eeliuose, mokyklose, vaik\u0173 stovyklose.<\/p>\n<p>\u017daidimo kortel\u0117s angl\u0173 kalba.<\/p>\n","protected":false},"excerpt":{"rendered":"<p>Ar mokate r\u016b\u0161iuoti atliekas? Su \u0161iuo \u017eaidimu gal\u0117site patikrinti savo \u017einias!<\/p>\n","protected":false},"featured_media":467,"template":"","meta":[],"product_brand":[],"product_cat":[32,48],"product_tag":[],"class_list":{"0":"post-466","1":"product","2":"type-product","3":"status-publish","4":"has-post-thumbnail","6":"product_cat-ivairus-zaislai","7":"product_cat-mokymo-priemones","9":"first","10":"outofstock","11":"taxable","12":"shipping-taxable","13":"purchasable","14":"product-type-simple"},"_links":{"self":[{"href":"https:\/\/elfuratas.lt\/index.php\/wp-json\/wp\/v2\/product\/466","targetHints":{"allow":["GET"]}}],"collection":[{"href":"https:\/\/elfuratas.lt\/index.php\/wp-json\/wp\/v2\/product"}],"about":[{"href":"https:\/\/elfuratas.lt\/index.php\/wp-json\/wp\/v2\/types\/product"}],"wp:featuredmedia":[{"embeddable":true,"href":"https:\/\/elfuratas.lt\/index.php\/wp-json\/wp\/v2\/media\/467"}],"wp:attachment":[{"href":"https:\/\/elfuratas.lt\/index.php\/wp-json\/wp\/v2\/media?parent=466"}],"wp:term":[{"taxonomy":"product_brand","embeddable":true,"href":"https:\/\/elfuratas.lt\/index.php\/wp-json\/wp\/v2\/product_brand?post=466"},{"taxonomy":"product_cat","embeddable":true,"href":"https:\/\/elfuratas.lt\/index.php\/wp-json\/wp\/v2\/product_cat?post=466"},{"taxonomy":"product_tag","embeddable":true,"href":"https:\/\/elfuratas.lt\/index.php\/wp-json\/wp\/v2\/product_tag?post=466"}],"curies":[{"name":"wp","href":"https:\/\/api.w.org\/{rel}","templated":true}]}}