{"id":461,"date":"2023-08-24T22:41:37","date_gmt":"2023-08-24T19:41:37","guid":{"rendered":"https:\/\/elfuratas.lt\/?post_type=product&#038;p=461"},"modified":"2023-11-29T14:41:05","modified_gmt":"2023-11-29T11:41:05","slug":"laikrodzio-pazinimo-rinkinys","status":"publish","type":"product","link":"https:\/\/elfuratas.lt\/index.php\/product\/laikrodzio-pazinimo-rinkinys\/","title":{"rendered":"Laikrod\u017eio pa\u017einimo rinkinys"},"content":{"rendered":"<p>Mokytis laik\u0105 galima \u012fdomiai ir smagiai su magnetiniu laiko ir laikrod\u017eio pa\u017einimo rinkiniu. Skaitmeninis ir mechaninis laikrod\u017eiai, skai\u010diai, pagaliukai &#8211; priemoni\u0173 daug ir \u012fvairi\u0173. Puikiai tinka tiek prie\u0161mokyklinukams, tiek pradinukams.<\/p>\n<p>Rinkinyje yra:<\/p>\n<ul>\n<li>50 medini\u0173 spalvot\u0173 pagaliuk\u0173<\/li>\n<li>4 rodykl\u0117s<\/li>\n<li>28 kortel\u0117s su skai\u010diais ir matematiniais veiksmais<\/li>\n<li>Metalin\u0117 d\u0117\u017eut\u0117<\/li>\n<\/ul>\n<p>Dydis patogus kelion\u0117se!<\/p>\n","protected":false},"excerpt":{"rendered":"<p>I\u0161mokti valandas bus lengva ir smagu!<\/p>\n","protected":false},"featured_media":462,"template":"","meta":[],"product_brand":[],"product_cat":[48],"product_tag":[],"class_list":{"0":"post-461","1":"product","2":"type-product","3":"status-publish","4":"has-post-thumbnail","6":"product_cat-mokymo-priemones","8":"first","9":"instock","10":"taxable","11":"shipping-taxable","12":"purchasable","13":"product-type-simple"},"_links":{"self":[{"href":"https:\/\/elfuratas.lt\/index.php\/wp-json\/wp\/v2\/product\/461","targetHints":{"allow":["GET"]}}],"collection":[{"href":"https:\/\/elfuratas.lt\/index.php\/wp-json\/wp\/v2\/product"}],"about":[{"href":"https:\/\/elfuratas.lt\/index.php\/wp-json\/wp\/v2\/types\/product"}],"wp:featuredmedia":[{"embeddable":true,"href":"https:\/\/elfuratas.lt\/index.php\/wp-json\/wp\/v2\/media\/462"}],"wp:attachment":[{"href":"https:\/\/elfuratas.lt\/index.php\/wp-json\/wp\/v2\/media?parent=461"}],"wp:term":[{"taxonomy":"product_brand","embeddable":true,"href":"https:\/\/elfuratas.lt\/index.php\/wp-json\/wp\/v2\/product_brand?post=461"},{"taxonomy":"product_cat","embeddable":true,"href":"https:\/\/elfuratas.lt\/index.php\/wp-json\/wp\/v2\/product_cat?post=461"},{"taxonomy":"product_tag","embeddable":true,"href":"https:\/\/elfuratas.lt\/index.php\/wp-json\/wp\/v2\/product_tag?post=461"}],"curies":[{"name":"wp","href":"https:\/\/api.w.org\/{rel}","templated":true}]}}