{"id":454,"date":"2023-08-24T22:20:06","date_gmt":"2023-08-24T19:20:06","guid":{"rendered":"https:\/\/elfuratas.lt\/?post_type=product&#038;p=454"},"modified":"2023-08-25T14:59:34","modified_gmt":"2023-08-25T11:59:34","slug":"delione-zaidimas-medis","status":"publish","type":"product","link":"https:\/\/elfuratas.lt\/index.php\/product\/delione-zaidimas-medis\/","title":{"rendered":"D\u0117lion\u0117-\u017eaidimas \u201eMedis\u201c"},"content":{"rendered":"<p>Susid\u0117lioti sau \u017eaidim\u0105 &#8211; kod\u0117l gi ne! Sud\u0117liokite i\u0161 atskir\u0173 medini\u0173 detali\u0173 med\u012f, kurio vir\u0161\u016bn\u0117je paleiskite rutuliuk\u0105 ir tegul jis leid\u017eiasi \u017eemyn.<\/p>\n<p>Med\u017eio lapeliai yra skirting\u0173 spalv\u0173, tod\u0117l galima sud\u0117lioti \u012fvairius medelius ir kas kart\u0105 tur\u0117ti vis kitok\u012f!<\/p>\n<p>Lavina koncentracij\u0105, d\u0117mesio i\u0161laikym\u0105, kruop\u0161tum\u0105.<\/p>\n<p>Pagrindo dydis 8 x 8 cm<\/p>\n<p>Med\u017eio auk\u0161tis sud\u0117jus &#8211; 21 cm<\/p>\n","protected":false},"excerpt":{"rendered":"<p>Susid\u0117liokite \u017eaidim\u0105 sau patys! Gra\u017eus medis ir nuo lap\u0173 \u0161okin\u0117jantys kamuoliukai pritrauks d\u0117mes\u012f.<\/p>\n","protected":false},"featured_media":457,"template":"","meta":[],"product_brand":[],"product_cat":[24,25],"product_tag":[],"class_list":{"0":"post-454","1":"product","2":"type-product","3":"status-publish","4":"has-post-thumbnail","6":"product_cat-deliones","7":"product_cat-mediniai-zaislai","9":"first","10":"instock","11":"taxable","12":"shipping-taxable","13":"purchasable","14":"product-type-simple"},"_links":{"self":[{"href":"https:\/\/elfuratas.lt\/index.php\/wp-json\/wp\/v2\/product\/454","targetHints":{"allow":["GET"]}}],"collection":[{"href":"https:\/\/elfuratas.lt\/index.php\/wp-json\/wp\/v2\/product"}],"about":[{"href":"https:\/\/elfuratas.lt\/index.php\/wp-json\/wp\/v2\/types\/product"}],"wp:featuredmedia":[{"embeddable":true,"href":"https:\/\/elfuratas.lt\/index.php\/wp-json\/wp\/v2\/media\/457"}],"wp:attachment":[{"href":"https:\/\/elfuratas.lt\/index.php\/wp-json\/wp\/v2\/media?parent=454"}],"wp:term":[{"taxonomy":"product_brand","embeddable":true,"href":"https:\/\/elfuratas.lt\/index.php\/wp-json\/wp\/v2\/product_brand?post=454"},{"taxonomy":"product_cat","embeddable":true,"href":"https:\/\/elfuratas.lt\/index.php\/wp-json\/wp\/v2\/product_cat?post=454"},{"taxonomy":"product_tag","embeddable":true,"href":"https:\/\/elfuratas.lt\/index.php\/wp-json\/wp\/v2\/product_tag?post=454"}],"curies":[{"name":"wp","href":"https:\/\/api.w.org\/{rel}","templated":true}]}}