{"id":449,"date":"2023-08-24T22:06:58","date_gmt":"2023-08-24T19:06:58","guid":{"rendered":"https:\/\/elfuratas.lt\/?post_type=product&#038;p=449"},"modified":"2023-09-03T10:54:04","modified_gmt":"2023-09-03T07:54:04","slug":"vaiksciojimo-zaidimas-su-platformomis","status":"publish","type":"product","link":"https:\/\/elfuratas.lt\/index.php\/product\/vaiksciojimo-zaidimas-su-platformomis\/","title":{"rendered":"Vaik\u0161\u010diojimo \u017eaidimas su platformomis"},"content":{"rendered":"<p>Vaik\u0161\u010dioti n\u0117ra sunku, bet tai daryti ant plastikini\u0173 platform\u0173 gali b\u016bti nemenku i\u0161\u0161\u016bkiu J\u016bs\u0173 vaikams!<\/p>\n<p>Komplekte dvi poros skirting\u0173 spalv\u0173 platform\u0173, tad surenkite estafet\u0119 ar konkurs\u0105 &#8211; kas pirmas ar kas ma\u017eiau kart\u0173 nukris.<\/p>\n<p>D\u017eiaugsmo, pergal\u0117s ir be galo daug aktyvumo sukuriantis paprastas \u017eaidimas puikiai tiks \u012fvairioms \u0161vent\u0117ms.<\/p>\n","protected":false},"excerpt":{"rendered":"<p>I\u0161stov\u0117ti ant koj\u0173 gali b\u016bti ne taip ir lengva. O jei dar greitai eiti? Pam\u0117ginkite &#8211; bus smagu!<\/p>\n","protected":false},"featured_media":453,"template":"","meta":[],"product_brand":[],"product_cat":[34],"product_tag":[],"class_list":{"0":"post-449","1":"product","2":"type-product","3":"status-publish","4":"has-post-thumbnail","6":"product_cat-aktyvumui","8":"first","9":"instock","10":"taxable","11":"shipping-taxable","12":"purchasable","13":"product-type-simple"},"_links":{"self":[{"href":"https:\/\/elfuratas.lt\/index.php\/wp-json\/wp\/v2\/product\/449","targetHints":{"allow":["GET"]}}],"collection":[{"href":"https:\/\/elfuratas.lt\/index.php\/wp-json\/wp\/v2\/product"}],"about":[{"href":"https:\/\/elfuratas.lt\/index.php\/wp-json\/wp\/v2\/types\/product"}],"wp:featuredmedia":[{"embeddable":true,"href":"https:\/\/elfuratas.lt\/index.php\/wp-json\/wp\/v2\/media\/453"}],"wp:attachment":[{"href":"https:\/\/elfuratas.lt\/index.php\/wp-json\/wp\/v2\/media?parent=449"}],"wp:term":[{"taxonomy":"product_brand","embeddable":true,"href":"https:\/\/elfuratas.lt\/index.php\/wp-json\/wp\/v2\/product_brand?post=449"},{"taxonomy":"product_cat","embeddable":true,"href":"https:\/\/elfuratas.lt\/index.php\/wp-json\/wp\/v2\/product_cat?post=449"},{"taxonomy":"product_tag","embeddable":true,"href":"https:\/\/elfuratas.lt\/index.php\/wp-json\/wp\/v2\/product_tag?post=449"}],"curies":[{"name":"wp","href":"https:\/\/api.w.org\/{rel}","templated":true}]}}