{"id":444,"date":"2023-08-24T21:30:04","date_gmt":"2023-08-24T18:30:04","guid":{"rendered":"https:\/\/elfuratas.lt\/?post_type=product&#038;p=444"},"modified":"2023-08-30T18:45:53","modified_gmt":"2023-08-30T15:45:53","slug":"svarstykliu-zaidimas-bezdzioneles","status":"publish","type":"product","link":"https:\/\/elfuratas.lt\/index.php\/product\/svarstykliu-zaidimas-bezdzioneles\/","title":{"rendered":"Svarstykli\u0173 \u017eaidimas \u201eBe\u017ed\u017eion\u0117l\u0117s\u201c"},"content":{"rendered":"<p>Linksma be\u017ed\u017eion\u0117l\u0117 su balansin\u0117mis svarstykl\u0117mis pad\u0117s mokytis apie svor\u012f ir skai\u010dius. \u012evairios formos, kaip panaudoti \u0161\u012f \u017eaidim\u0105, bet garantuojame &#8211; tai tikrai padeda pa\u017einti skai\u010dius, matematines savybes, svor\u012f.<\/p>\n<p>Skai\u010diai sveria tiek pat kiek atitinkamas kiekis be\u017ed\u017eion\u0117li\u0173, pvz., skai\u010dius penki svers tiek, kiek penkios be\u017ed\u017eion\u0117l\u0117s.<\/p>\n<p>Komplekte rasite:<\/p>\n<ul>\n<li>19 be\u017ed\u017eion\u0117li\u0173<\/li>\n<li>10 skai\u010di\u0173<\/li>\n<li>30 korteli\u0173 su matematiniais veiksmais<\/li>\n<\/ul>\n<p>&nbsp;<\/p>\n","protected":false},"excerpt":{"rendered":"<p>Mokytis apie kiek\u012f gali b\u016bti smagu su \u0161iomis linksmomis be\u017ed\u017eioni\u0161komis svarstykl\u0117mis!<\/p>\n","protected":false},"featured_media":448,"template":"","meta":[],"product_brand":[],"product_cat":[32],"product_tag":[],"class_list":{"0":"post-444","1":"product","2":"type-product","3":"status-publish","4":"has-post-thumbnail","6":"product_cat-ivairus-zaislai","8":"first","9":"instock","10":"taxable","11":"shipping-taxable","12":"purchasable","13":"product-type-simple"},"_links":{"self":[{"href":"https:\/\/elfuratas.lt\/index.php\/wp-json\/wp\/v2\/product\/444","targetHints":{"allow":["GET"]}}],"collection":[{"href":"https:\/\/elfuratas.lt\/index.php\/wp-json\/wp\/v2\/product"}],"about":[{"href":"https:\/\/elfuratas.lt\/index.php\/wp-json\/wp\/v2\/types\/product"}],"wp:featuredmedia":[{"embeddable":true,"href":"https:\/\/elfuratas.lt\/index.php\/wp-json\/wp\/v2\/media\/448"}],"wp:attachment":[{"href":"https:\/\/elfuratas.lt\/index.php\/wp-json\/wp\/v2\/media?parent=444"}],"wp:term":[{"taxonomy":"product_brand","embeddable":true,"href":"https:\/\/elfuratas.lt\/index.php\/wp-json\/wp\/v2\/product_brand?post=444"},{"taxonomy":"product_cat","embeddable":true,"href":"https:\/\/elfuratas.lt\/index.php\/wp-json\/wp\/v2\/product_cat?post=444"},{"taxonomy":"product_tag","embeddable":true,"href":"https:\/\/elfuratas.lt\/index.php\/wp-json\/wp\/v2\/product_tag?post=444"}],"curies":[{"name":"wp","href":"https:\/\/api.w.org\/{rel}","templated":true}]}}